{"id":6,"date":"2022-09-12T13:18:06","date_gmt":"2022-09-12T11:18:06","guid":{"rendered":"https:\/\/www.pornoseiten.de.com\/cam2cam-sex\/?page_id=6"},"modified":"2026-04-10T15:48:08","modified_gmt":"2026-04-10T13:48:08","slug":"startseite-cam2cam-sex","status":"publish","type":"page","link":"https:\/\/www.pornoseiten.de.com\/cam2cam-sex\/","title":{"rendered":"Cam2Cam Sex Angebote"},"content":{"rendered":"<h2>Die besten Cam2Cam Sex Seiten f\u00fcr interaktiven Livesex<\/h2>\n<p>Hier findest du nur die absoluten Top Pornoseiten f\u00fcr Cam2Cam Live Sex mit hei\u00dfen deutschsprachigen Frauen. Der Zugang zu allen Camsex Communities mit Cam to Cam ist gratis.<\/p>\n<hr>\n<p><!-- Tipps --><\/p>\n<div id=\"empfehlungen\">\n<h3>Live Cam2Cam onanieren<\/h3>\n<p><a href=\"https:\/\/www.cam2cam-wichsen.com\/\"><img loading=\"lazy\" decoding=\"async\" class=\"alignleft\" src=\"\/screenshots\/cam2cam-wichsen-com.jpg\" alt=\"https:\/\/www.cam2cam-wichsen.com\/\" width=\"230\" height=\"140\" class=\"alignleft size-full\" \/><\/a><\/p>\n<p class=\"desc\"><span class=\"url\">https:\/\/www.cam2cam-wichsen.com\/<\/span> <br \/> Spritze live mit Frauen ab, denn hier kannst du Cam2Cam mit geilen Camgirls wichsen! Es gibt eine kostenlose Mitgliedschaft sowie einen anonymen Zugang per Telefon!<\/p>\n<h3>Cam to Cam Sex Chat<\/h3>\n<p><a href=\"https:\/\/www.camtocam-sex.net\/\"><img loading=\"lazy\" decoding=\"async\" class=\"alignleft\" src=\"\/screenshots\/camtocam-sex-net.jpg\" alt=\"https:\/\/www.camtocam-sex.net\/\" width=\"230\" height=\"140\" class=\"alignleft size-full\" \/><\/a><\/p>\n<p class=\"desc\"><span class=\"url\">https:\/\/www.camtocam-sex.net\/<\/span> <br \/> Lass dich von geilen Camchat Girls wie Lia Fox, Nele Sweet, Tight Tini oder Steffi Blond und vielen weiteren Frauen beim Livesex verf\u00fchren, bis dir der Saft ausgeht. Absolute Top Empfehlung!<\/p>\n<h3>Amateur Cams mit Cam2Cam<\/h3>\n<p><a href=\"https:\/\/www.amateure-cam2cam.com\/\"><img loading=\"lazy\" decoding=\"async\" class=\"alignleft\" src=\"\/screenshots\/amateure-cam2cam-com.jpg\" alt=\"https:\/\/www.amateure-cam2cam.com\/\" width=\"230\" height=\"140\" class=\"alignleft size-full\" \/><\/a><\/p>\n<p class=\"desc\"><span class=\"url\">https:\/\/www.amateure-cam2cam.com\/<\/span> <br \/> Hier kannst du mit deutschsprachigen Amateur Camgirls rund um die Uhr Cam2Cam wichsen, flirten, dich verabreden. Ob geile Hausfrau, MILF oder junges Camgirl &#8211; sieh nach, wer gerade online ist.<\/p>\n<h3>Cam2Cam rocks!<\/h3>\n<p><a href=\"https:\/\/www.cam2cam.rocks\/\"><img loading=\"lazy\" decoding=\"async\" class=\"alignleft\" src=\"\/screenshots\/cam2cam-rocks.jpg\" alt=\"https:\/\/www.cam2cam.rocks\/\" width=\"230\" height=\"140\" class=\"alignleft size-full\" \/><\/a><\/p>\n<p class=\"desc\"><span class=\"url\">https:\/\/www.cam2cam.rocks\/<\/span> <br \/> Hier ist der Name Programm &#8211; Cam2Cam Sex mit hei\u00dfen Br\u00e4uten. Annekehot, Bonnie Stylez oder FoxyRock  und viele weitere Camgirls werden dir im Cam2Cam Sex Chat den Schwanz leer rocken. Komm rein und spritz heftig ab!<\/p>\n<h3>Internationale Camgirls<\/h3>\n<p><a href=\"https:\/\/cam2cam-sex.cam\/\"><img loading=\"lazy\" decoding=\"async\" class=\"alignleft\" src=\"\/screenshots\/cam2cam-sex-cam.jpg\" alt=\"https:\/\/cam2cam-sex.cam\/\" width=\"230\" height=\"140\" class=\"alignleft size-full\" \/><\/a><\/p>\n<p class=\"desc\"><span class=\"url\">https:\/\/cam2cam-sex.cam\/<\/span> <br \/> Auf dieser Seite warten richtig hei\u00dfe Frauen nackt im Camchat. Wenn du mal so richtig geilen Cam2Cam Live Sex erleben willst, dann schnappe dir dort die 25 kostenlosen Credits und chatte mit internationalen Camgirls!<\/p>\n<h3>MILF Livesex Cam2Cam<\/h3>\n<p><a href=\"https:\/\/www.cam2cam-livesex.net\/CAMS\/DE\/Verzeichnis\/milf_1.html\"><img loading=\"lazy\" decoding=\"async\" class=\"alignleft\" src=\"\/screenshots\/cam2cam-livesex-net.jpg\" alt=\"https:\/\/www.cam2cam-livesex.net\/CAMS\/DE\/Verzeichnis\/milf_1.html\" width=\"230\" height=\"140\" class=\"alignleft size-full\" \/><\/a><\/p>\n<p class=\"desc\"><span class=\"url\">https:\/\/www.cam2cam-livesex.net\/milf\/<\/span> <br \/> Erlebe Cam2Cam Livesex mit reifen und attraktiven MILFs. Genie\u00dfe intime Momente in Echtzeit und erf\u00fclle Dir Deine erotischen Fantasien mit einer hei\u00dfen MILF. Garantiert erotisch und aufregend!<\/p>\n<h3>BDSM Domina Chat mit Cam to Cam<\/h3>\n<p><a href=\"https:\/\/www.bdsm-live.cam\/\"><img loading=\"lazy\" decoding=\"async\" class=\"alignleft\" src=\"\/screenshots\/bdsm-live-cam.jpg\" alt=\"https:\/\/www.bdsm-live.cam\/\" width=\"230\" height=\"140\" class=\"alignleft size-full\" \/><\/a><\/p>\n<p class=\"desc\"><span class=\"url\">https:\/\/www.bdsm-live.cam\/<\/span> <br \/> Triff deine Herrin live vor der Cam und lasse dich zum Sklaven erziehen. Mit der CamtoCam Funktion kann die Domina deine Handlungen \u00fcberpr\u00fcfen und dir Anweisungen geben. Genie\u00dfe die v\u00f6llige Unterwerfung mit den Live BDSM Cams.<\/p>\n<p><!-- Tipps Ende -->\n<\/div>\n<hr>\n<h2>Top Cam 2 Cam Sexchat mit Frauen in deutscher Sprache<\/h2>\n<p>Hier in der Rubrik Cam2Cam Sex im Pornoseiten Verzeichnis stellen wir dir nur die besten Seiten zum besagten Thema vor. Der Zugang zu all unseren Empfehlungen ist stets kostenfrei und unverbindlich. Im privaten Cam 2Cam Sexchat kannst du mit sexy Frauen aus Deutschland, \u00d6sterreich und auch aus der Schweiz ungest\u00f6rt Webcam zu Webcam wichsen, flirten oder dich auch f\u00fcr reale Sexdates verabreden.<\/p>\n<p><a href=\"https:\/\/www.camtocam-sex.net\/nelesweet\/\" rel=\"nofollow noopener\" target=\"_blank\"><img loading=\"lazy\" decoding=\"async\" src=\"https:\/\/www.pornoseiten.de.com\/images\/nele-sweet-camtocam-sex.jpg\" width=\"769\" height=\"540\" alt=\"CamtoCam mit Nele Sweet\" \/><\/a><\/p>\n<h2>Was macht den Cam2Cam Sex Chat so geil?<\/h2>\n<ul>\n<li>Chatte und wichse Cam2Cam mit geilen Frauen<\/li>\n<li>Lerne Deutschlands Amateur Sex Girls intim kennen<\/li>\n<li>1:1 mit einer hei\u00dfen Frau Cybersex erleben<\/li>\n<li>Gestalte die Cam to Cam Sex Show nach deinen Vorlieben mit<\/li>\n<li>Gewinne das Vertrauen des Camgirls f\u00fcr Sonderleistungen<\/li>\n<li>Du teilst dir das Livegirl mit niemandem<\/li>\n<\/ul>\n<h3>Verzeichnis f\u00fcr Cam2Cam Live Sex Seiten<\/h3>\n<p>Wir pr\u00e4sentieren dir hier eine redaktionell gepr\u00fcfte Auswahl der besten Webseiten rund um das Thema Cam2Cam Live Sex. Alle vorgestellten Angebote sind deutschsprachig und der \u00fcberwiegende Anteil der Camgirls die dort senden, spricht nat\u00fcrlich auch deutsch. W\u00e4hle selbst und befriedige dich ab sofort Webcam zu Webcam mit hei\u00dfen Frauen rund um die Uhr &#8211; auch mobil.<\/p>\n","protected":false},"excerpt":{"rendered":"<p>Die besten Cam2Cam Sex Seiten f\u00fcr interaktiven Livesex Hier findest du nur die absoluten Top Pornoseiten f\u00fcr Cam2Cam Live Sex mit hei\u00dfen deutschsprachigen Frauen. Der Zugang zu allen Camsex Communities&hellip;<a href=\"https:\/\/www.pornoseiten.de.com\/cam2cam-sex\/\" class=\"more-link\"><span class=\"more-button\">Continue reading<span class=\"screen-reader-text\">Cam2Cam Sex Angebote<\/span><\/span><\/a><\/p>\n","protected":false},"author":1,"featured_media":0,"parent":0,"menu_order":0,"comment_status":"closed","ping_status":"closed","template":"","meta":{"footnotes":""},"class_list":["post-6","page","type-page","status-publish","hentry"],"yoast_head":"<!-- This site is optimized with the Yoast SEO plugin v27.5 - https:\/\/yoast.com\/product\/yoast-seo-wordpress\/ -->\n<title>\u1405 Cam2Cam Sex \u2261 Beste Cam to Cam Livesex Seiten<\/title>\n<meta name=\"description\" content=\"5\/5 \u2b50 Deutsche Frauen im Cam2Cam Sex Cam Chat \u272a Top Pornoseite f\u00fcr Livesex mit Cam to Cam Feature ll\u27a4 W\u00e4hle jetzt die Beste Seite aus.\" \/>\n<meta name=\"robots\" content=\"index, follow, max-snippet:-1, max-image-preview:large, max-video-preview:-1\" \/>\n<link rel=\"canonical\" href=\"https:\/\/www.pornoseiten.de.com\/cam2cam-sex\/\" \/>\n<meta property=\"og:locale\" content=\"de_DE\" \/>\n<meta property=\"og:type\" content=\"article\" \/>\n<meta property=\"og:title\" content=\"\u1405 Cam2Cam Sex \u2261 Beste Cam to Cam Livesex Seiten\" \/>\n<meta property=\"og:description\" content=\"5\/5 \u2b50 Deutsche Frauen im Cam2Cam Sex Cam Chat \u272a Top Pornoseite f\u00fcr Livesex mit Cam to Cam Feature ll\u27a4 W\u00e4hle jetzt die Beste Seite aus.\" \/>\n<meta property=\"og:url\" content=\"https:\/\/www.pornoseiten.de.com\/cam2cam-sex\/\" \/>\n<meta property=\"og:site_name\" content=\"\u1405 Cam2Cam Sex \u2261 Beste Cam to Cam Livesex Seiten\" \/>\n<meta property=\"article:modified_time\" content=\"2026-04-10T13:48:08+00:00\" \/>\n<meta property=\"og:image\" content=\"https:\/\/www.pornoseiten.de.com\/images\/nele-sweet-camtocam-sex.jpg\" \/>\n<meta name=\"twitter:card\" content=\"summary_large_image\" \/>\n<meta name=\"twitter:label1\" content=\"Gesch\u00e4tzte Lesezeit\" \/>\n\t<meta name=\"twitter:data1\" content=\"4\u00a0Minuten\" \/>\n<script type=\"application\/ld+json\" class=\"yoast-schema-graph\">{\"@context\":\"https:\\\/\\\/schema.org\",\"@graph\":[{\"@type\":\"WebPage\",\"@id\":\"https:\\\/\\\/www.pornoseiten.de.com\\\/cam2cam-sex\\\/\",\"url\":\"https:\\\/\\\/www.pornoseiten.de.com\\\/cam2cam-sex\\\/\",\"name\":\"\u1405 Cam2Cam Sex \u2261 Beste Cam to Cam Livesex Seiten\",\"isPartOf\":{\"@id\":\"https:\\\/\\\/www.pornoseiten.de.com\\\/cam2cam-sex\\\/#website\"},\"primaryImageOfPage\":{\"@id\":\"https:\\\/\\\/www.pornoseiten.de.com\\\/cam2cam-sex\\\/#primaryimage\"},\"image\":{\"@id\":\"https:\\\/\\\/www.pornoseiten.de.com\\\/cam2cam-sex\\\/#primaryimage\"},\"thumbnailUrl\":\"https:\\\/\\\/www.pornoseiten.de.com\\\/images\\\/nele-sweet-camtocam-sex.jpg\",\"datePublished\":\"2022-09-12T11:18:06+00:00\",\"dateModified\":\"2026-04-10T13:48:08+00:00\",\"description\":\"5\\\/5 \u2b50 Deutsche Frauen im Cam2Cam Sex Cam Chat \u272a Top Pornoseite f\u00fcr Livesex mit Cam to Cam Feature ll\u27a4 W\u00e4hle jetzt die Beste Seite aus.\",\"breadcrumb\":{\"@id\":\"https:\\\/\\\/www.pornoseiten.de.com\\\/cam2cam-sex\\\/#breadcrumb\"},\"inLanguage\":\"de\",\"potentialAction\":[{\"@type\":\"ReadAction\",\"target\":[\"https:\\\/\\\/www.pornoseiten.de.com\\\/cam2cam-sex\\\/\"]}]},{\"@type\":\"ImageObject\",\"inLanguage\":\"de\",\"@id\":\"https:\\\/\\\/www.pornoseiten.de.com\\\/cam2cam-sex\\\/#primaryimage\",\"url\":\"https:\\\/\\\/www.pornoseiten.de.com\\\/images\\\/nele-sweet-camtocam-sex.jpg\",\"contentUrl\":\"https:\\\/\\\/www.pornoseiten.de.com\\\/images\\\/nele-sweet-camtocam-sex.jpg\"},{\"@type\":\"BreadcrumbList\",\"@id\":\"https:\\\/\\\/www.pornoseiten.de.com\\\/cam2cam-sex\\\/#breadcrumb\",\"itemListElement\":[{\"@type\":\"ListItem\",\"position\":1,\"name\":\"Startseite\",\"item\":\"https:\\\/\\\/www.pornoseiten.de.com\\\/cam2cam-sex\\\/\"},{\"@type\":\"ListItem\",\"position\":2,\"name\":\"Cam2Cam Sex Angebote\"}]},{\"@type\":\"WebSite\",\"@id\":\"https:\\\/\\\/www.pornoseiten.de.com\\\/cam2cam-sex\\\/#website\",\"url\":\"https:\\\/\\\/www.pornoseiten.de.com\\\/cam2cam-sex\\\/\",\"name\":\"\u1405 Cam2Cam Sex \u2261 Beste Cam to Cam Livesex Seiten\",\"description\":\"Privater 1:1 Cam Sex mit Frauen\",\"potentialAction\":[{\"@type\":\"SearchAction\",\"target\":{\"@type\":\"EntryPoint\",\"urlTemplate\":\"https:\\\/\\\/www.pornoseiten.de.com\\\/cam2cam-sex\\\/?s={search_term_string}\"},\"query-input\":{\"@type\":\"PropertyValueSpecification\",\"valueRequired\":true,\"valueName\":\"search_term_string\"}}],\"inLanguage\":\"de\"}]}<\/script>\n<!-- \/ Yoast SEO plugin. -->","yoast_head_json":{"title":"\u1405 Cam2Cam Sex \u2261 Beste Cam to Cam Livesex Seiten","description":"5\/5 \u2b50 Deutsche Frauen im Cam2Cam Sex Cam Chat \u272a Top Pornoseite f\u00fcr Livesex mit Cam to Cam Feature ll\u27a4 W\u00e4hle jetzt die Beste Seite aus.","robots":{"index":"index","follow":"follow","max-snippet":"max-snippet:-1","max-image-preview":"max-image-preview:large","max-video-preview":"max-video-preview:-1"},"canonical":"https:\/\/www.pornoseiten.de.com\/cam2cam-sex\/","og_locale":"de_DE","og_type":"article","og_title":"\u1405 Cam2Cam Sex \u2261 Beste Cam to Cam Livesex Seiten","og_description":"5\/5 \u2b50 Deutsche Frauen im Cam2Cam Sex Cam Chat \u272a Top Pornoseite f\u00fcr Livesex mit Cam to Cam Feature ll\u27a4 W\u00e4hle jetzt die Beste Seite aus.","og_url":"https:\/\/www.pornoseiten.de.com\/cam2cam-sex\/","og_site_name":"\u1405 Cam2Cam Sex \u2261 Beste Cam to Cam Livesex Seiten","article_modified_time":"2026-04-10T13:48:08+00:00","og_image":[{"url":"https:\/\/www.pornoseiten.de.com\/images\/nele-sweet-camtocam-sex.jpg","type":"","width":"","height":""}],"twitter_card":"summary_large_image","twitter_misc":{"Gesch\u00e4tzte Lesezeit":"4\u00a0Minuten"},"schema":{"@context":"https:\/\/schema.org","@graph":[{"@type":"WebPage","@id":"https:\/\/www.pornoseiten.de.com\/cam2cam-sex\/","url":"https:\/\/www.pornoseiten.de.com\/cam2cam-sex\/","name":"\u1405 Cam2Cam Sex \u2261 Beste Cam to Cam Livesex Seiten","isPartOf":{"@id":"https:\/\/www.pornoseiten.de.com\/cam2cam-sex\/#website"},"primaryImageOfPage":{"@id":"https:\/\/www.pornoseiten.de.com\/cam2cam-sex\/#primaryimage"},"image":{"@id":"https:\/\/www.pornoseiten.de.com\/cam2cam-sex\/#primaryimage"},"thumbnailUrl":"https:\/\/www.pornoseiten.de.com\/images\/nele-sweet-camtocam-sex.jpg","datePublished":"2022-09-12T11:18:06+00:00","dateModified":"2026-04-10T13:48:08+00:00","description":"5\/5 \u2b50 Deutsche Frauen im Cam2Cam Sex Cam Chat \u272a Top Pornoseite f\u00fcr Livesex mit Cam to Cam Feature ll\u27a4 W\u00e4hle jetzt die Beste Seite aus.","breadcrumb":{"@id":"https:\/\/www.pornoseiten.de.com\/cam2cam-sex\/#breadcrumb"},"inLanguage":"de","potentialAction":[{"@type":"ReadAction","target":["https:\/\/www.pornoseiten.de.com\/cam2cam-sex\/"]}]},{"@type":"ImageObject","inLanguage":"de","@id":"https:\/\/www.pornoseiten.de.com\/cam2cam-sex\/#primaryimage","url":"https:\/\/www.pornoseiten.de.com\/images\/nele-sweet-camtocam-sex.jpg","contentUrl":"https:\/\/www.pornoseiten.de.com\/images\/nele-sweet-camtocam-sex.jpg"},{"@type":"BreadcrumbList","@id":"https:\/\/www.pornoseiten.de.com\/cam2cam-sex\/#breadcrumb","itemListElement":[{"@type":"ListItem","position":1,"name":"Startseite","item":"https:\/\/www.pornoseiten.de.com\/cam2cam-sex\/"},{"@type":"ListItem","position":2,"name":"Cam2Cam Sex Angebote"}]},{"@type":"WebSite","@id":"https:\/\/www.pornoseiten.de.com\/cam2cam-sex\/#website","url":"https:\/\/www.pornoseiten.de.com\/cam2cam-sex\/","name":"\u1405 Cam2Cam Sex \u2261 Beste Cam to Cam Livesex Seiten","description":"Privater 1:1 Cam Sex mit Frauen","potentialAction":[{"@type":"SearchAction","target":{"@type":"EntryPoint","urlTemplate":"https:\/\/www.pornoseiten.de.com\/cam2cam-sex\/?s={search_term_string}"},"query-input":{"@type":"PropertyValueSpecification","valueRequired":true,"valueName":"search_term_string"}}],"inLanguage":"de"}]}},"_links":{"self":[{"href":"https:\/\/www.pornoseiten.de.com\/cam2cam-sex\/wp-json\/wp\/v2\/pages\/6","targetHints":{"allow":["GET"]}}],"collection":[{"href":"https:\/\/www.pornoseiten.de.com\/cam2cam-sex\/wp-json\/wp\/v2\/pages"}],"about":[{"href":"https:\/\/www.pornoseiten.de.com\/cam2cam-sex\/wp-json\/wp\/v2\/types\/page"}],"author":[{"embeddable":true,"href":"https:\/\/www.pornoseiten.de.com\/cam2cam-sex\/wp-json\/wp\/v2\/users\/1"}],"replies":[{"embeddable":true,"href":"https:\/\/www.pornoseiten.de.com\/cam2cam-sex\/wp-json\/wp\/v2\/comments?post=6"}],"version-history":[{"count":21,"href":"https:\/\/www.pornoseiten.de.com\/cam2cam-sex\/wp-json\/wp\/v2\/pages\/6\/revisions"}],"predecessor-version":[{"id":97,"href":"https:\/\/www.pornoseiten.de.com\/cam2cam-sex\/wp-json\/wp\/v2\/pages\/6\/revisions\/97"}],"wp:attachment":[{"href":"https:\/\/www.pornoseiten.de.com\/cam2cam-sex\/wp-json\/wp\/v2\/media?parent=6"}],"curies":[{"name":"wp","href":"https:\/\/api.w.org\/{rel}","templated":true}]}}