{"id":6,"date":"2022-09-12T13:24:03","date_gmt":"2022-09-12T11:24:03","guid":{"rendered":"https:\/\/www.pornoseiten.de.com\/cuckold-sex\/?page_id=6"},"modified":"2024-09-12T14:35:31","modified_gmt":"2024-09-12T12:35:31","slug":"startseite-cuckold-sex","status":"publish","type":"page","link":"https:\/\/www.pornoseiten.de.com\/cuckold-sex\/","title":{"rendered":"Cuckold Sex erleben"},"content":{"rendered":"<h2>Die besten Cuckold Sex Seiten f\u00fcr interaktives Cuckolding<\/h2>\n<p>Hier findet jeder Cucki sein Hotwife oder eine Domina, die ihn als Sexualpartner zweiter Klasse behandelt. Lass dich ihm Handy Text Chat oder im Camchat beim Cuckold Sex dem\u00fctigen.<\/p>\n<hr \/>\n<p><!-- Tipps --><\/p>\n<div id=\"empfehlungen\">\n<h3>Mistress vs. Cuckold Chat<\/h3>\n<p><a href=\"https:\/\/www.cuckold-chat.net\/\"><img loading=\"lazy\" decoding=\"async\" class=\"alignleft\" src=\"\/screenshots\/cuckold-chat-net.jpg\" alt=\"https:\/\/www.cuckold-chat.net\/\" width=\"230\" height=\"140\" class=\"alignleft size-full\" \/><\/a><\/p>\n<p class=\"desc\"><span class=\"url\">https:\/\/www.cuckold-chat.net\/<\/span> <br \/> Finde deine Mistress, dein Hotwife hier live im privaten Chat f\u00fcr Cuckolds! Du bist deiner Femdom v\u00f6llig ausgeliefert und erf\u00e4hrst Dem\u00fctigung und Erniedrigung im Cam2Cam Livechat. Top Empfehlung!<\/p>\n<h3>Schweizer Domina Chat<\/h3>\n<p><a href=\"https:\/\/www.domina-chat.ch\/\"><img loading=\"lazy\" decoding=\"async\" class=\"alignleft\" src=\"\/screenshots\/domina-chat-ch.jpg\" alt=\"https:\/\/www.domina-chat.ch\/\" width=\"230\" height=\"140\" class=\"alignleft size-full\" \/><\/a><\/p>\n<p class=\"desc\"><span class=\"url\">https:\/\/www.domina-chat.ch\/<\/span> <br \/> Lass dich von einer Domina online erziehen und ernidrigen. Als Cuckold triffst du hier auf dein Hotwife und erf\u00e4hrst Spott und wirst erniedrigt. Cuckolding direkt 1:1 im Cam2Cam Domina Livechat.<\/p>\n<h3>Cuckis treffen auf ihr Hotwife<\/h3>\n<p><a href=\"https:\/\/www.cuckold-domina.com\/\"><img loading=\"lazy\" decoding=\"async\" class=\"alignleft\" src=\"\/screenshots\/cuckold-domina-com.jpg\" alt=\"https:\/\/www.cuckold-domina.com\/\" width=\"230\" height=\"140\" class=\"alignleft size-full\" \/><\/a><\/p>\n<p class=\"desc\"><span class=\"url\">https:\/\/www.cuckold-domina.com\/<\/span> <br \/> Im Camchat trifft ein Cuckold auf eine Domina. Sie dominiert ihn mit Befehlen und erotischen Aktionen, w\u00e4hrend er ihr zuschaut und sich unterwirft. Diese dynamische Beziehung bietet intensive Erfahrungen f\u00fcr beide.<\/p>\n<h3>Live Cuckolding Cam2Cam<\/h3>\n<p><a href=\"https:\/\/www.dominasexcams.ch\/\"><img loading=\"lazy\" decoding=\"async\" class=\"alignleft\" src=\"\/screenshots\/dominasexcams-ch.jpg\" alt=\"https:\/\/www.dominasexcams.ch\/\" width=\"230\" height=\"140\" class=\"alignleft size-full\" \/><\/a><\/p>\n<p class=\"desc\"><span class=\"url\">https:\/\/www.dominasexcams.ch\/<\/span> <br \/> M\u00f6chtest du elegante Dominas aus der Schweiz und aus Deutschland f\u00fcr Cuckolding live erleben? Dann besuche unsere Sexcams und bereite dich auf aufregende Momente vor. Lass dich erniedrigen und genie\u00dfe es.<\/p>\n<p><!-- Tipps Ende --><\/p>\n<\/div>\n<hr>\n<h2>Cuckolds treffen hier auf ihre Herrin, auf ihr Hotwife<\/h2>\n<p>Bist du bereit f\u00fcr eine einzigartige und ganz auf deine Bed\u00fcrfnisse zugeschnittene Cuckolding Erfahrung? Dann hilft dir diese Rubrik hier im Pornoseiten Verzeichnis weiter. Denn hier stellt unsere Redaktion regelm\u00e4\u00dfig die besten Sexseiten f\u00fcr Cuckold Sex vor. Du wirst in der Lage sein, den Hotwife oder deine Herrin f\u00fcr interaktiven Camsex mit Chat oder auch f\u00fcr reale Treffen zu finden. Wir verhelfen Cuckolds zu ihrer Befriedigung und zur Auslebung ihres liebsten Fetischs.<\/p>\n<p><img loading=\"lazy\" decoding=\"async\" src=\"https:\/\/www.pornoseiten.de.com\/images\/annekehot-cuckold-chat.jpg\" alt=\"Cuckold Chat mit annekehot\" width=\"769\" height=\"576\" \/><\/p>\n<h2>Was ist Cuckolding oder Cuckold Sex?<\/h2>\n<ul>\n<li>Sie Hotwifes beim Sex mit anderen M\u00e4nnern zu<\/li>\n<li>Lass dich gezielt von einer Lady dem\u00fctigen<\/li>\n<li>Dominas erniedrigen dich live Cam2Cam<\/li>\n<li>Cucks erleben echte sexuelle Dem\u00fctigung<\/li>\n<li>Du kannst Sklave und Voyeur sein<\/li>\n<\/ul>\n<h3>Als Cucki live und real Dem\u00fctigung erfahren<\/h3>\n<p>Wir zeigen dir nicht nur BDSM Pornoseiten mit geilen Sexvideos, bei denen du als Cucki neidisch auf Bullen beim Sex mit Hotwifes sein kannst&#8230; Wir geben dir hier vielmehr die M\u00f6glichkeit, aus Deutschlands besten Seiten f\u00fcr Cuckold Sex zu w\u00e4hlen. Bei allen Empfehlungen wirst deine Vorliebe zur Demut live und real mit dominanten Frauen ausleben d\u00fcrfen. Erfahre echte Dem\u00fctigung durch dein pers\u00f6nliches Hotwife oder deine Femdom, die dich live beim Cuckolding erniedrigt oder gar w\u00e4hrend eines realen Treffens Sex mit anderen M\u00e4nnern hat. Auf diesen exklusiven Seiten f\u00fchlst du dich wirklich als Sexualpartner 2. Klasse!<\/p>\n","protected":false},"excerpt":{"rendered":"<p>Die besten Cuckold Sex Seiten f\u00fcr interaktives Cuckolding Hier findet jeder Cucki sein Hotwife oder eine Domina, die ihn als Sexualpartner zweiter Klasse behandelt. Lass dich ihm Handy Text Chat&hellip;<a href=\"https:\/\/www.pornoseiten.de.com\/cuckold-sex\/\" class=\"more-link\"><span class=\"more-button\">Continue reading<span class=\"screen-reader-text\">Cuckold Sex erleben<\/span><\/span><\/a><\/p>\n","protected":false},"author":1,"featured_media":0,"parent":0,"menu_order":0,"comment_status":"closed","ping_status":"closed","template":"","meta":{"footnotes":""},"class_list":["post-6","page","type-page","status-publish","hentry"],"yoast_head":"<!-- This site is optimized with the Yoast SEO plugin v27.5 - https:\/\/yoast.com\/product\/yoast-seo-wordpress\/ -->\n<title>\u1405 Cuckold Sex \u2261 Beste Cuckolding Seiten Deutschlands<\/title>\n<meta name=\"description\" content=\"5\/5 \u2b50 Cuckolds treffen Hotwifes &amp; Dominas aus Deutschland privat f\u00fcr \u272a Top Adressen f\u00fcr Cuckolding live &amp; real ll\u27a4 W\u00e4hle aus den besten Adressen.\" \/>\n<meta name=\"robots\" content=\"index, follow, max-snippet:-1, max-image-preview:large, max-video-preview:-1\" \/>\n<link rel=\"canonical\" href=\"https:\/\/www.pornoseiten.de.com\/cuckold-sex\/\" \/>\n<meta property=\"og:locale\" content=\"de_DE\" \/>\n<meta property=\"og:type\" content=\"article\" \/>\n<meta property=\"og:title\" content=\"\u1405 Cuckold Sex \u2261 Beste Cuckolding Seiten Deutschlands\" \/>\n<meta property=\"og:description\" content=\"5\/5 \u2b50 Cuckolds treffen Hotwifes &amp; Dominas aus Deutschland privat f\u00fcr \u272a Top Adressen f\u00fcr Cuckolding live &amp; real ll\u27a4 W\u00e4hle aus den besten Adressen.\" \/>\n<meta property=\"og:url\" content=\"https:\/\/www.pornoseiten.de.com\/cuckold-sex\/\" \/>\n<meta property=\"og:site_name\" content=\"\u1405 Cuckold Sex \u2261 Beste Cuckolding Seiten Deutschlands\" \/>\n<meta property=\"article:modified_time\" content=\"2024-09-12T12:35:31+00:00\" \/>\n<meta property=\"og:image\" content=\"https:\/\/www.pornoseiten.de.com\/images\/annekehot-cuckold-chat.jpg\" \/>\n<meta name=\"twitter:card\" content=\"summary_large_image\" \/>\n<meta name=\"twitter:label1\" content=\"Gesch\u00e4tzte Lesezeit\" \/>\n\t<meta name=\"twitter:data1\" content=\"3\u00a0Minuten\" \/>\n<script type=\"application\/ld+json\" class=\"yoast-schema-graph\">{\"@context\":\"https:\\\/\\\/schema.org\",\"@graph\":[{\"@type\":\"WebPage\",\"@id\":\"https:\\\/\\\/www.pornoseiten.de.com\\\/cuckold-sex\\\/\",\"url\":\"https:\\\/\\\/www.pornoseiten.de.com\\\/cuckold-sex\\\/\",\"name\":\"\u1405 Cuckold Sex \u2261 Beste Cuckolding Seiten Deutschlands\",\"isPartOf\":{\"@id\":\"https:\\\/\\\/www.pornoseiten.de.com\\\/cuckold-sex\\\/#website\"},\"primaryImageOfPage\":{\"@id\":\"https:\\\/\\\/www.pornoseiten.de.com\\\/cuckold-sex\\\/#primaryimage\"},\"image\":{\"@id\":\"https:\\\/\\\/www.pornoseiten.de.com\\\/cuckold-sex\\\/#primaryimage\"},\"thumbnailUrl\":\"https:\\\/\\\/www.pornoseiten.de.com\\\/images\\\/annekehot-cuckold-chat.jpg\",\"datePublished\":\"2022-09-12T11:24:03+00:00\",\"dateModified\":\"2024-09-12T12:35:31+00:00\",\"description\":\"5\\\/5 \u2b50 Cuckolds treffen Hotwifes & Dominas aus Deutschland privat f\u00fcr \u272a Top Adressen f\u00fcr Cuckolding live & real ll\u27a4 W\u00e4hle aus den besten Adressen.\",\"breadcrumb\":{\"@id\":\"https:\\\/\\\/www.pornoseiten.de.com\\\/cuckold-sex\\\/#breadcrumb\"},\"inLanguage\":\"de\",\"potentialAction\":[{\"@type\":\"ReadAction\",\"target\":[\"https:\\\/\\\/www.pornoseiten.de.com\\\/cuckold-sex\\\/\"]}]},{\"@type\":\"ImageObject\",\"inLanguage\":\"de\",\"@id\":\"https:\\\/\\\/www.pornoseiten.de.com\\\/cuckold-sex\\\/#primaryimage\",\"url\":\"https:\\\/\\\/www.pornoseiten.de.com\\\/images\\\/annekehot-cuckold-chat.jpg\",\"contentUrl\":\"https:\\\/\\\/www.pornoseiten.de.com\\\/images\\\/annekehot-cuckold-chat.jpg\"},{\"@type\":\"BreadcrumbList\",\"@id\":\"https:\\\/\\\/www.pornoseiten.de.com\\\/cuckold-sex\\\/#breadcrumb\",\"itemListElement\":[{\"@type\":\"ListItem\",\"position\":1,\"name\":\"Startseite\",\"item\":\"https:\\\/\\\/www.pornoseiten.de.com\\\/cuckold-sex\\\/\"},{\"@type\":\"ListItem\",\"position\":2,\"name\":\"Cuckold Sex erleben\"}]},{\"@type\":\"WebSite\",\"@id\":\"https:\\\/\\\/www.pornoseiten.de.com\\\/cuckold-sex\\\/#website\",\"url\":\"https:\\\/\\\/www.pornoseiten.de.com\\\/cuckold-sex\\\/\",\"name\":\"\u1405 Cuckold Sex \u2261 Beste Cuckolding Seiten Deutschlands\",\"description\":\"Sexuelle Dem\u00fctigung live erfahren\",\"potentialAction\":[{\"@type\":\"SearchAction\",\"target\":{\"@type\":\"EntryPoint\",\"urlTemplate\":\"https:\\\/\\\/www.pornoseiten.de.com\\\/cuckold-sex\\\/?s={search_term_string}\"},\"query-input\":{\"@type\":\"PropertyValueSpecification\",\"valueRequired\":true,\"valueName\":\"search_term_string\"}}],\"inLanguage\":\"de\"}]}<\/script>\n<!-- \/ Yoast SEO plugin. -->","yoast_head_json":{"title":"\u1405 Cuckold Sex \u2261 Beste Cuckolding Seiten Deutschlands","description":"5\/5 \u2b50 Cuckolds treffen Hotwifes & Dominas aus Deutschland privat f\u00fcr \u272a Top Adressen f\u00fcr Cuckolding live & real ll\u27a4 W\u00e4hle aus den besten Adressen.","robots":{"index":"index","follow":"follow","max-snippet":"max-snippet:-1","max-image-preview":"max-image-preview:large","max-video-preview":"max-video-preview:-1"},"canonical":"https:\/\/www.pornoseiten.de.com\/cuckold-sex\/","og_locale":"de_DE","og_type":"article","og_title":"\u1405 Cuckold Sex \u2261 Beste Cuckolding Seiten Deutschlands","og_description":"5\/5 \u2b50 Cuckolds treffen Hotwifes & Dominas aus Deutschland privat f\u00fcr \u272a Top Adressen f\u00fcr Cuckolding live & real ll\u27a4 W\u00e4hle aus den besten Adressen.","og_url":"https:\/\/www.pornoseiten.de.com\/cuckold-sex\/","og_site_name":"\u1405 Cuckold Sex \u2261 Beste Cuckolding Seiten Deutschlands","article_modified_time":"2024-09-12T12:35:31+00:00","og_image":[{"url":"https:\/\/www.pornoseiten.de.com\/images\/annekehot-cuckold-chat.jpg","type":"","width":"","height":""}],"twitter_card":"summary_large_image","twitter_misc":{"Gesch\u00e4tzte Lesezeit":"3\u00a0Minuten"},"schema":{"@context":"https:\/\/schema.org","@graph":[{"@type":"WebPage","@id":"https:\/\/www.pornoseiten.de.com\/cuckold-sex\/","url":"https:\/\/www.pornoseiten.de.com\/cuckold-sex\/","name":"\u1405 Cuckold Sex \u2261 Beste Cuckolding Seiten Deutschlands","isPartOf":{"@id":"https:\/\/www.pornoseiten.de.com\/cuckold-sex\/#website"},"primaryImageOfPage":{"@id":"https:\/\/www.pornoseiten.de.com\/cuckold-sex\/#primaryimage"},"image":{"@id":"https:\/\/www.pornoseiten.de.com\/cuckold-sex\/#primaryimage"},"thumbnailUrl":"https:\/\/www.pornoseiten.de.com\/images\/annekehot-cuckold-chat.jpg","datePublished":"2022-09-12T11:24:03+00:00","dateModified":"2024-09-12T12:35:31+00:00","description":"5\/5 \u2b50 Cuckolds treffen Hotwifes & Dominas aus Deutschland privat f\u00fcr \u272a Top Adressen f\u00fcr Cuckolding live & real ll\u27a4 W\u00e4hle aus den besten Adressen.","breadcrumb":{"@id":"https:\/\/www.pornoseiten.de.com\/cuckold-sex\/#breadcrumb"},"inLanguage":"de","potentialAction":[{"@type":"ReadAction","target":["https:\/\/www.pornoseiten.de.com\/cuckold-sex\/"]}]},{"@type":"ImageObject","inLanguage":"de","@id":"https:\/\/www.pornoseiten.de.com\/cuckold-sex\/#primaryimage","url":"https:\/\/www.pornoseiten.de.com\/images\/annekehot-cuckold-chat.jpg","contentUrl":"https:\/\/www.pornoseiten.de.com\/images\/annekehot-cuckold-chat.jpg"},{"@type":"BreadcrumbList","@id":"https:\/\/www.pornoseiten.de.com\/cuckold-sex\/#breadcrumb","itemListElement":[{"@type":"ListItem","position":1,"name":"Startseite","item":"https:\/\/www.pornoseiten.de.com\/cuckold-sex\/"},{"@type":"ListItem","position":2,"name":"Cuckold Sex erleben"}]},{"@type":"WebSite","@id":"https:\/\/www.pornoseiten.de.com\/cuckold-sex\/#website","url":"https:\/\/www.pornoseiten.de.com\/cuckold-sex\/","name":"\u1405 Cuckold Sex \u2261 Beste Cuckolding Seiten Deutschlands","description":"Sexuelle Dem\u00fctigung live erfahren","potentialAction":[{"@type":"SearchAction","target":{"@type":"EntryPoint","urlTemplate":"https:\/\/www.pornoseiten.de.com\/cuckold-sex\/?s={search_term_string}"},"query-input":{"@type":"PropertyValueSpecification","valueRequired":true,"valueName":"search_term_string"}}],"inLanguage":"de"}]}},"_links":{"self":[{"href":"https:\/\/www.pornoseiten.de.com\/cuckold-sex\/wp-json\/wp\/v2\/pages\/6","targetHints":{"allow":["GET"]}}],"collection":[{"href":"https:\/\/www.pornoseiten.de.com\/cuckold-sex\/wp-json\/wp\/v2\/pages"}],"about":[{"href":"https:\/\/www.pornoseiten.de.com\/cuckold-sex\/wp-json\/wp\/v2\/types\/page"}],"author":[{"embeddable":true,"href":"https:\/\/www.pornoseiten.de.com\/cuckold-sex\/wp-json\/wp\/v2\/users\/1"}],"replies":[{"embeddable":true,"href":"https:\/\/www.pornoseiten.de.com\/cuckold-sex\/wp-json\/wp\/v2\/comments?post=6"}],"version-history":[{"count":29,"href":"https:\/\/www.pornoseiten.de.com\/cuckold-sex\/wp-json\/wp\/v2\/pages\/6\/revisions"}],"predecessor-version":[{"id":58,"href":"https:\/\/www.pornoseiten.de.com\/cuckold-sex\/wp-json\/wp\/v2\/pages\/6\/revisions\/58"}],"wp:attachment":[{"href":"https:\/\/www.pornoseiten.de.com\/cuckold-sex\/wp-json\/wp\/v2\/media?parent=6"}],"curies":[{"name":"wp","href":"https:\/\/api.w.org\/{rel}","templated":true}]}}