{"id":6,"date":"2022-09-12T13:30:07","date_gmt":"2022-09-12T11:30:07","guid":{"rendered":"https:\/\/www.pornoseiten.de.com\/domina-cam\/?page_id=6"},"modified":"2024-09-12T16:12:22","modified_gmt":"2024-09-12T14:12:22","slug":"startseite-domina-cam","status":"publish","type":"page","link":"https:\/\/www.pornoseiten.de.com\/domina-cam\/","title":{"rendered":"Domina Cam Angebote"},"content":{"rendered":"<h2>Die besten Domina Cam Chat Seiten f\u00fcr Camerziehung und Sklavenerziehung<\/h2>\n<p>Chatte live auch per Cam2Cam mit Dominas, die dich per Cam erziehen, z\u00fcchtigen, erniedrigen oder zum Sklaven oder zur Sissy erziehen. Im Domina Cam Chat bist du mit deiner Mistress ganz ungest\u00f6rt.<\/p>\n<hr>\n<p><!-- Tipps --><\/p>\n<div id=\"empfehlungen\">\n<h3>Webcam Sex mit einer Domina<\/h3>\n<p><a href=\"https:\/\/www.dominawebcam.com\/\"><img loading=\"lazy\" decoding=\"async\" class=\"alignleft\" src=\"\/screenshots\/dominawebcam-com.jpg\" alt=\"https:\/\/www.dominawebcam.com\/\" width=\"230\" height=\"140\" class=\"alignleft size-full\" \/><\/a><\/p>\n<p class=\"desc\"><span class=\"url\">https:\/\/www.dominawebcam\/<\/span> <br \/> Deutschsprachige dominante Frauen sind bereit f\u00fcr deine Erziehung. Genie\u00dfe Sklavenerziehung, Cuckolding oder eine Wichsanleitung im Cam2Cam Domina Webcam Chat. Gratis Zugang oder anonym anrufen.<\/p>\n<h3>Domina Cam to Cam Chat<\/h3>\n<p><a href=\"https:\/\/www.domina-camtocam.com\/\"><img loading=\"lazy\" decoding=\"async\" class=\"alignleft\" src=\"\/screenshots\/domina-camtocam-com.jpg\" alt=\"https:\/\/www.domina-camtocam.com\/\" width=\"230\" height=\"140\" class=\"alignleft size-full\" \/><\/a><\/p>\n<p class=\"desc\"><span class=\"url\">https:\/\/www.domina-camtocam.com\/<\/span> <br \/> Begib dich in die F\u00e4nge einer deutschsprachigen Domina wie Cruel Alice, Goddess Lena oder Lady Meli und vieler anderer. Echte Cam to Cam Erziehung f\u00fcr Cuckolds, Sklaven und BDSM Neulinge.<\/p>\n<h3>Domina Cams f\u00fcr Rollenspiele<\/h3>\n<p><a href=\"https:\/\/www.domina-cams.net\/\"><img loading=\"lazy\" decoding=\"async\" class=\"alignleft\" src=\"\/screenshots\/domina-cams-net.jpg\" alt=\"https:\/\/www.domina-cams.net\/\" width=\"230\" height=\"140\" class=\"alignleft size-full\" \/><\/a><\/p>\n<p class=\"desc\"><span class=\"url\">https:\/\/www.domina-cams.net\/<\/span> <br \/> Hier erwarten dich private deutsche Domina Cams mit Cam2Cam Chat. BDSM Rollenspiele zu Unterwerfung, Dominanz, Orgasmuskontrolle und mehr. Dominante Frauen freuen sich auf dich, Devotling!<\/p>\n<h3>Telefonsex mit Dominas<\/h3>\n<p><a href=\"https:\/\/www.telefonsex-dominas.com\/\"><img loading=\"lazy\" decoding=\"async\" class=\"alignleft\" src=\"\/screenshots\/telefonsex-dominas-com.jpg\" alt=\"https:\/\/www.telefonsex-dominas.com\/\" width=\"230\" height=\"140\" class=\"alignleft size-full\" \/><\/a><\/p>\n<p class=\"desc\"><span class=\"url\">https:\/\/www.telefonsex-dominas.com\/<\/span> <br \/> Dominas erziehen, erniedrigen und disziplinieren dich beim Telefonsex mit Cam2Cam. Ob Sklave oder Cuckold &#8211; hier findest du deine Herrin f\u00fcr Telefonerziehung mit gratis Cam.<\/p>\n<h3>Mistress Cams<\/h3>\n<p><a href=\"https:\/\/www.mistress-cams.net\/\"><img loading=\"lazy\" decoding=\"async\" class=\"alignleft\" src=\"\/screenshots\/mistress-cams-net.jpg\" alt=\"https:\/\/www.mistress-cams.net\/\" width=\"230\" height=\"140\" class=\"alignleft size-full\" \/><\/a><\/p>\n<p class=\"desc\"><span class=\"url\">https:\/\/www.mistress-cams.net\/<\/span> <br \/> Finde deine Mistress und diene ihr bedingungslos online im Camchat oder auch bei einer realen Session. Als Sklave erf\u00e4hrst du Cuckolding, Sklavenerziehung und deine pers\u00f6nliche Wichsanweisung.<\/p>\n<h3>Telefoniere mit Herrinnen per Cam<\/h3>\n<p><a href=\"https:\/\/www.telefonsex-domina.cam\/\"><img loading=\"lazy\" decoding=\"async\" class=\"alignleft\" src=\"\/screenshots\/telefonsex-domina-cam.jpg\" alt=\"https:\/\/www.telefonsex-domina.cam\/\" width=\"230\" height=\"140\" class=\"alignleft size-full\" \/><\/a><\/p>\n<p class=\"desc\"><span class=\"url\">https:\/\/www.telefonsex-domina.cam\/<\/span> <br \/> Betrete die Welt des Cam Telefonsex mit einer Domina. Erlebe den Nervenkitzel von devoter Hingabe und unterwirf dich den Befehlen deiner Herrin. Genie\u00dfe eine sinnliche und aufregende Zeit. Worauf wartest du? Ruf jetzt an!<\/p>\n<h3>Private Livecams deutscher Dominas<\/h3>\n<p><a href=\"https:\/\/www.domina-livecams.com\/\"><img loading=\"lazy\" decoding=\"async\" class=\"alignleft\" src=\"\/screenshots\/domina-livecams-com.jpg\" alt=\"https:\/\/www.domina-livecams.com\/\" width=\"230\" height=\"140\" class=\"alignleft size-full\" \/><\/a><\/p>\n<p class=\"desc\"><span class=\"url\">https:\/\/www.domina-livecams.com\/<\/span> <br \/> Entdecke atemberaubenden Domina Livecam Sex, bei dem du deine tiefsten Fantasien ausleben kannst. Lass dich von meiner unnachgiebigen Dominanz in einer hei\u00dfen Live-Show beherrschen. Gemeinsam erkunden wir neue H\u00f6hepunkte. Sei dabei!<\/p>\n<h3>Live Kontrollverlust durch Herrin<\/h3>\n<p><a href=\"https:\/\/www.domina-chat.cam\/\"><img loading=\"lazy\" decoding=\"async\" class=\"alignleft\" src=\"\/screenshots\/domina-chat-cam.jpg\" alt=\"https:\/\/www.domina-chat.cam\/\" width=\"230\" height=\"140\" class=\"alignleft size-full\" \/><\/a><\/p>\n<p class=\"desc\"><span class=\"url\">https:\/\/www.domina-chat.cam\/<\/span> <br \/> Willst du deine Grenzen im Sex Chat mit einer Domina testen? Erlebe den dominanten Cam Chat, in dem du deine Fetische und Fantasien ausleben kannst. Lass dich von einer echten Herrin verw\u00f6hnen und kontrollieren. Tauche ein in eine Welt der Lust und Unterwerfung!<\/p>\n<p><!-- Tipps Ende -->\n<\/div>\n<hr>\n<h2>Domina Cams live mit Cam to Cam Feature finden<\/h2>\n<p>Du bist auf der Suche nach einer erfahrenen Herrin, die dich im privaten Camcht erzieht? Hier findest du die besten deutschsprachigen Portale mit Domina Cam Chat f\u00fcr Fetisch- und BDSM Rollenspiele jeder Art &#8211; interaktiv, privat und auch anonym ohne Anmeldung nutzbar. Ob Sklave, Cucki, Sissy, TV-Hure oder BDSM Neuling &#8211; hier wirst du das passende Angebit garantiert finden. Lass dich von den Top Adressen mit Mistress Cams und Livechat mit Cam to Cam Feature \u00fcberzeugen, welche unser Redaktionsteam vom Pornoseiten Verzeichnis hier regelm\u00e4\u00dfig empfiehlt.<\/p>\n<p><img loading=\"lazy\" decoding=\"async\" src=\"https:\/\/www.pornoseiten.de.com\/images\/cruel-alice-domina-camtocam.jpg\" width=\"769\" height=\"490\" alt=\"Cruel Alice Cam to Cam\" \/><\/p>\n<h2>Was erwartet mich in einem Domina Cam Chat?<\/h2>\n<ul>\n<li>Sexuelle Erniedrigung und Unterdr\u00fcckung<\/li>\n<li>Sklavenerziehung und Camerziehung jeder Art<\/li>\n<li>BDSM Rollenspiele<\/li>\n<li>Cuckolding f\u00fcr Cux<\/li>\n<li>Feminisierung zur Sissy<\/li>\n<li>Finanzielle Unterwerfung einer Geldherrin<\/li>\n<li>Sklavenerziehung und Z\u00fcchtigung<\/li>\n<li><a href=\"https:\/\/www.pornoseiten.de.com\/wichsanleitung\/\">Wichsanleitung<\/a> durch erfahrene Mistress<\/li>\n<li>Chatte privat Cam2Cam mit einer Domina<\/li>\n<\/ul>\n<h3>Live BDSM Rollenspiele mit Femdom und Dominas erleben<\/h3>\n<p>Unterwerfung und Dominanz &#8211; deine Lust wird ab jetzt von deiner Herrin kontrolliert. Erlebe erotische BDSM Rollenspiele von zart bis hart mich deutschsprachigen Dominas im privaten Camchat. In noch nie da gewesener Intensit\u00e4t kannst du hier auf diesen empfohlenen Seiten und Communities mit dominanten Frauen und Femdoms Camsex Erziehung und Rollenspiele erleben, die deine devote sexuelle Lust befriedigen werden.<\/p>\n","protected":false},"excerpt":{"rendered":"<p>Die besten Domina Cam Chat Seiten f\u00fcr Camerziehung und Sklavenerziehung Chatte live auch per Cam2Cam mit Dominas, die dich per Cam erziehen, z\u00fcchtigen, erniedrigen oder zum Sklaven oder zur Sissy&hellip;<a href=\"https:\/\/www.pornoseiten.de.com\/domina-cam\/\" class=\"more-link\"><span class=\"more-button\">Continue reading<span class=\"screen-reader-text\">Domina Cam Angebote<\/span><\/span><\/a><\/p>\n","protected":false},"author":1,"featured_media":0,"parent":0,"menu_order":0,"comment_status":"closed","ping_status":"closed","template":"","meta":{"footnotes":""},"class_list":["post-6","page","type-page","status-publish","hentry"],"yoast_head":"<!-- This site is optimized with the Yoast SEO plugin v27.4 - https:\/\/yoast.com\/product\/yoast-seo-wordpress\/ -->\n<title>\u1405 Domina Cam Chat \u2261 Deutschlands beste Dominachat Seiten<\/title>\n<meta name=\"description\" content=\"5\/5 \u2b50 Dominas erziehen, z\u00fcchtigen, erniedrigen dich live &amp; real \u272a Die besten deutschen Domina Adressen ll\u27a4 Bereit, dich zu f\u00fcgen? Jetzt ansehen.\" \/>\n<meta name=\"robots\" content=\"index, follow, max-snippet:-1, max-image-preview:large, max-video-preview:-1\" \/>\n<link rel=\"canonical\" href=\"https:\/\/www.pornoseiten.de.com\/domina-cam\/\" \/>\n<meta property=\"og:locale\" content=\"de_DE\" \/>\n<meta property=\"og:type\" content=\"article\" \/>\n<meta property=\"og:title\" content=\"\u1405 Domina Cam Chat \u2261 Deutschlands beste Dominachat Seiten\" \/>\n<meta property=\"og:description\" content=\"5\/5 \u2b50 Dominas erziehen, z\u00fcchtigen, erniedrigen dich live &amp; real \u272a Die besten deutschen Domina Adressen ll\u27a4 Bereit, dich zu f\u00fcgen? Jetzt ansehen.\" \/>\n<meta property=\"og:url\" content=\"https:\/\/www.pornoseiten.de.com\/domina-cam\/\" \/>\n<meta property=\"og:site_name\" content=\"\u1405 Domina Cam Chat \u2261 Deutschlands beste Dominachat Seiten\" \/>\n<meta property=\"article:modified_time\" content=\"2024-09-12T14:12:22+00:00\" \/>\n<meta property=\"og:image\" content=\"https:\/\/www.pornoseiten.de.com\/images\/cruel-alice-domina-camtocam.jpg\" \/>\n<meta name=\"twitter:card\" content=\"summary_large_image\" \/>\n<meta name=\"twitter:label1\" content=\"Gesch\u00e4tzte Lesezeit\" \/>\n\t<meta name=\"twitter:data1\" content=\"5\u00a0Minuten\" \/>\n<script type=\"application\/ld+json\" class=\"yoast-schema-graph\">{\"@context\":\"https:\\\/\\\/schema.org\",\"@graph\":[{\"@type\":\"WebPage\",\"@id\":\"https:\\\/\\\/www.pornoseiten.de.com\\\/domina-cam\\\/\",\"url\":\"https:\\\/\\\/www.pornoseiten.de.com\\\/domina-cam\\\/\",\"name\":\"\u1405 Domina Cam Chat \u2261 Deutschlands beste Dominachat Seiten\",\"isPartOf\":{\"@id\":\"https:\\\/\\\/www.pornoseiten.de.com\\\/domina-cam\\\/#website\"},\"primaryImageOfPage\":{\"@id\":\"https:\\\/\\\/www.pornoseiten.de.com\\\/domina-cam\\\/#primaryimage\"},\"image\":{\"@id\":\"https:\\\/\\\/www.pornoseiten.de.com\\\/domina-cam\\\/#primaryimage\"},\"thumbnailUrl\":\"https:\\\/\\\/www.pornoseiten.de.com\\\/images\\\/cruel-alice-domina-camtocam.jpg\",\"datePublished\":\"2022-09-12T11:30:07+00:00\",\"dateModified\":\"2024-09-12T14:12:22+00:00\",\"description\":\"5\\\/5 \u2b50 Dominas erziehen, z\u00fcchtigen, erniedrigen dich live & real \u272a Die besten deutschen Domina Adressen ll\u27a4 Bereit, dich zu f\u00fcgen? Jetzt ansehen.\",\"breadcrumb\":{\"@id\":\"https:\\\/\\\/www.pornoseiten.de.com\\\/domina-cam\\\/#breadcrumb\"},\"inLanguage\":\"de\",\"potentialAction\":[{\"@type\":\"ReadAction\",\"target\":[\"https:\\\/\\\/www.pornoseiten.de.com\\\/domina-cam\\\/\"]}]},{\"@type\":\"ImageObject\",\"inLanguage\":\"de\",\"@id\":\"https:\\\/\\\/www.pornoseiten.de.com\\\/domina-cam\\\/#primaryimage\",\"url\":\"https:\\\/\\\/www.pornoseiten.de.com\\\/images\\\/cruel-alice-domina-camtocam.jpg\",\"contentUrl\":\"https:\\\/\\\/www.pornoseiten.de.com\\\/images\\\/cruel-alice-domina-camtocam.jpg\"},{\"@type\":\"BreadcrumbList\",\"@id\":\"https:\\\/\\\/www.pornoseiten.de.com\\\/domina-cam\\\/#breadcrumb\",\"itemListElement\":[{\"@type\":\"ListItem\",\"position\":1,\"name\":\"Startseite\",\"item\":\"https:\\\/\\\/www.pornoseiten.de.com\\\/domina-cam\\\/\"},{\"@type\":\"ListItem\",\"position\":2,\"name\":\"Domina Cam Angebote\"}]},{\"@type\":\"WebSite\",\"@id\":\"https:\\\/\\\/www.pornoseiten.de.com\\\/domina-cam\\\/#website\",\"url\":\"https:\\\/\\\/www.pornoseiten.de.com\\\/domina-cam\\\/\",\"name\":\"\u1405 Domina Cam Chat \u2261 Deutschlands beste Dominachat Seiten\",\"description\":\"Jeder Sub findet seine Dom\",\"potentialAction\":[{\"@type\":\"SearchAction\",\"target\":{\"@type\":\"EntryPoint\",\"urlTemplate\":\"https:\\\/\\\/www.pornoseiten.de.com\\\/domina-cam\\\/?s={search_term_string}\"},\"query-input\":{\"@type\":\"PropertyValueSpecification\",\"valueRequired\":true,\"valueName\":\"search_term_string\"}}],\"inLanguage\":\"de\"}]}<\/script>\n<!-- \/ Yoast SEO plugin. -->","yoast_head_json":{"title":"\u1405 Domina Cam Chat \u2261 Deutschlands beste Dominachat Seiten","description":"5\/5 \u2b50 Dominas erziehen, z\u00fcchtigen, erniedrigen dich live & real \u272a Die besten deutschen Domina Adressen ll\u27a4 Bereit, dich zu f\u00fcgen? Jetzt ansehen.","robots":{"index":"index","follow":"follow","max-snippet":"max-snippet:-1","max-image-preview":"max-image-preview:large","max-video-preview":"max-video-preview:-1"},"canonical":"https:\/\/www.pornoseiten.de.com\/domina-cam\/","og_locale":"de_DE","og_type":"article","og_title":"\u1405 Domina Cam Chat \u2261 Deutschlands beste Dominachat Seiten","og_description":"5\/5 \u2b50 Dominas erziehen, z\u00fcchtigen, erniedrigen dich live & real \u272a Die besten deutschen Domina Adressen ll\u27a4 Bereit, dich zu f\u00fcgen? Jetzt ansehen.","og_url":"https:\/\/www.pornoseiten.de.com\/domina-cam\/","og_site_name":"\u1405 Domina Cam Chat \u2261 Deutschlands beste Dominachat Seiten","article_modified_time":"2024-09-12T14:12:22+00:00","og_image":[{"url":"https:\/\/www.pornoseiten.de.com\/images\/cruel-alice-domina-camtocam.jpg","type":"","width":"","height":""}],"twitter_card":"summary_large_image","twitter_misc":{"Gesch\u00e4tzte Lesezeit":"5\u00a0Minuten"},"schema":{"@context":"https:\/\/schema.org","@graph":[{"@type":"WebPage","@id":"https:\/\/www.pornoseiten.de.com\/domina-cam\/","url":"https:\/\/www.pornoseiten.de.com\/domina-cam\/","name":"\u1405 Domina Cam Chat \u2261 Deutschlands beste Dominachat Seiten","isPartOf":{"@id":"https:\/\/www.pornoseiten.de.com\/domina-cam\/#website"},"primaryImageOfPage":{"@id":"https:\/\/www.pornoseiten.de.com\/domina-cam\/#primaryimage"},"image":{"@id":"https:\/\/www.pornoseiten.de.com\/domina-cam\/#primaryimage"},"thumbnailUrl":"https:\/\/www.pornoseiten.de.com\/images\/cruel-alice-domina-camtocam.jpg","datePublished":"2022-09-12T11:30:07+00:00","dateModified":"2024-09-12T14:12:22+00:00","description":"5\/5 \u2b50 Dominas erziehen, z\u00fcchtigen, erniedrigen dich live & real \u272a Die besten deutschen Domina Adressen ll\u27a4 Bereit, dich zu f\u00fcgen? Jetzt ansehen.","breadcrumb":{"@id":"https:\/\/www.pornoseiten.de.com\/domina-cam\/#breadcrumb"},"inLanguage":"de","potentialAction":[{"@type":"ReadAction","target":["https:\/\/www.pornoseiten.de.com\/domina-cam\/"]}]},{"@type":"ImageObject","inLanguage":"de","@id":"https:\/\/www.pornoseiten.de.com\/domina-cam\/#primaryimage","url":"https:\/\/www.pornoseiten.de.com\/images\/cruel-alice-domina-camtocam.jpg","contentUrl":"https:\/\/www.pornoseiten.de.com\/images\/cruel-alice-domina-camtocam.jpg"},{"@type":"BreadcrumbList","@id":"https:\/\/www.pornoseiten.de.com\/domina-cam\/#breadcrumb","itemListElement":[{"@type":"ListItem","position":1,"name":"Startseite","item":"https:\/\/www.pornoseiten.de.com\/domina-cam\/"},{"@type":"ListItem","position":2,"name":"Domina Cam Angebote"}]},{"@type":"WebSite","@id":"https:\/\/www.pornoseiten.de.com\/domina-cam\/#website","url":"https:\/\/www.pornoseiten.de.com\/domina-cam\/","name":"\u1405 Domina Cam Chat \u2261 Deutschlands beste Dominachat Seiten","description":"Jeder Sub findet seine Dom","potentialAction":[{"@type":"SearchAction","target":{"@type":"EntryPoint","urlTemplate":"https:\/\/www.pornoseiten.de.com\/domina-cam\/?s={search_term_string}"},"query-input":{"@type":"PropertyValueSpecification","valueRequired":true,"valueName":"search_term_string"}}],"inLanguage":"de"}]}},"_links":{"self":[{"href":"https:\/\/www.pornoseiten.de.com\/domina-cam\/wp-json\/wp\/v2\/pages\/6","targetHints":{"allow":["GET"]}}],"collection":[{"href":"https:\/\/www.pornoseiten.de.com\/domina-cam\/wp-json\/wp\/v2\/pages"}],"about":[{"href":"https:\/\/www.pornoseiten.de.com\/domina-cam\/wp-json\/wp\/v2\/types\/page"}],"author":[{"embeddable":true,"href":"https:\/\/www.pornoseiten.de.com\/domina-cam\/wp-json\/wp\/v2\/users\/1"}],"replies":[{"embeddable":true,"href":"https:\/\/www.pornoseiten.de.com\/domina-cam\/wp-json\/wp\/v2\/comments?post=6"}],"version-history":[{"count":19,"href":"https:\/\/www.pornoseiten.de.com\/domina-cam\/wp-json\/wp\/v2\/pages\/6\/revisions"}],"predecessor-version":[{"id":48,"href":"https:\/\/www.pornoseiten.de.com\/domina-cam\/wp-json\/wp\/v2\/pages\/6\/revisions\/48"}],"wp:attachment":[{"href":"https:\/\/www.pornoseiten.de.com\/domina-cam\/wp-json\/wp\/v2\/media?parent=6"}],"curies":[{"name":"wp","href":"https:\/\/api.w.org\/{rel}","templated":true}]}}