{"id":6,"date":"2022-09-12T13:37:32","date_gmt":"2022-09-12T11:37:32","guid":{"rendered":"https:\/\/www.pornoseiten.de.com\/fetisch-chat\/?page_id=6"},"modified":"2024-09-12T15:22:45","modified_gmt":"2024-09-12T13:22:45","slug":"fetisch-chat-startseite","status":"publish","type":"page","link":"https:\/\/www.pornoseiten.de.com\/fetisch-chat\/","title":{"rendered":"Fetisch Chat Empfehlungen"},"content":{"rendered":"<h2>Die besten deutschsprachigen Angebote mit Fetisch Chat &#038; BDSM Camchat<\/h2>\n<p>Erlebe Gleichgesinnte Frauen im Fetisch Chat live und interaktiv mit gleichgesinnten Frauen in deutscher Sprache. Nur die absoluten Top Seiten zu allen Fetischsex Themen wirst du hier w\u00e4hlen k\u00f6nnen.<\/p>\n<hr>\n<p><!-- Tipps --><\/p>\n<div id=\"empfehlungen\">\n<h3>Fetisch Chat mit Cam2Cam<\/h3>\n<p><a href=\"https:\/\/www.fetischsexchat.com\/\"><img loading=\"lazy\" decoding=\"async\" class=\"alignleft\" src=\"\/screenshots\/fetischsexchat-com.jpg\" alt=\"https:\/\/www.fetischsexchat.com\/\" width=\"230\" height=\"140\" class=\"alignleft size-full\" \/><\/a><\/p>\n<p class=\"desc\"><span class=\"url\">https:\/\/www.fetischsexchat.com\/<\/span> <br \/> Deutschlands wohl beliebtester Fetisch Chat mit 1:1 Sexmessenger und Camchat wartet auf dich! Finde Gleichgesinnte f\u00fcr deine Fetisch-Vorlieben und lebe dich frei aus. Unsere Top Empfehlung!<\/p>\n<h3>BDSM Cam Chat<\/h3>\n<p><a href=\"https:\/\/www.bdsm-chat.life\/\"><img loading=\"lazy\" decoding=\"async\" class=\"alignleft\" src=\"\/screenshots\/bdsm-chat-life.jpg\" alt=\"https:\/\/www.bdsm-chat.life\/\" width=\"230\" height=\"140\" class=\"alignleft size-full\" \/><\/a><\/p>\n<p class=\"desc\"><span class=\"url\">https:\/\/www.bdsm-chat.life\/<\/span> <br \/> Freunde und Interessierte der h\u00e4rteren Gangart sind im BDSM Chat richtig. Im Camchat erwartet dich klassische Camerziehung, Sklavenerziehung oder auch Cuckolding und Sissy Abrichtung.<\/p>\n<h3>Fetisch Girls auf sexcam.click<\/h3>\n<p><a href=\"https:\/\/www.sexcam.click\/CAMS\/DE\/Verzeichnis\/fetisch_1.html\"><img loading=\"lazy\" decoding=\"async\" class=\"alignleft\" src=\"\/screenshots\/sexcam-click.jpg\" alt=\"https:\/\/www.sexcam.click\/CAMS\/DE\/Verzeichnis\/fetisch_1.html\" width=\"230\" height=\"140\" class=\"alignleft size-full\" \/><\/a><\/p>\n<p class=\"desc\"><span class=\"url\">https:\/\/www.sexcam.click\/fetisch\/<\/span> <br \/> Im Fetisch Sexcam Chat triffst du auf interessante Menschen, die offen f\u00fcr deine Vorlieben sind. Hier tauscht ihr euch in einer sicheren Umgebung und live per Cam aus. Befriedigung ist garantiert!<\/p>\n<h3>Exklusiver Fetisch Sexchat<\/h3>\n<p><a href=\"https:\/\/www.fetisch-sexchat.click\/\"><img loading=\"lazy\" decoding=\"async\" class=\"alignleft\" src=\"\/screenshots\/fetisch-sexchat-click.jpg\" alt=\"https:\/\/www.fetisch-sexchat.click\/\" width=\"230\" height=\"140\" class=\"alignleft size-full\" \/><\/a><\/p>\n<p class=\"desc\"><span class=\"url\">https:\/\/www.fetisch-sexchat.click\/<\/span> <br \/> Betrete die faszinierende Welt des Fetisch-Sexchats mit HD Livecams! Durchst\u00f6bere die Profile und chatte mit Gleichgesinnten, die deine Leidenschaften teilen. Die exzellente Bild- und Tonqualit\u00e4t wird deine Erfahrungen noch intensiver machen. Tauche ein in die vielf\u00e4ltigen Fetischwelten und verbinde dich mit Seelenverwandten, welche deine Vorlieben teilen.<\/p>\n<h3>Fetischgirls im Camsexchat<\/h3>\n<p><a href=\"https:\/\/www.camsex-amateure.net\/camsex-fetisch\/\"><img loading=\"lazy\" decoding=\"async\" class=\"alignleft\" src=\"\/screenshots\/camsex-amateure-net.jpg\" alt=\"https:\/\/www.camsex-amateure.net\/camsex-fetisch\/\" width=\"230\" height=\"140\" class=\"alignleft size-full\" \/><\/a><\/p>\n<p class=\"desc\"><span class=\"url\">https:\/\/www.camsex-amateure.net\/camsex-fetisch\/<\/span> <br \/> Camsex mit deutschen Fetisch Cam Girls bietet dir eine aufregende und sichere Plattform f\u00fcr deine geheimsten Fantasien. Genie\u00dfe intime Momente live und in HD.<\/p>\n<p><!-- Tipps Ende -->\n<\/div>\n<hr>\n<h2>Ist der Fetischchat kostenlos oder muss ich mich registrieren?<\/h2>\n<p>Hier im Pornoseiten Verzeichnis stellen wir dir die besten Seiten und Communities mit Fetischchat vor. Eines haben alle Portale mit Fetisch Chat stets gemeinsam &#8211; sie \u00fcberzeugen mit hoher Qualit\u00e4t und einem kostenlosen Zugang. Dabei kann man gratis Mitglied werden, ganz umsonst und unverbindlich. Einige Fetisch Cam Chat Anbieter kann man aber auch anonym ganz ohne Registrierung nutzen. Auch sie geh\u00f6ren zu den besten deutschsprachigen Angeboten rund um Fetischsex aller Art. W\u00e4hle selbst frei aus den zuvor empfohlenen Fetischseiten deine(n) Favoriten aus.<\/p>\n<p><img loading=\"lazy\" decoding=\"async\" src=\"https:\/\/www.pornoseiten.de.com\/images\/steffi-blond-fetisch-sexchat.jpg\" width=\"769\" height=\"512\" alt=\"SteffiBlond im Fetischsexchat\" \/><\/p>\n<h2>Was kann ich im Fetisch Chat erleben?<\/h2>\n<ul>\n<li>Lebe deinen Fetisch live mit Gleichgesinnten aus<\/li>\n<li>Fetisch Rollenspiele zu deinem Fetisch<\/li>\n<li>Camerziehung und Sklavenerziehung durch Dominas<\/li>\n<li>BDSM Cam Sex mit devoten oder dominanten Frauen sowie Switchern<\/li>\n<li>Spezieller Fetischsex wie du ihn brauchst<\/li>\n<li>Lerne Fetischistinnen ganz privat kennen<\/li>\n<li>Verabrede Sextreffen mit Gleichgesinnten und Gespielinnen<\/li>\n<li>Natursektspiele<\/li>\n<li>Sadomaso Erziehung<\/li>\n<li>Sissy Ausbildung<\/li>\n<li>..und viele weitere Fetische privat und ungest\u00f6rt mit Frauen, Transen und Paaren erleben&#8230;<\/li>\n<\/ul>\n<h3>Lebe deine Fetische im Cam Chat oder bei realen Treffen aus<\/h3>\n<p>Es gibt viele M\u00f6glichkeiten, deine Vorlieben mit Gleichgesinnten Damen, Herren, Paaren oder Transidentit\u00e4ren Menschen teilen und ausleben zu k\u00f6nnen. Hier wollen wir dir die beliebtesten deutschsprachigen Portale und Fetisch-Communities vorstellen, auf denen du den passenden Deckel f\u00fcr deinen Topf findest &#8211; sei er noch so einzigartig. Lebe heute noch deinen Fetisch im Textchat oder Camchat aus oder verabrede dich gleich zu geheimen Fetischtreffen.<\/p>\n","protected":false},"excerpt":{"rendered":"<p>Die besten deutschsprachigen Angebote mit Fetisch Chat &#038; BDSM Camchat Erlebe Gleichgesinnte Frauen im Fetisch Chat live und interaktiv mit gleichgesinnten Frauen in deutscher Sprache. Nur die absoluten Top Seiten&hellip;<a href=\"https:\/\/www.pornoseiten.de.com\/fetisch-chat\/\" class=\"more-link\"><span class=\"more-button\">Continue reading<span class=\"screen-reader-text\">Fetisch Chat Empfehlungen<\/span><\/span><\/a><\/p>\n","protected":false},"author":1,"featured_media":0,"parent":0,"menu_order":0,"comment_status":"closed","ping_status":"closed","template":"","meta":{"footnotes":""},"class_list":["post-6","page","type-page","status-publish","hentry"],"yoast_head":"<!-- This site is optimized with the Yoast SEO plugin v27.4 - https:\/\/yoast.com\/product\/yoast-seo-wordpress\/ -->\n<title>\u1405 Bester Fetisch Chat \u2261 Top BDSM &amp; Fetischsex Seiten<\/title>\n<meta name=\"description\" content=\"4,5\/5 \u2b50 Chatte live &amp; 1:1 privat mit Gleichgesinnten &amp; Fetischist*innen \u272a Verzeichnis der besten Fetisch- &amp; BDSM Seiten ll\u27a4 W\u00e4hle dein Thema jetzt.\" \/>\n<meta name=\"robots\" content=\"index, follow, max-snippet:-1, max-image-preview:large, max-video-preview:-1\" \/>\n<link rel=\"canonical\" href=\"https:\/\/www.pornoseiten.de.com\/fetisch-chat\/\" \/>\n<meta property=\"og:locale\" content=\"de_DE\" \/>\n<meta property=\"og:type\" content=\"article\" \/>\n<meta property=\"og:title\" content=\"\u1405 Bester Fetisch Chat \u2261 Top BDSM &amp; Fetischsex Seiten\" \/>\n<meta property=\"og:description\" content=\"4,5\/5 \u2b50 Chatte live &amp; 1:1 privat mit Gleichgesinnten &amp; Fetischist*innen \u272a Verzeichnis der besten Fetisch- &amp; BDSM Seiten ll\u27a4 W\u00e4hle dein Thema jetzt.\" \/>\n<meta property=\"og:url\" content=\"https:\/\/www.pornoseiten.de.com\/fetisch-chat\/\" \/>\n<meta property=\"og:site_name\" content=\"\u1405 Bester Fetisch Chat \u2261 Top BDSM &amp; Fetischsex Seiten\" \/>\n<meta property=\"article:modified_time\" content=\"2024-09-12T13:22:45+00:00\" \/>\n<meta property=\"og:image\" content=\"https:\/\/www.pornoseiten.de.com\/images\/steffi-blond-fetisch-sexchat.jpg\" \/>\n<meta name=\"twitter:card\" content=\"summary_large_image\" \/>\n<meta name=\"twitter:label1\" content=\"Gesch\u00e4tzte Lesezeit\" \/>\n\t<meta name=\"twitter:data1\" content=\"3\u00a0Minuten\" \/>\n<script type=\"application\/ld+json\" class=\"yoast-schema-graph\">{\"@context\":\"https:\\\/\\\/schema.org\",\"@graph\":[{\"@type\":\"WebPage\",\"@id\":\"https:\\\/\\\/www.pornoseiten.de.com\\\/fetisch-chat\\\/\",\"url\":\"https:\\\/\\\/www.pornoseiten.de.com\\\/fetisch-chat\\\/\",\"name\":\"\u1405 Bester Fetisch Chat \u2261 Top BDSM & Fetischsex Seiten\",\"isPartOf\":{\"@id\":\"https:\\\/\\\/www.pornoseiten.de.com\\\/fetisch-chat\\\/#website\"},\"primaryImageOfPage\":{\"@id\":\"https:\\\/\\\/www.pornoseiten.de.com\\\/fetisch-chat\\\/#primaryimage\"},\"image\":{\"@id\":\"https:\\\/\\\/www.pornoseiten.de.com\\\/fetisch-chat\\\/#primaryimage\"},\"thumbnailUrl\":\"https:\\\/\\\/www.pornoseiten.de.com\\\/images\\\/steffi-blond-fetisch-sexchat.jpg\",\"datePublished\":\"2022-09-12T11:37:32+00:00\",\"dateModified\":\"2024-09-12T13:22:45+00:00\",\"description\":\"4,5\\\/5 \u2b50 Chatte live & 1:1 privat mit Gleichgesinnten & Fetischist*innen \u272a Verzeichnis der besten Fetisch- & BDSM Seiten ll\u27a4 W\u00e4hle dein Thema jetzt.\",\"breadcrumb\":{\"@id\":\"https:\\\/\\\/www.pornoseiten.de.com\\\/fetisch-chat\\\/#breadcrumb\"},\"inLanguage\":\"de\",\"potentialAction\":[{\"@type\":\"ReadAction\",\"target\":[\"https:\\\/\\\/www.pornoseiten.de.com\\\/fetisch-chat\\\/\"]}]},{\"@type\":\"ImageObject\",\"inLanguage\":\"de\",\"@id\":\"https:\\\/\\\/www.pornoseiten.de.com\\\/fetisch-chat\\\/#primaryimage\",\"url\":\"https:\\\/\\\/www.pornoseiten.de.com\\\/images\\\/steffi-blond-fetisch-sexchat.jpg\",\"contentUrl\":\"https:\\\/\\\/www.pornoseiten.de.com\\\/images\\\/steffi-blond-fetisch-sexchat.jpg\"},{\"@type\":\"BreadcrumbList\",\"@id\":\"https:\\\/\\\/www.pornoseiten.de.com\\\/fetisch-chat\\\/#breadcrumb\",\"itemListElement\":[{\"@type\":\"ListItem\",\"position\":1,\"name\":\"Startseite\",\"item\":\"https:\\\/\\\/www.pornoseiten.de.com\\\/fetisch-chat\\\/\"},{\"@type\":\"ListItem\",\"position\":2,\"name\":\"Fetisch Chat Empfehlungen\"}]},{\"@type\":\"WebSite\",\"@id\":\"https:\\\/\\\/www.pornoseiten.de.com\\\/fetisch-chat\\\/#website\",\"url\":\"https:\\\/\\\/www.pornoseiten.de.com\\\/fetisch-chat\\\/\",\"name\":\"\u1405 Bester Fetisch Chat \u2261 Top BDSM &amp; Fetischsex Seiten\",\"description\":\"Tausche dich mit Gleichgesinnten aus\",\"potentialAction\":[{\"@type\":\"SearchAction\",\"target\":{\"@type\":\"EntryPoint\",\"urlTemplate\":\"https:\\\/\\\/www.pornoseiten.de.com\\\/fetisch-chat\\\/?s={search_term_string}\"},\"query-input\":{\"@type\":\"PropertyValueSpecification\",\"valueRequired\":true,\"valueName\":\"search_term_string\"}}],\"inLanguage\":\"de\"}]}<\/script>\n<!-- \/ Yoast SEO plugin. -->","yoast_head_json":{"title":"\u1405 Bester Fetisch Chat \u2261 Top BDSM & Fetischsex Seiten","description":"4,5\/5 \u2b50 Chatte live & 1:1 privat mit Gleichgesinnten & Fetischist*innen \u272a Verzeichnis der besten Fetisch- & BDSM Seiten ll\u27a4 W\u00e4hle dein Thema jetzt.","robots":{"index":"index","follow":"follow","max-snippet":"max-snippet:-1","max-image-preview":"max-image-preview:large","max-video-preview":"max-video-preview:-1"},"canonical":"https:\/\/www.pornoseiten.de.com\/fetisch-chat\/","og_locale":"de_DE","og_type":"article","og_title":"\u1405 Bester Fetisch Chat \u2261 Top BDSM & Fetischsex Seiten","og_description":"4,5\/5 \u2b50 Chatte live & 1:1 privat mit Gleichgesinnten & Fetischist*innen \u272a Verzeichnis der besten Fetisch- & BDSM Seiten ll\u27a4 W\u00e4hle dein Thema jetzt.","og_url":"https:\/\/www.pornoseiten.de.com\/fetisch-chat\/","og_site_name":"\u1405 Bester Fetisch Chat \u2261 Top BDSM &amp; Fetischsex Seiten","article_modified_time":"2024-09-12T13:22:45+00:00","og_image":[{"url":"https:\/\/www.pornoseiten.de.com\/images\/steffi-blond-fetisch-sexchat.jpg","type":"","width":"","height":""}],"twitter_card":"summary_large_image","twitter_misc":{"Gesch\u00e4tzte Lesezeit":"3\u00a0Minuten"},"schema":{"@context":"https:\/\/schema.org","@graph":[{"@type":"WebPage","@id":"https:\/\/www.pornoseiten.de.com\/fetisch-chat\/","url":"https:\/\/www.pornoseiten.de.com\/fetisch-chat\/","name":"\u1405 Bester Fetisch Chat \u2261 Top BDSM & Fetischsex Seiten","isPartOf":{"@id":"https:\/\/www.pornoseiten.de.com\/fetisch-chat\/#website"},"primaryImageOfPage":{"@id":"https:\/\/www.pornoseiten.de.com\/fetisch-chat\/#primaryimage"},"image":{"@id":"https:\/\/www.pornoseiten.de.com\/fetisch-chat\/#primaryimage"},"thumbnailUrl":"https:\/\/www.pornoseiten.de.com\/images\/steffi-blond-fetisch-sexchat.jpg","datePublished":"2022-09-12T11:37:32+00:00","dateModified":"2024-09-12T13:22:45+00:00","description":"4,5\/5 \u2b50 Chatte live & 1:1 privat mit Gleichgesinnten & Fetischist*innen \u272a Verzeichnis der besten Fetisch- & BDSM Seiten ll\u27a4 W\u00e4hle dein Thema jetzt.","breadcrumb":{"@id":"https:\/\/www.pornoseiten.de.com\/fetisch-chat\/#breadcrumb"},"inLanguage":"de","potentialAction":[{"@type":"ReadAction","target":["https:\/\/www.pornoseiten.de.com\/fetisch-chat\/"]}]},{"@type":"ImageObject","inLanguage":"de","@id":"https:\/\/www.pornoseiten.de.com\/fetisch-chat\/#primaryimage","url":"https:\/\/www.pornoseiten.de.com\/images\/steffi-blond-fetisch-sexchat.jpg","contentUrl":"https:\/\/www.pornoseiten.de.com\/images\/steffi-blond-fetisch-sexchat.jpg"},{"@type":"BreadcrumbList","@id":"https:\/\/www.pornoseiten.de.com\/fetisch-chat\/#breadcrumb","itemListElement":[{"@type":"ListItem","position":1,"name":"Startseite","item":"https:\/\/www.pornoseiten.de.com\/fetisch-chat\/"},{"@type":"ListItem","position":2,"name":"Fetisch Chat Empfehlungen"}]},{"@type":"WebSite","@id":"https:\/\/www.pornoseiten.de.com\/fetisch-chat\/#website","url":"https:\/\/www.pornoseiten.de.com\/fetisch-chat\/","name":"\u1405 Bester Fetisch Chat \u2261 Top BDSM &amp; Fetischsex Seiten","description":"Tausche dich mit Gleichgesinnten aus","potentialAction":[{"@type":"SearchAction","target":{"@type":"EntryPoint","urlTemplate":"https:\/\/www.pornoseiten.de.com\/fetisch-chat\/?s={search_term_string}"},"query-input":{"@type":"PropertyValueSpecification","valueRequired":true,"valueName":"search_term_string"}}],"inLanguage":"de"}]}},"_links":{"self":[{"href":"https:\/\/www.pornoseiten.de.com\/fetisch-chat\/wp-json\/wp\/v2\/pages\/6","targetHints":{"allow":["GET"]}}],"collection":[{"href":"https:\/\/www.pornoseiten.de.com\/fetisch-chat\/wp-json\/wp\/v2\/pages"}],"about":[{"href":"https:\/\/www.pornoseiten.de.com\/fetisch-chat\/wp-json\/wp\/v2\/types\/page"}],"author":[{"embeddable":true,"href":"https:\/\/www.pornoseiten.de.com\/fetisch-chat\/wp-json\/wp\/v2\/users\/1"}],"replies":[{"embeddable":true,"href":"https:\/\/www.pornoseiten.de.com\/fetisch-chat\/wp-json\/wp\/v2\/comments?post=6"}],"version-history":[{"count":7,"href":"https:\/\/www.pornoseiten.de.com\/fetisch-chat\/wp-json\/wp\/v2\/pages\/6\/revisions"}],"predecessor-version":[{"id":34,"href":"https:\/\/www.pornoseiten.de.com\/fetisch-chat\/wp-json\/wp\/v2\/pages\/6\/revisions\/34"}],"wp:attachment":[{"href":"https:\/\/www.pornoseiten.de.com\/fetisch-chat\/wp-json\/wp\/v2\/media?parent=6"}],"curies":[{"name":"wp","href":"https:\/\/api.w.org\/{rel}","templated":true}]}}