{"id":6,"date":"2022-09-12T13:55:07","date_gmt":"2022-09-12T11:55:07","guid":{"rendered":"https:\/\/www.pornoseiten.de.com\/ficktreff\/?page_id=6"},"modified":"2025-01-23T14:23:19","modified_gmt":"2025-01-23T13:23:19","slug":"ficktreff-startseite","status":"publish","type":"page","link":"https:\/\/www.pornoseiten.de.com\/ficktreff\/","title":{"rendered":"Ficktreff Empfehlungen"},"content":{"rendered":"<h2>Deutschlands beste Ficktreff Seiten zum Verabreden von Ficktreffen<\/h2>\n<p>In diesem Verzeichnis findest du die besten Adressen f\u00fcr private Sexkontakte. Ob zwanglose Sextreffen, Ficktreff, Seitensprung oder ONS &#8211; w\u00e4hle deine Dating Community mit Gratis Zugang.<\/p>\n<hr \/>\n<p><!-- Tipps --><\/p>\n<div id=\"empfehlungen\">\n<h3>Sextreff verabreden noch heute<\/h3>\n<p><a href=\"https:\/\/www.sextreff-heute.com\/\"><img loading=\"lazy\" decoding=\"async\" class=\"alignleft\" src=\"\/screenshots\/sextreff-heute-com.jpg\" alt=\"https:\/\/www.sextreff-heute.com\/\" width=\"230\" height=\"140\" class=\"alignleft size-full\" \/><\/a><\/p>\n<p class=\"desc\"><span class=\"url\">https:\/\/www.sextreff-heute.com\/<\/span> <br \/> Unkompliziert und diskret ein Sextreffen nach dem anderen&#8230; das erwartet dich bei dieser beliebten Plattform f\u00fcr Sexkontakte aller Art. Chatte 1:1 intim mit Frauen. Definitiv unser Geheimtipp!<\/p>\n<h3>Ficktreffen in der BRD<\/h3>\n<p><a href=\"https:\/\/www.ficktreffen-brd.com\/\"><img loading=\"lazy\" decoding=\"async\" class=\"alignleft\" src=\"\/screenshots\/ficktreffen-brd-com.jpg\" alt=\"https:\/\/www.ficktreffen-brd.com\/\" width=\"230\" height=\"140\" class=\"alignleft size-full\" \/><\/a><\/p>\n<p class=\"desc\"><span class=\"url\">https:\/\/www.ficktreffen-brd.com\/<\/span> <br \/> Suche ganz gezielt nach einer Sexpartnerin oder einem Sexpartner in deiner Stadt und Umgebung. Private Ficktreffen in Deutschland, \u00d6sterreich und der Schweiz ganz einfach verabreden.<\/p>\n<h3>Sextreffen mit Omas und MILFs<\/h3>\n<p><a href=\"https:\/\/www.oma-sextreffen.net\/\"><img loading=\"lazy\" decoding=\"async\" class=\"alignleft\" src=\"\/screenshots\/oma-sextreffen-net.jpg\" alt=\"https:\/\/www.oma-sextreffen.net\/\" width=\"230\" height=\"140\" class=\"alignleft size-full\" \/><\/a><\/p>\n<p class=\"desc\"><span class=\"url\">https:\/\/www.oma-sextreffen.net\/<\/span> <br \/> Suchst du nach prickelnden Abenteuern mit reifen Frauen und Omas? Dann bist du hier genau richtig! Erlebe unvergessliche Momente voller Leidenschaft und Hingabe. Lass dich ein auf ein Ficktreffen, das all deine W\u00fcnsche erf\u00fcllt.<\/p>\n<h3>HerrinKontakte: Domina Sex Treff<\/h3>\n<p><a href=\"https:\/\/www.herrin-kontakte.top\/\"><img loading=\"lazy\" decoding=\"async\" class=\"alignleft\" src=\"\/screenshots\/herrin-kontakte-top.jpg\" alt=\"https:\/\/www.herrin-kontakte.top\/\" width=\"230\" height=\"140\" class=\"alignleft size-full\" \/><\/a><\/p>\n<p class=\"desc\"><span class=\"url\">https:\/\/www.herrin-kontakte.top\/<\/span> <br \/> Bist du auf der Suche nach aufregenden Sex Kontakten zu dominanten Herrinnen? Unvergleichliche Intensit\u00e4t und Erf\u00fcllung werden devote M\u00e4nner dort finden. Tauche ein in eine Welt voller Leidenschaft und Unterwerfung. Verabrede dich noch heute mit einer Herrin!<\/p>\n<h3>Portal f\u00fcr Onlinesextreffen<\/h3>\n<p><a href=\"https:\/\/www.sextreff-portal.top\/\"><img loading=\"lazy\" decoding=\"async\" class=\"alignleft\" src=\"\/screenshots\/sextreff-portal-top.jpg\" alt=\"https:\/\/www.sextreff-portal.top\/\" width=\"230\" height=\"140\" class=\"alignleft size-full\" \/><\/a><\/p>\n<p class=\"desc\"><span class=\"url\">https:\/\/www.sextreff-portal.top\/<\/span> <br \/> Hier erwarten dich hunderte von Sexgeilen Frauen aus ganz Deutschland die online nach diskreten Treffen Ausschau halten. Finde ein williges Luder aus deiner N\u00e4he mit der du in Kontakt treten willst und schreibe sie im privaten Chat an. So einfach findet man Heute Privatsextreffen.<\/p>\n<h3>Diskretes Sexdating online<\/h3>\n<p><a href=\"https:\/\/www.online-sexdating.top\/\"><img loading=\"lazy\" decoding=\"async\" class=\"alignleft\" src=\"\/screenshots\/online-sexdating-top.jpg\" alt=\"https:\/\/www.online-sexdating.top\/\" width=\"230\" height=\"140\" class=\"alignleft size-full\" \/><\/a><\/p>\n<p class=\"desc\"><span class=\"url\">https:\/\/www.online-sexdating.top\/<\/span> <br \/> Berufst\u00e4tige Singles haben oft keine Zeit sich um ihr Liebesleben zu k\u00fcmmern. K\u00fcnstliche Intelligenz kann hier eine L\u00f6sung sein. Finde den richtigen Partner f\u00fcr zwanglose Sexdates mithilfe des AI-Matchmaking Algorhitmus und erlebe eine neue \u00c4re des Online Sexdating.<\/p>\n<p><!-- Tipps Ende --><\/p>\n<\/div>\n<hr \/>\n<h2>Top Sex Dating Tipps und Seiten mit Gratis Mitgliedschaft<\/h2>\n<p>Mit unseren Tipps rund um die besten deutschsprachigen Ficktreff Portale und Sex Dating Communities wird es dir ab jetzt ein Leichtes sein, Ficktreffen mit Frauen online verabreden zu k\u00f6nnen. Wir &#8211; das deutsche Pornoseiten Verzeichnis &#8211; stellen dir hier nur die qualitativ besten Webseiten f\u00fcr private Sexkontakte vor. W\u00e4hle selbst und finde noch heute Sexpartner f\u00fcr eine Sexaff\u00e4re, einen One Night Stand oder ein zwangloses Sextreffen.<\/p>\n<h2>Wie komme ich noch heute zum Ficktreff?<\/h2>\n<p><img loading=\"lazy\" decoding=\"async\" src=\"https:\/\/www.pornoseiten.de.com\/images\/girl-sucht-ihn-fuer-ficktreff.jpg\" width=\"769\" height=\"513\" alt=\"Girl will Ficktreff\" \/><\/p>\n<ul>\n<li>W\u00e4hle aus den obigen Empfehlungen die passende Webseite f\u00fcr Ficktreffen aus<\/li>\n<li>Lege dir dort einen kostenfreien Zugang an<\/li>\n<li>Erstelle dein Dating Profil<\/li>\n<li>Lade wenn m\u00f6glich ein Bild von dir hoch<\/li>\n<li>Kontaktiere Frauen und beantworte Anfragen<\/li>\n<li>Tipp: Schreibe auch Frauen ohne Foto an<\/li>\n<li>Sei nett und h\u00f6flich, dann klappt es mit der Ficktreff Verabredung<\/li>\n<\/ul>\n<h3>Diskret Sex Kontakte im deutschsprachigen Raum verabreden<\/h3>\n<p>Wie geil es doch ist, dass man, um ein diskretes Sexdate verabreden zu k\u00f6nnen, heutzutage nicht einmal mehr das Haus verlassen muss? Hier stellen wir dir Sex Dating Communities in deutscher Sprache vor. Dementsprechend sind dort auch zum Gro\u00dfteil nur Personen aus Deutschland, der Schweiz und aus \u00d6sterreich anwesend und aktiv oder passiv auf der Suche nach Ficktreffen. Verabrede auch du direkt Sex Kontakte auf beliebten Plattformen und Portalen &#8211; und zwar direkt online, ganz ohne App!<\/p>\n","protected":false},"excerpt":{"rendered":"<p>Deutschlands beste Ficktreff Seiten zum Verabreden von Ficktreffen In diesem Verzeichnis findest du die besten Adressen f\u00fcr private Sexkontakte. Ob zwanglose Sextreffen, Ficktreff, Seitensprung oder ONS &#8211; w\u00e4hle deine Dating&hellip;<a href=\"https:\/\/www.pornoseiten.de.com\/ficktreff\/\" class=\"more-link\"><span class=\"more-button\">Continue reading<span class=\"screen-reader-text\">Ficktreff Empfehlungen<\/span><\/span><\/a><\/p>\n","protected":false},"author":1,"featured_media":0,"parent":0,"menu_order":0,"comment_status":"closed","ping_status":"closed","template":"","meta":{"footnotes":""},"class_list":["post-6","page","type-page","status-publish","hentry"],"yoast_head":"<!-- This site is optimized with the Yoast SEO plugin v27.4 - https:\/\/yoast.com\/product\/yoast-seo-wordpress\/ -->\n<title>\u1405 Beste Ficktreff Seiten \u2261 Ficktreffen mit Frauen verabreden<\/title>\n<meta name=\"description\" content=\"4,5\/5 \u2b50 Frauen f\u00fcr Sextreffen findet man im Ficktreff Verzeichnis \u272a Deutschlands Top Adressen f\u00fcr Sexkontakte &amp; Fick Treffen ll\u27a4 Jetzt informieren!\" \/>\n<meta name=\"robots\" content=\"index, follow, max-snippet:-1, max-image-preview:large, max-video-preview:-1\" \/>\n<link rel=\"canonical\" href=\"https:\/\/www.pornoseiten.de.com\/ficktreff\/\" \/>\n<meta property=\"og:locale\" content=\"de_DE\" \/>\n<meta property=\"og:type\" content=\"article\" \/>\n<meta property=\"og:title\" content=\"\u1405 Beste Ficktreff Seiten \u2261 Ficktreffen mit Frauen verabreden\" \/>\n<meta property=\"og:description\" content=\"4,5\/5 \u2b50 Frauen f\u00fcr Sextreffen findet man im Ficktreff Verzeichnis \u272a Deutschlands Top Adressen f\u00fcr Sexkontakte &amp; Fick Treffen ll\u27a4 Jetzt informieren!\" \/>\n<meta property=\"og:url\" content=\"https:\/\/www.pornoseiten.de.com\/ficktreff\/\" \/>\n<meta property=\"og:site_name\" content=\"\u1405 Beste Ficktreff Seiten \u2261 Ficktreffen mit Frauen verabreden\" \/>\n<meta property=\"article:modified_time\" content=\"2025-01-23T13:23:19+00:00\" \/>\n<meta property=\"og:image\" content=\"https:\/\/www.pornoseiten.de.com\/images\/girl-sucht-ihn-fuer-ficktreff.jpg\" \/>\n<meta name=\"twitter:card\" content=\"summary_large_image\" \/>\n<meta name=\"twitter:label1\" content=\"Gesch\u00e4tzte Lesezeit\" \/>\n\t<meta name=\"twitter:data1\" content=\"4\u00a0Minuten\" \/>\n<script type=\"application\/ld+json\" class=\"yoast-schema-graph\">{\"@context\":\"https:\\\/\\\/schema.org\",\"@graph\":[{\"@type\":\"WebPage\",\"@id\":\"https:\\\/\\\/www.pornoseiten.de.com\\\/ficktreff\\\/\",\"url\":\"https:\\\/\\\/www.pornoseiten.de.com\\\/ficktreff\\\/\",\"name\":\"\u1405 Beste Ficktreff Seiten \u2261 Ficktreffen mit Frauen verabreden\",\"isPartOf\":{\"@id\":\"https:\\\/\\\/www.pornoseiten.de.com\\\/ficktreff\\\/#website\"},\"primaryImageOfPage\":{\"@id\":\"https:\\\/\\\/www.pornoseiten.de.com\\\/ficktreff\\\/#primaryimage\"},\"image\":{\"@id\":\"https:\\\/\\\/www.pornoseiten.de.com\\\/ficktreff\\\/#primaryimage\"},\"thumbnailUrl\":\"https:\\\/\\\/www.pornoseiten.de.com\\\/images\\\/girl-sucht-ihn-fuer-ficktreff.jpg\",\"datePublished\":\"2022-09-12T11:55:07+00:00\",\"dateModified\":\"2025-01-23T13:23:19+00:00\",\"description\":\"4,5\\\/5 \u2b50 Frauen f\u00fcr Sextreffen findet man im Ficktreff Verzeichnis \u272a Deutschlands Top Adressen f\u00fcr Sexkontakte & Fick Treffen ll\u27a4 Jetzt informieren!\",\"breadcrumb\":{\"@id\":\"https:\\\/\\\/www.pornoseiten.de.com\\\/ficktreff\\\/#breadcrumb\"},\"inLanguage\":\"de\",\"potentialAction\":[{\"@type\":\"ReadAction\",\"target\":[\"https:\\\/\\\/www.pornoseiten.de.com\\\/ficktreff\\\/\"]}]},{\"@type\":\"ImageObject\",\"inLanguage\":\"de\",\"@id\":\"https:\\\/\\\/www.pornoseiten.de.com\\\/ficktreff\\\/#primaryimage\",\"url\":\"https:\\\/\\\/www.pornoseiten.de.com\\\/images\\\/girl-sucht-ihn-fuer-ficktreff.jpg\",\"contentUrl\":\"https:\\\/\\\/www.pornoseiten.de.com\\\/images\\\/girl-sucht-ihn-fuer-ficktreff.jpg\"},{\"@type\":\"BreadcrumbList\",\"@id\":\"https:\\\/\\\/www.pornoseiten.de.com\\\/ficktreff\\\/#breadcrumb\",\"itemListElement\":[{\"@type\":\"ListItem\",\"position\":1,\"name\":\"Startseite\",\"item\":\"https:\\\/\\\/www.pornoseiten.de.com\\\/ficktreff\\\/\"},{\"@type\":\"ListItem\",\"position\":2,\"name\":\"Ficktreff Empfehlungen\"}]},{\"@type\":\"WebSite\",\"@id\":\"https:\\\/\\\/www.pornoseiten.de.com\\\/ficktreff\\\/#website\",\"url\":\"https:\\\/\\\/www.pornoseiten.de.com\\\/ficktreff\\\/\",\"name\":\"\u1405 Beste Ficktreff Seiten \u2261 Ficktreffen mit Frauen verabreden\",\"description\":\"Verabrede auch du ein Fickdate\",\"potentialAction\":[{\"@type\":\"SearchAction\",\"target\":{\"@type\":\"EntryPoint\",\"urlTemplate\":\"https:\\\/\\\/www.pornoseiten.de.com\\\/ficktreff\\\/?s={search_term_string}\"},\"query-input\":{\"@type\":\"PropertyValueSpecification\",\"valueRequired\":true,\"valueName\":\"search_term_string\"}}],\"inLanguage\":\"de\"}]}<\/script>\n<!-- \/ Yoast SEO plugin. -->","yoast_head_json":{"title":"\u1405 Beste Ficktreff Seiten \u2261 Ficktreffen mit Frauen verabreden","description":"4,5\/5 \u2b50 Frauen f\u00fcr Sextreffen findet man im Ficktreff Verzeichnis \u272a Deutschlands Top Adressen f\u00fcr Sexkontakte & Fick Treffen ll\u27a4 Jetzt informieren!","robots":{"index":"index","follow":"follow","max-snippet":"max-snippet:-1","max-image-preview":"max-image-preview:large","max-video-preview":"max-video-preview:-1"},"canonical":"https:\/\/www.pornoseiten.de.com\/ficktreff\/","og_locale":"de_DE","og_type":"article","og_title":"\u1405 Beste Ficktreff Seiten \u2261 Ficktreffen mit Frauen verabreden","og_description":"4,5\/5 \u2b50 Frauen f\u00fcr Sextreffen findet man im Ficktreff Verzeichnis \u272a Deutschlands Top Adressen f\u00fcr Sexkontakte & Fick Treffen ll\u27a4 Jetzt informieren!","og_url":"https:\/\/www.pornoseiten.de.com\/ficktreff\/","og_site_name":"\u1405 Beste Ficktreff Seiten \u2261 Ficktreffen mit Frauen verabreden","article_modified_time":"2025-01-23T13:23:19+00:00","og_image":[{"url":"https:\/\/www.pornoseiten.de.com\/images\/girl-sucht-ihn-fuer-ficktreff.jpg","type":"","width":"","height":""}],"twitter_card":"summary_large_image","twitter_misc":{"Gesch\u00e4tzte Lesezeit":"4\u00a0Minuten"},"schema":{"@context":"https:\/\/schema.org","@graph":[{"@type":"WebPage","@id":"https:\/\/www.pornoseiten.de.com\/ficktreff\/","url":"https:\/\/www.pornoseiten.de.com\/ficktreff\/","name":"\u1405 Beste Ficktreff Seiten \u2261 Ficktreffen mit Frauen verabreden","isPartOf":{"@id":"https:\/\/www.pornoseiten.de.com\/ficktreff\/#website"},"primaryImageOfPage":{"@id":"https:\/\/www.pornoseiten.de.com\/ficktreff\/#primaryimage"},"image":{"@id":"https:\/\/www.pornoseiten.de.com\/ficktreff\/#primaryimage"},"thumbnailUrl":"https:\/\/www.pornoseiten.de.com\/images\/girl-sucht-ihn-fuer-ficktreff.jpg","datePublished":"2022-09-12T11:55:07+00:00","dateModified":"2025-01-23T13:23:19+00:00","description":"4,5\/5 \u2b50 Frauen f\u00fcr Sextreffen findet man im Ficktreff Verzeichnis \u272a Deutschlands Top Adressen f\u00fcr Sexkontakte & Fick Treffen ll\u27a4 Jetzt informieren!","breadcrumb":{"@id":"https:\/\/www.pornoseiten.de.com\/ficktreff\/#breadcrumb"},"inLanguage":"de","potentialAction":[{"@type":"ReadAction","target":["https:\/\/www.pornoseiten.de.com\/ficktreff\/"]}]},{"@type":"ImageObject","inLanguage":"de","@id":"https:\/\/www.pornoseiten.de.com\/ficktreff\/#primaryimage","url":"https:\/\/www.pornoseiten.de.com\/images\/girl-sucht-ihn-fuer-ficktreff.jpg","contentUrl":"https:\/\/www.pornoseiten.de.com\/images\/girl-sucht-ihn-fuer-ficktreff.jpg"},{"@type":"BreadcrumbList","@id":"https:\/\/www.pornoseiten.de.com\/ficktreff\/#breadcrumb","itemListElement":[{"@type":"ListItem","position":1,"name":"Startseite","item":"https:\/\/www.pornoseiten.de.com\/ficktreff\/"},{"@type":"ListItem","position":2,"name":"Ficktreff Empfehlungen"}]},{"@type":"WebSite","@id":"https:\/\/www.pornoseiten.de.com\/ficktreff\/#website","url":"https:\/\/www.pornoseiten.de.com\/ficktreff\/","name":"\u1405 Beste Ficktreff Seiten \u2261 Ficktreffen mit Frauen verabreden","description":"Verabrede auch du ein Fickdate","potentialAction":[{"@type":"SearchAction","target":{"@type":"EntryPoint","urlTemplate":"https:\/\/www.pornoseiten.de.com\/ficktreff\/?s={search_term_string}"},"query-input":{"@type":"PropertyValueSpecification","valueRequired":true,"valueName":"search_term_string"}}],"inLanguage":"de"}]}},"_links":{"self":[{"href":"https:\/\/www.pornoseiten.de.com\/ficktreff\/wp-json\/wp\/v2\/pages\/6","targetHints":{"allow":["GET"]}}],"collection":[{"href":"https:\/\/www.pornoseiten.de.com\/ficktreff\/wp-json\/wp\/v2\/pages"}],"about":[{"href":"https:\/\/www.pornoseiten.de.com\/ficktreff\/wp-json\/wp\/v2\/types\/page"}],"author":[{"embeddable":true,"href":"https:\/\/www.pornoseiten.de.com\/ficktreff\/wp-json\/wp\/v2\/users\/1"}],"replies":[{"embeddable":true,"href":"https:\/\/www.pornoseiten.de.com\/ficktreff\/wp-json\/wp\/v2\/comments?post=6"}],"version-history":[{"count":18,"href":"https:\/\/www.pornoseiten.de.com\/ficktreff\/wp-json\/wp\/v2\/pages\/6\/revisions"}],"predecessor-version":[{"id":49,"href":"https:\/\/www.pornoseiten.de.com\/ficktreff\/wp-json\/wp\/v2\/pages\/6\/revisions\/49"}],"wp:attachment":[{"href":"https:\/\/www.pornoseiten.de.com\/ficktreff\/wp-json\/wp\/v2\/media?parent=6"}],"curies":[{"name":"wp","href":"https:\/\/api.w.org\/{rel}","templated":true}]}}