{"id":6,"date":"2022-09-12T13:57:49","date_gmt":"2022-09-12T11:57:49","guid":{"rendered":"https:\/\/www.pornoseiten.de.com\/nylon-fussfetisch\/?page_id=6"},"modified":"2025-01-23T14:29:30","modified_gmt":"2025-01-23T13:29:30","slug":"nylon-fussfetisch-startseite","status":"publish","type":"page","link":"https:\/\/www.pornoseiten.de.com\/nylon-fussfetisch\/","title":{"rendered":"Nylons &#038; Fu\u00dffetisch Tipps"},"content":{"rendered":"<h2>Die besten Seiten zu Fu\u00dffetisch und Nylon Strumpfhosen Sex<\/h2>\n<p>Exklusives Fu\u00dferotik Verzeichnis mit den besten Pornoseiten und Kontakt-Seiten f\u00fcr Fu\u00dfliebhaber und Fans geiler Nylon Erotik. W\u00e4hle aus Deutschlands Top Fu\u00dffetisch Angeboten.<\/p>\n<hr>\n<p><!-- Tipps --><\/p>\n<div id=\"empfehlungen\">\n<h3>Fu\u00dffetisch Chat mit Cam<\/h3>\n<p><a href=\"https:\/\/www.fussfetisch-chat.com\/\"><img loading=\"lazy\" decoding=\"async\" class=\"alignleft\" src=\"\/screenshots\/fussfetisch-chat-com.jpg\" alt=\"https:\/\/www.fussfetisch-chat.com\/\" width=\"230\" height=\"140\" class=\"alignleft size-full\" \/><\/a><\/p>\n<p class=\"desc\"><span class=\"url\">https:\/\/www.fussfetisch-chat.com\/<\/span> <br \/> Chatte 1:1 privat mit Fu\u00dffetischistinnen! Genie\u00dfe sexy Frauenf\u00fc\u00dfe, werde Fu\u00dfsklave einer Fu\u00dfherrin oder verabrede reale Treffen mit Fans der Fu\u00dferotik!<\/p>\n<h3>Nylon Sex Treffen<\/h3>\n<p><a href=\"https:\/\/www.nylonsextreffen.com\/\"><img loading=\"lazy\" decoding=\"async\" class=\"alignleft\" src=\"\/screenshots\/nylonsextreffen-com.jpg\" alt=\"https:\/\/www.nylonsextreffen.com\/\" width=\"230\" height=\"140\" class=\"alignleft size-full\" \/><\/a><\/p>\n<p class=\"desc\"><span class=\"url\">https:\/\/www.nylonsextreffen.com\/<\/span> <br \/> Sch\u00f6ne Frauen in sexy Nylon Strumpfhosen und Unterw\u00e4sche werden dich in ihren Bann ziehen. Verabrede heute noch Sextreffen mit Frauen f\u00fcr intimen Nylonsex.<\/p>\n<h3>Fu\u00dffetisch Cams mit Chat<\/h3>\n<p><a href=\"https:\/\/www.fetisch-cam.one\/CAMS\/DE\/Verzeichnis\/fuss_fetisch_1.html\"><img loading=\"lazy\" decoding=\"async\" class=\"alignleft\" src=\"\/screenshots\/fetisch-cam-one.jpg\" alt=\"https:\/\/www.fetisch-cam.one\/CAMS\/DE\/Verzeichnis\/fuss_fetisch_1.html\" width=\"230\" height=\"140\" class=\"alignleft size-full\" \/><\/a><\/p>\n<p class=\"desc\"><span class=\"url\">https:\/\/www.fetisch-cam.one\/CAMS\/DE\/Verzeichnis\/fuss_fetisch_1.html<\/span> <br \/> Frauen mit einer besonderen Vorliebe f\u00fcr F\u00fc\u00dfe und Schuhe zeigen dir Live vor der Cam ihre neuesten High-Heels, Stiefel, Socken, Nylons, Nagellack und vieles mehr. Hier dreht sich alles um wundervolle sexy Frauenf\u00fc\u00dfe.<\/p>\n<p><!-- Tipps Ende -->\n<\/div>\n<hr>\n<h2>Exklusive Strumpfhosen und Fu\u00df Fetisch Adressen<\/h2>\n<p>Hier im Pornoseiten Verzeichnis stellen wir in der Rubrik Nylon Fu\u00dffetisch nur die qualitativ besten deutschsprachigen Websites vor, die sich um Nylonsex und Fu\u00dferotik drehen. Du wirst Frauen real und im Camchat kennenlernen d\u00fcrfen, die sich dir in sexy Nylonstrumpfhosen pr\u00e4sentieren oder ihre Liebe f\u00fcr Frauenf\u00fc\u00dfe und Beine mit dir teilen m\u00f6chten. Verabrede Fu\u00df Fetisch Treffen mit hei\u00dfen deutschen Frauen oder chatte mit ihnen Cam2Cam live.<\/p>\n<p><img loading=\"lazy\" decoding=\"async\" src=\"https:\/\/www.pornoseiten.de.com\/images\/nylon-strumpfhosen-fussfetisch-girl.jpg\" width=\"769\" height=\"513\" alt=\"Fu\u00dffetisch Girl in Nylon Strumpfhosen\" \/><\/p>\n<h2>Was macht diese Nylon Sex und Fu\u00dffetisch Angebote so besonders?<\/h2>\n<ul>\n<li>Prickelnde Erotik mit tollen Frauen und sexy F\u00fc\u00dfen erleben<\/li>\n<li>Nat\u00fcrlich sch\u00f6ne Frauen in sexy Strumpfhosen kennenlernen<\/li>\n<li>Verabrede gezielt Sex Treffen mit Fu\u00dffetischistinnen<\/li>\n<li>Erhalte private Fotos und Videos von Damen in Nylon Strumpfhosen und Strapsen<\/li>\n<li>Teile dein Fable f\u00fcr Fu\u00dferotik mit Gleichgesinnten<\/li>\n<li>Lebe deine Vorliebe f\u00fcr Fu\u00dffetisch oder Nylon Sex endlich frei aus<\/li>\n<\/ul>\n<h3>Gleichgesinnte Nylon Fans und Fu\u00dffetischistinnen kennenlernen<\/h3>\n<p>Als Fu\u00dffetischist oder als Fan von sexy Nylonunterw\u00e4sche oder Strumpfhosen hat man es nicht so leicht, Partnerinnen zu finden, die diese Neigung verstehen oder sie gar unterst\u00fctzen und gemeinsam ausleben wollen. Daher gibt es bei uns im Verzeichnis f\u00fcr deutschsprachige Pornoseiten die Rubrik &#8218;Nylon und Fu\u00dffetisch&#8216;. Hier findest du eine Auswahl der besten Adressen zu diesem Thema.<\/p>\n","protected":false},"excerpt":{"rendered":"<p>Die besten Seiten zu Fu\u00dffetisch und Nylon Strumpfhosen Sex Exklusives Fu\u00dferotik Verzeichnis mit den besten Pornoseiten und Kontakt-Seiten f\u00fcr Fu\u00dfliebhaber und Fans geiler Nylon Erotik. W\u00e4hle aus Deutschlands Top Fu\u00dffetisch&hellip;<a href=\"https:\/\/www.pornoseiten.de.com\/nylon-fussfetisch\/\" class=\"more-link\"><span class=\"more-button\">Continue reading<span class=\"screen-reader-text\">Nylons &#038; Fu\u00dffetisch Tipps<\/span><\/span><\/a><\/p>\n","protected":false},"author":1,"featured_media":0,"parent":0,"menu_order":0,"comment_status":"closed","ping_status":"closed","template":"","meta":{"footnotes":""},"class_list":["post-6","page","type-page","status-publish","hentry"],"yoast_head":"<!-- This site is optimized with the Yoast SEO plugin v27.4 - https:\/\/yoast.com\/product\/yoast-seo-wordpress\/ -->\n<title>\u1405 Nylon Fu\u00dffetisch \u2261 Top Fu\u00dferotik &amp; Nylonsex Seiten<\/title>\n<meta name=\"description\" content=\"5\/5 \u2b50 Freunde geiler Frauenf\u00fc\u00dfe &amp; Nylon Strumpfhosen lieben dieses Verzeichnis \u272a Beste deutsche Adressen f\u00fcr Fu\u00dffetisch &amp; Nylonsex ll\u27a4 Ansehen!\" \/>\n<meta name=\"robots\" content=\"index, follow, max-snippet:-1, max-image-preview:large, max-video-preview:-1\" \/>\n<link rel=\"canonical\" href=\"https:\/\/www.pornoseiten.de.com\/nylon-fussfetisch\/\" \/>\n<meta property=\"og:locale\" content=\"de_DE\" \/>\n<meta property=\"og:type\" content=\"article\" \/>\n<meta property=\"og:title\" content=\"\u1405 Nylon Fu\u00dffetisch \u2261 Top Fu\u00dferotik &amp; Nylonsex Seiten\" \/>\n<meta property=\"og:description\" content=\"5\/5 \u2b50 Freunde geiler Frauenf\u00fc\u00dfe &amp; Nylon Strumpfhosen lieben dieses Verzeichnis \u272a Beste deutsche Adressen f\u00fcr Fu\u00dffetisch &amp; Nylonsex ll\u27a4 Ansehen!\" \/>\n<meta property=\"og:url\" content=\"https:\/\/www.pornoseiten.de.com\/nylon-fussfetisch\/\" \/>\n<meta property=\"og:site_name\" content=\"\u1405 Nylon Fu\u00dffetisch \u2261 Top Fu\u00dferotik &amp; Nylonsex Seiten\" \/>\n<meta property=\"article:modified_time\" content=\"2025-01-23T13:29:30+00:00\" \/>\n<meta property=\"og:image\" content=\"https:\/\/www.pornoseiten.de.com\/images\/nylon-strumpfhosen-fussfetisch-girl.jpg\" \/>\n<meta name=\"twitter:card\" content=\"summary_large_image\" \/>\n<meta name=\"twitter:label1\" content=\"Gesch\u00e4tzte Lesezeit\" \/>\n\t<meta name=\"twitter:data1\" content=\"3\u00a0Minuten\" \/>\n<script type=\"application\/ld+json\" class=\"yoast-schema-graph\">{\"@context\":\"https:\\\/\\\/schema.org\",\"@graph\":[{\"@type\":\"WebPage\",\"@id\":\"https:\\\/\\\/www.pornoseiten.de.com\\\/nylon-fussfetisch\\\/\",\"url\":\"https:\\\/\\\/www.pornoseiten.de.com\\\/nylon-fussfetisch\\\/\",\"name\":\"\u1405 Nylon Fu\u00dffetisch \u2261 Top Fu\u00dferotik & Nylonsex Seiten\",\"isPartOf\":{\"@id\":\"https:\\\/\\\/www.pornoseiten.de.com\\\/nylon-fussfetisch\\\/#website\"},\"primaryImageOfPage\":{\"@id\":\"https:\\\/\\\/www.pornoseiten.de.com\\\/nylon-fussfetisch\\\/#primaryimage\"},\"image\":{\"@id\":\"https:\\\/\\\/www.pornoseiten.de.com\\\/nylon-fussfetisch\\\/#primaryimage\"},\"thumbnailUrl\":\"https:\\\/\\\/www.pornoseiten.de.com\\\/images\\\/nylon-strumpfhosen-fussfetisch-girl.jpg\",\"datePublished\":\"2022-09-12T11:57:49+00:00\",\"dateModified\":\"2025-01-23T13:29:30+00:00\",\"description\":\"5\\\/5 \u2b50 Freunde geiler Frauenf\u00fc\u00dfe & Nylon Strumpfhosen lieben dieses Verzeichnis \u272a Beste deutsche Adressen f\u00fcr Fu\u00dffetisch & Nylonsex ll\u27a4 Ansehen!\",\"breadcrumb\":{\"@id\":\"https:\\\/\\\/www.pornoseiten.de.com\\\/nylon-fussfetisch\\\/#breadcrumb\"},\"inLanguage\":\"de\",\"potentialAction\":[{\"@type\":\"ReadAction\",\"target\":[\"https:\\\/\\\/www.pornoseiten.de.com\\\/nylon-fussfetisch\\\/\"]}]},{\"@type\":\"ImageObject\",\"inLanguage\":\"de\",\"@id\":\"https:\\\/\\\/www.pornoseiten.de.com\\\/nylon-fussfetisch\\\/#primaryimage\",\"url\":\"https:\\\/\\\/www.pornoseiten.de.com\\\/images\\\/nylon-strumpfhosen-fussfetisch-girl.jpg\",\"contentUrl\":\"https:\\\/\\\/www.pornoseiten.de.com\\\/images\\\/nylon-strumpfhosen-fussfetisch-girl.jpg\"},{\"@type\":\"BreadcrumbList\",\"@id\":\"https:\\\/\\\/www.pornoseiten.de.com\\\/nylon-fussfetisch\\\/#breadcrumb\",\"itemListElement\":[{\"@type\":\"ListItem\",\"position\":1,\"name\":\"Startseite\",\"item\":\"https:\\\/\\\/www.pornoseiten.de.com\\\/nylon-fussfetisch\\\/\"},{\"@type\":\"ListItem\",\"position\":2,\"name\":\"Nylons &#038; Fu\u00dffetisch Tipps\"}]},{\"@type\":\"WebSite\",\"@id\":\"https:\\\/\\\/www.pornoseiten.de.com\\\/nylon-fussfetisch\\\/#website\",\"url\":\"https:\\\/\\\/www.pornoseiten.de.com\\\/nylon-fussfetisch\\\/\",\"name\":\"\u1405 Nylon Fu\u00dffetisch \u2261 Top Fu\u00dferotik &amp; Nylonsex Seiten\",\"description\":\"Strumpfhosen &amp; Frauenf\u00fc\u00dfe nur f\u00fcr dich\",\"potentialAction\":[{\"@type\":\"SearchAction\",\"target\":{\"@type\":\"EntryPoint\",\"urlTemplate\":\"https:\\\/\\\/www.pornoseiten.de.com\\\/nylon-fussfetisch\\\/?s={search_term_string}\"},\"query-input\":{\"@type\":\"PropertyValueSpecification\",\"valueRequired\":true,\"valueName\":\"search_term_string\"}}],\"inLanguage\":\"de\"}]}<\/script>\n<!-- \/ Yoast SEO plugin. -->","yoast_head_json":{"title":"\u1405 Nylon Fu\u00dffetisch \u2261 Top Fu\u00dferotik & Nylonsex Seiten","description":"5\/5 \u2b50 Freunde geiler Frauenf\u00fc\u00dfe & Nylon Strumpfhosen lieben dieses Verzeichnis \u272a Beste deutsche Adressen f\u00fcr Fu\u00dffetisch & Nylonsex ll\u27a4 Ansehen!","robots":{"index":"index","follow":"follow","max-snippet":"max-snippet:-1","max-image-preview":"max-image-preview:large","max-video-preview":"max-video-preview:-1"},"canonical":"https:\/\/www.pornoseiten.de.com\/nylon-fussfetisch\/","og_locale":"de_DE","og_type":"article","og_title":"\u1405 Nylon Fu\u00dffetisch \u2261 Top Fu\u00dferotik & Nylonsex Seiten","og_description":"5\/5 \u2b50 Freunde geiler Frauenf\u00fc\u00dfe & Nylon Strumpfhosen lieben dieses Verzeichnis \u272a Beste deutsche Adressen f\u00fcr Fu\u00dffetisch & Nylonsex ll\u27a4 Ansehen!","og_url":"https:\/\/www.pornoseiten.de.com\/nylon-fussfetisch\/","og_site_name":"\u1405 Nylon Fu\u00dffetisch \u2261 Top Fu\u00dferotik &amp; Nylonsex Seiten","article_modified_time":"2025-01-23T13:29:30+00:00","og_image":[{"url":"https:\/\/www.pornoseiten.de.com\/images\/nylon-strumpfhosen-fussfetisch-girl.jpg","type":"","width":"","height":""}],"twitter_card":"summary_large_image","twitter_misc":{"Gesch\u00e4tzte Lesezeit":"3\u00a0Minuten"},"schema":{"@context":"https:\/\/schema.org","@graph":[{"@type":"WebPage","@id":"https:\/\/www.pornoseiten.de.com\/nylon-fussfetisch\/","url":"https:\/\/www.pornoseiten.de.com\/nylon-fussfetisch\/","name":"\u1405 Nylon Fu\u00dffetisch \u2261 Top Fu\u00dferotik & Nylonsex Seiten","isPartOf":{"@id":"https:\/\/www.pornoseiten.de.com\/nylon-fussfetisch\/#website"},"primaryImageOfPage":{"@id":"https:\/\/www.pornoseiten.de.com\/nylon-fussfetisch\/#primaryimage"},"image":{"@id":"https:\/\/www.pornoseiten.de.com\/nylon-fussfetisch\/#primaryimage"},"thumbnailUrl":"https:\/\/www.pornoseiten.de.com\/images\/nylon-strumpfhosen-fussfetisch-girl.jpg","datePublished":"2022-09-12T11:57:49+00:00","dateModified":"2025-01-23T13:29:30+00:00","description":"5\/5 \u2b50 Freunde geiler Frauenf\u00fc\u00dfe & Nylon Strumpfhosen lieben dieses Verzeichnis \u272a Beste deutsche Adressen f\u00fcr Fu\u00dffetisch & Nylonsex ll\u27a4 Ansehen!","breadcrumb":{"@id":"https:\/\/www.pornoseiten.de.com\/nylon-fussfetisch\/#breadcrumb"},"inLanguage":"de","potentialAction":[{"@type":"ReadAction","target":["https:\/\/www.pornoseiten.de.com\/nylon-fussfetisch\/"]}]},{"@type":"ImageObject","inLanguage":"de","@id":"https:\/\/www.pornoseiten.de.com\/nylon-fussfetisch\/#primaryimage","url":"https:\/\/www.pornoseiten.de.com\/images\/nylon-strumpfhosen-fussfetisch-girl.jpg","contentUrl":"https:\/\/www.pornoseiten.de.com\/images\/nylon-strumpfhosen-fussfetisch-girl.jpg"},{"@type":"BreadcrumbList","@id":"https:\/\/www.pornoseiten.de.com\/nylon-fussfetisch\/#breadcrumb","itemListElement":[{"@type":"ListItem","position":1,"name":"Startseite","item":"https:\/\/www.pornoseiten.de.com\/nylon-fussfetisch\/"},{"@type":"ListItem","position":2,"name":"Nylons &#038; Fu\u00dffetisch Tipps"}]},{"@type":"WebSite","@id":"https:\/\/www.pornoseiten.de.com\/nylon-fussfetisch\/#website","url":"https:\/\/www.pornoseiten.de.com\/nylon-fussfetisch\/","name":"\u1405 Nylon Fu\u00dffetisch \u2261 Top Fu\u00dferotik &amp; Nylonsex Seiten","description":"Strumpfhosen &amp; Frauenf\u00fc\u00dfe nur f\u00fcr dich","potentialAction":[{"@type":"SearchAction","target":{"@type":"EntryPoint","urlTemplate":"https:\/\/www.pornoseiten.de.com\/nylon-fussfetisch\/?s={search_term_string}"},"query-input":{"@type":"PropertyValueSpecification","valueRequired":true,"valueName":"search_term_string"}}],"inLanguage":"de"}]}},"_links":{"self":[{"href":"https:\/\/www.pornoseiten.de.com\/nylon-fussfetisch\/wp-json\/wp\/v2\/pages\/6","targetHints":{"allow":["GET"]}}],"collection":[{"href":"https:\/\/www.pornoseiten.de.com\/nylon-fussfetisch\/wp-json\/wp\/v2\/pages"}],"about":[{"href":"https:\/\/www.pornoseiten.de.com\/nylon-fussfetisch\/wp-json\/wp\/v2\/types\/page"}],"author":[{"embeddable":true,"href":"https:\/\/www.pornoseiten.de.com\/nylon-fussfetisch\/wp-json\/wp\/v2\/users\/1"}],"replies":[{"embeddable":true,"href":"https:\/\/www.pornoseiten.de.com\/nylon-fussfetisch\/wp-json\/wp\/v2\/comments?post=6"}],"version-history":[{"count":13,"href":"https:\/\/www.pornoseiten.de.com\/nylon-fussfetisch\/wp-json\/wp\/v2\/pages\/6\/revisions"}],"predecessor-version":[{"id":40,"href":"https:\/\/www.pornoseiten.de.com\/nylon-fussfetisch\/wp-json\/wp\/v2\/pages\/6\/revisions\/40"}],"wp:attachment":[{"href":"https:\/\/www.pornoseiten.de.com\/nylon-fussfetisch\/wp-json\/wp\/v2\/media?parent=6"}],"curies":[{"name":"wp","href":"https:\/\/api.w.org\/{rel}","templated":true}]}}