{"id":6,"date":"2022-09-12T14:09:34","date_gmt":"2022-09-12T12:09:34","guid":{"rendered":"https:\/\/www.pornoseiten.de.com\/parkplatzsex\/?page_id=6"},"modified":"2024-07-26T20:34:38","modified_gmt":"2024-07-26T18:34:38","slug":"parkplatzsex-startseite","status":"publish","type":"page","link":"https:\/\/www.pornoseiten.de.com\/parkplatzsex\/","title":{"rendered":"Parkplatzsex Angebote"},"content":{"rendered":"<h2>Die besten Parkplatzsex Seiten verschaffen dir geheime Rastplatzsex Treffen<\/h2>\n<p>Ob du aktiv Parkplatz Sex erleben oder als Spanner bei solchen Sextreffen zuschauen willst &#8211; hier findest du kostenlos Zugang zu den besten Communities rund um Parkplatzsex.<\/p>\n<hr>\n<p><!-- Tipps --><\/p>\n<div id=\"empfehlungen\">\n<h3>Rastplatz Sex Community<\/h3>\n<p><a href=\"https:\/\/www.rastplatz-sex.com\/\"><img loading=\"lazy\" decoding=\"async\" class=\"alignleft\" src=\"\/screenshots\/rastplatz-sex-com.jpg\" alt=\"https:\/\/www.rastplatz-sex.com\/\" width=\"230\" height=\"140\" class=\"alignleft size-full\" \/><\/a><\/p>\n<p class=\"desc\"><span class=\"url\">https:\/\/www.rastplatz-sex.com\/<\/span> <br \/> Du m\u00f6chtest wissen, wo in Deutschland, \u00d6sterreich oder der Schweiz Sex Treffen auf dem Rastplatz stattfinden? Informiere dich hier und du erf\u00e4hrst geheime Treffpunkte mit Datum und Uhrzeit.<\/p>\n<h3>Parkplatzsex Treffen<\/h3>\n<p><a href=\"https:\/\/www.parkplatz-fick.com\/\"><img loading=\"lazy\" decoding=\"async\" class=\"alignleft\" src=\"\/screenshots\/parkplatz-fick-com.jpg\" alt=\"https:\/\/www.parkplatz-fick.com\/\" width=\"230\" height=\"140\" class=\"alignleft size-full\" \/><\/a><\/p>\n<p class=\"desc\"><span class=\"url\">https:\/\/www.parkplatz-fick.com\/<\/span> <br \/> Wenn du auf Parkplatz Sex stehst, bist du bei dieser Seite genau richtig! Du kannst heute noch einen Parkplatz Fick verabreden oder erf\u00e4hrst geheime Abmachungen, bei denen du als Voyeur beim Parkplatzsex zusehen kannst.<\/p>\n<p><!-- Tipps Ende -->\n<\/div>\n<hr>\n<h2>Sex auf dem Parkplatz in der N\u00e4he aktiv und passiv erleben<\/h2>\n<p>Viele Parkplatzsex Fans wissen gar nicht, dass es Communities gibt, in denen solche geheimen Sextreffen in kleiner Runde t\u00e4glich verabredet werden. Dort versammeln sich sowohl M\u00e4nner, die aktiv mit einer Frau Sex auf dem Parkplatz oder der Autobahn vollziehen m\u00f6chten, als auch Voyeure, die dabei zuschauen und ggfs. unerkannt wichsen m\u00f6chten. Wir stellen die besten Geheimtipps vor, die sich mit Rastplatz- und Parkplatz Sex im deutschsprachigen Raum befassen.<\/p>\n<p><img loading=\"lazy\" decoding=\"async\" src=\"https:\/\/www.pornoseiten.de.com\/images\/parkplatz-sex-luder.jpg\" width=\"769\" height=\"388\" alt=\"Parkplatz Sex Luder\" \/><\/p>\n<h2>Wie komme ich an Parkplatzsex Treffen?<\/h2>\n<ul>\n<li>Zugang zu einer der oben empfohlenen Communities anlegen<\/li>\n<li>Erweiterte Suche f\u00fcr Parkplatzluder nutzen<\/li>\n<li>Mit Frauen chatten, die Rastplatzsex anbieten<\/li>\n<li>Eigenes Profil anlegen mit Foto und Vorlieben<\/li>\n<li>Klarstellen ob man aktiv oder passiv beim Parkplatz Sex dabei sein will<\/li>\n<\/ul>\n<h3>Ob Parkplatz Sex oder Autobahnsex<\/h3>\n<p>Hier im Pornoseiten Verzeichnis legen wir Wert auf Qualit\u00e4t. Daher stellen wir dir nur wenige, daf\u00fcr aber sorgf\u00e4ltig ausgew\u00e4hlte Premium-Seiten zum Thema Parkplatz Sex, Autobahnsex oder auch Rastplatz Sex vor. W\u00e4hle aus den besten Seiten eine aus, die dir zusagt. Dann kommst du in den Genuss, deine Tr\u00e4ume vom Parkplatzsex mit fremden Frauen und M\u00e4nnern schon sehr bald real erleben zu k\u00f6nnen.<\/p>\n","protected":false},"excerpt":{"rendered":"<p>Die besten Parkplatzsex Seiten verschaffen dir geheime Rastplatzsex Treffen Ob du aktiv Parkplatz Sex erleben oder als Spanner bei solchen Sextreffen zuschauen willst &#8211; hier findest du kostenlos Zugang zu&hellip;<a href=\"https:\/\/www.pornoseiten.de.com\/parkplatzsex\/\" class=\"more-link\"><span class=\"more-button\">Continue reading<span class=\"screen-reader-text\">Parkplatzsex Angebote<\/span><\/span><\/a><\/p>\n","protected":false},"author":1,"featured_media":0,"parent":0,"menu_order":0,"comment_status":"closed","ping_status":"closed","template":"","meta":{"footnotes":""},"class_list":["post-6","page","type-page","status-publish","hentry"],"yoast_head":"<!-- This site is optimized with the Yoast SEO plugin v27.5 - https:\/\/yoast.com\/product\/yoast-seo-wordpress\/ -->\n<title>\u1405 Beste Parkplatzsex Seiten \u2261 Rastplatz Sex in Deutschland<\/title>\n<meta name=\"description\" content=\"5\/5 \u2b50 Du suchst Frauen f\u00fcr einen Rastplatz Fick oder willst beim Parkplatzsex als Voyeur zusehen? \u272a Hier die besten Adressen ll\u27a4 Jetzt anschauen.\" \/>\n<meta name=\"robots\" content=\"index, follow, max-snippet:-1, max-image-preview:large, max-video-preview:-1\" \/>\n<link rel=\"canonical\" href=\"https:\/\/www.pornoseiten.de.com\/parkplatzsex\/\" \/>\n<meta property=\"og:locale\" content=\"de_DE\" \/>\n<meta property=\"og:type\" content=\"article\" \/>\n<meta property=\"og:title\" content=\"\u1405 Beste Parkplatzsex Seiten \u2261 Rastplatz Sex in Deutschland\" \/>\n<meta property=\"og:description\" content=\"5\/5 \u2b50 Du suchst Frauen f\u00fcr einen Rastplatz Fick oder willst beim Parkplatzsex als Voyeur zusehen? \u272a Hier die besten Adressen ll\u27a4 Jetzt anschauen.\" \/>\n<meta property=\"og:url\" content=\"https:\/\/www.pornoseiten.de.com\/parkplatzsex\/\" \/>\n<meta property=\"og:site_name\" content=\"\u1405 Beste Parkplatzsex Seiten \u2261 Rastplatz Sex in Deutschland\" \/>\n<meta property=\"article:modified_time\" content=\"2024-07-26T18:34:38+00:00\" \/>\n<meta property=\"og:image\" content=\"https:\/\/www.pornoseiten.de.com\/images\/parkplatz-sex-luder.jpg\" \/>\n<meta name=\"twitter:card\" content=\"summary_large_image\" \/>\n<meta name=\"twitter:label1\" content=\"Gesch\u00e4tzte Lesezeit\" \/>\n\t<meta name=\"twitter:data1\" content=\"3\u00a0Minuten\" \/>\n<script type=\"application\/ld+json\" class=\"yoast-schema-graph\">{\"@context\":\"https:\\\/\\\/schema.org\",\"@graph\":[{\"@type\":\"WebPage\",\"@id\":\"https:\\\/\\\/www.pornoseiten.de.com\\\/parkplatzsex\\\/\",\"url\":\"https:\\\/\\\/www.pornoseiten.de.com\\\/parkplatzsex\\\/\",\"name\":\"\u1405 Beste Parkplatzsex Seiten \u2261 Rastplatz Sex in Deutschland\",\"isPartOf\":{\"@id\":\"https:\\\/\\\/www.pornoseiten.de.com\\\/parkplatzsex\\\/#website\"},\"primaryImageOfPage\":{\"@id\":\"https:\\\/\\\/www.pornoseiten.de.com\\\/parkplatzsex\\\/#primaryimage\"},\"image\":{\"@id\":\"https:\\\/\\\/www.pornoseiten.de.com\\\/parkplatzsex\\\/#primaryimage\"},\"thumbnailUrl\":\"https:\\\/\\\/www.pornoseiten.de.com\\\/images\\\/parkplatz-sex-luder.jpg\",\"datePublished\":\"2022-09-12T12:09:34+00:00\",\"dateModified\":\"2024-07-26T18:34:38+00:00\",\"description\":\"5\\\/5 \u2b50 Du suchst Frauen f\u00fcr einen Rastplatz Fick oder willst beim Parkplatzsex als Voyeur zusehen? \u272a Hier die besten Adressen ll\u27a4 Jetzt anschauen.\",\"breadcrumb\":{\"@id\":\"https:\\\/\\\/www.pornoseiten.de.com\\\/parkplatzsex\\\/#breadcrumb\"},\"inLanguage\":\"de\",\"potentialAction\":[{\"@type\":\"ReadAction\",\"target\":[\"https:\\\/\\\/www.pornoseiten.de.com\\\/parkplatzsex\\\/\"]}]},{\"@type\":\"ImageObject\",\"inLanguage\":\"de\",\"@id\":\"https:\\\/\\\/www.pornoseiten.de.com\\\/parkplatzsex\\\/#primaryimage\",\"url\":\"https:\\\/\\\/www.pornoseiten.de.com\\\/images\\\/parkplatz-sex-luder.jpg\",\"contentUrl\":\"https:\\\/\\\/www.pornoseiten.de.com\\\/images\\\/parkplatz-sex-luder.jpg\"},{\"@type\":\"BreadcrumbList\",\"@id\":\"https:\\\/\\\/www.pornoseiten.de.com\\\/parkplatzsex\\\/#breadcrumb\",\"itemListElement\":[{\"@type\":\"ListItem\",\"position\":1,\"name\":\"Startseite\",\"item\":\"https:\\\/\\\/www.pornoseiten.de.com\\\/parkplatzsex\\\/\"},{\"@type\":\"ListItem\",\"position\":2,\"name\":\"Parkplatzsex Angebote\"}]},{\"@type\":\"WebSite\",\"@id\":\"https:\\\/\\\/www.pornoseiten.de.com\\\/parkplatzsex\\\/#website\",\"url\":\"https:\\\/\\\/www.pornoseiten.de.com\\\/parkplatzsex\\\/\",\"name\":\"\u1405 Beste Parkplatzsex Seiten \u2261 Rastplatz Sex in Deutschland\",\"description\":\"Finde Parkplatzluder - verabrede Treffen\",\"potentialAction\":[{\"@type\":\"SearchAction\",\"target\":{\"@type\":\"EntryPoint\",\"urlTemplate\":\"https:\\\/\\\/www.pornoseiten.de.com\\\/parkplatzsex\\\/?s={search_term_string}\"},\"query-input\":{\"@type\":\"PropertyValueSpecification\",\"valueRequired\":true,\"valueName\":\"search_term_string\"}}],\"inLanguage\":\"de\"}]}<\/script>\n<!-- \/ Yoast SEO plugin. -->","yoast_head_json":{"title":"\u1405 Beste Parkplatzsex Seiten \u2261 Rastplatz Sex in Deutschland","description":"5\/5 \u2b50 Du suchst Frauen f\u00fcr einen Rastplatz Fick oder willst beim Parkplatzsex als Voyeur zusehen? \u272a Hier die besten Adressen ll\u27a4 Jetzt anschauen.","robots":{"index":"index","follow":"follow","max-snippet":"max-snippet:-1","max-image-preview":"max-image-preview:large","max-video-preview":"max-video-preview:-1"},"canonical":"https:\/\/www.pornoseiten.de.com\/parkplatzsex\/","og_locale":"de_DE","og_type":"article","og_title":"\u1405 Beste Parkplatzsex Seiten \u2261 Rastplatz Sex in Deutschland","og_description":"5\/5 \u2b50 Du suchst Frauen f\u00fcr einen Rastplatz Fick oder willst beim Parkplatzsex als Voyeur zusehen? \u272a Hier die besten Adressen ll\u27a4 Jetzt anschauen.","og_url":"https:\/\/www.pornoseiten.de.com\/parkplatzsex\/","og_site_name":"\u1405 Beste Parkplatzsex Seiten \u2261 Rastplatz Sex in Deutschland","article_modified_time":"2024-07-26T18:34:38+00:00","og_image":[{"url":"https:\/\/www.pornoseiten.de.com\/images\/parkplatz-sex-luder.jpg","type":"","width":"","height":""}],"twitter_card":"summary_large_image","twitter_misc":{"Gesch\u00e4tzte Lesezeit":"3\u00a0Minuten"},"schema":{"@context":"https:\/\/schema.org","@graph":[{"@type":"WebPage","@id":"https:\/\/www.pornoseiten.de.com\/parkplatzsex\/","url":"https:\/\/www.pornoseiten.de.com\/parkplatzsex\/","name":"\u1405 Beste Parkplatzsex Seiten \u2261 Rastplatz Sex in Deutschland","isPartOf":{"@id":"https:\/\/www.pornoseiten.de.com\/parkplatzsex\/#website"},"primaryImageOfPage":{"@id":"https:\/\/www.pornoseiten.de.com\/parkplatzsex\/#primaryimage"},"image":{"@id":"https:\/\/www.pornoseiten.de.com\/parkplatzsex\/#primaryimage"},"thumbnailUrl":"https:\/\/www.pornoseiten.de.com\/images\/parkplatz-sex-luder.jpg","datePublished":"2022-09-12T12:09:34+00:00","dateModified":"2024-07-26T18:34:38+00:00","description":"5\/5 \u2b50 Du suchst Frauen f\u00fcr einen Rastplatz Fick oder willst beim Parkplatzsex als Voyeur zusehen? \u272a Hier die besten Adressen ll\u27a4 Jetzt anschauen.","breadcrumb":{"@id":"https:\/\/www.pornoseiten.de.com\/parkplatzsex\/#breadcrumb"},"inLanguage":"de","potentialAction":[{"@type":"ReadAction","target":["https:\/\/www.pornoseiten.de.com\/parkplatzsex\/"]}]},{"@type":"ImageObject","inLanguage":"de","@id":"https:\/\/www.pornoseiten.de.com\/parkplatzsex\/#primaryimage","url":"https:\/\/www.pornoseiten.de.com\/images\/parkplatz-sex-luder.jpg","contentUrl":"https:\/\/www.pornoseiten.de.com\/images\/parkplatz-sex-luder.jpg"},{"@type":"BreadcrumbList","@id":"https:\/\/www.pornoseiten.de.com\/parkplatzsex\/#breadcrumb","itemListElement":[{"@type":"ListItem","position":1,"name":"Startseite","item":"https:\/\/www.pornoseiten.de.com\/parkplatzsex\/"},{"@type":"ListItem","position":2,"name":"Parkplatzsex Angebote"}]},{"@type":"WebSite","@id":"https:\/\/www.pornoseiten.de.com\/parkplatzsex\/#website","url":"https:\/\/www.pornoseiten.de.com\/parkplatzsex\/","name":"\u1405 Beste Parkplatzsex Seiten \u2261 Rastplatz Sex in Deutschland","description":"Finde Parkplatzluder - verabrede Treffen","potentialAction":[{"@type":"SearchAction","target":{"@type":"EntryPoint","urlTemplate":"https:\/\/www.pornoseiten.de.com\/parkplatzsex\/?s={search_term_string}"},"query-input":{"@type":"PropertyValueSpecification","valueRequired":true,"valueName":"search_term_string"}}],"inLanguage":"de"}]}},"_links":{"self":[{"href":"https:\/\/www.pornoseiten.de.com\/parkplatzsex\/wp-json\/wp\/v2\/pages\/6","targetHints":{"allow":["GET"]}}],"collection":[{"href":"https:\/\/www.pornoseiten.de.com\/parkplatzsex\/wp-json\/wp\/v2\/pages"}],"about":[{"href":"https:\/\/www.pornoseiten.de.com\/parkplatzsex\/wp-json\/wp\/v2\/types\/page"}],"author":[{"embeddable":true,"href":"https:\/\/www.pornoseiten.de.com\/parkplatzsex\/wp-json\/wp\/v2\/users\/1"}],"replies":[{"embeddable":true,"href":"https:\/\/www.pornoseiten.de.com\/parkplatzsex\/wp-json\/wp\/v2\/comments?post=6"}],"version-history":[{"count":8,"href":"https:\/\/www.pornoseiten.de.com\/parkplatzsex\/wp-json\/wp\/v2\/pages\/6\/revisions"}],"predecessor-version":[{"id":35,"href":"https:\/\/www.pornoseiten.de.com\/parkplatzsex\/wp-json\/wp\/v2\/pages\/6\/revisions\/35"}],"wp:attachment":[{"href":"https:\/\/www.pornoseiten.de.com\/parkplatzsex\/wp-json\/wp\/v2\/media?parent=6"}],"curies":[{"name":"wp","href":"https:\/\/api.w.org\/{rel}","templated":true}]}}