{"id":6,"date":"2022-09-12T14:21:49","date_gmt":"2022-09-12T12:21:49","guid":{"rendered":"https:\/\/www.pornoseiten.de.com\/sex-cam-live\/?page_id=6"},"modified":"2025-09-02T14:45:14","modified_gmt":"2025-09-02T12:45:14","slug":"sex-cam-live-startseite","status":"publish","type":"page","link":"https:\/\/www.pornoseiten.de.com\/sex-cam-live\/","title":{"rendered":"Sex Cam Live Angebote"},"content":{"rendered":"<h2>Top Sex Cam Live Portale Deutschlands erkunden<\/h2>\n<p>Nur die besten Seiten zum Sexcam testen wirst du hier im Pornoseiten Katalog finden. Der Zugang zu allen guten Sex Cam Seiten mit Cam2Cam Live Chat ist hier kostenlos.<\/p>\n<hr>\n<p><!-- Tipps --><\/p>\n<div id=\"empfehlungen\">\n<h3>Sexcams testen<\/h3>\n<p><a href=\"https:\/\/www.sexcams-testen.net\/\"><img loading=\"lazy\" decoding=\"async\" class=\"alignleft\" src=\"\/screenshots\/sexcams-testen-net.jpg\" alt=\"https:\/\/www.sexcams-testen.net\/\" width=\"230\" height=\"140\" class=\"alignleft size-full\" \/><\/a><\/p>\n<p class=\"desc\"><span class=\"url\">https:\/\/www.sexcams-testen.net\/<\/span> <br \/> Sicher dir auf dieser geilen Seite sofort 50 \u20ac Startguthaben, um eine der hiesigen Sexcams testen zu d\u00fcrfen. Geile Frauen wie Emily Diaz und Malina Lay sowie viele andere warten im Sexcamchat!<\/p>\n<h3>Geile WebcamGirls live<\/h3>\n<p><a href=\"https:\/\/www.private-sexcams.com\/\"><img loading=\"lazy\" decoding=\"async\" class=\"alignleft\" src=\"\/screenshots\/private-sexcams-com.jpg\" alt=\"https:\/\/www.private-sexcams.com\/\" width=\"230\" height=\"140\" class=\"alignleft size-full\" \/><\/a><\/p>\n<p class=\"desc\"><span class=\"url\">https:\/\/www.private-sexcams.com\/<\/span> <br \/> Jetzt echten Livesex mit sexy Girls vor der privaten SexCam erleben. Geile nackten Frauen warten in den privaten Sexcams auf Dich.<\/p>\n<h3>Folge dem Guru zu den besten Sexcams<\/h3>\n<p><a href=\"https:\/\/www.sexcam.guru\/\"><img loading=\"lazy\" decoding=\"async\" class=\"alignleft\" src=\"\/screenshots\/sexcam-guru.jpg\" alt=\"https:\/\/www.sexcam.guru\/\" width=\"230\" height=\"140\" class=\"alignleft size-full\" \/><\/a><\/p>\n<p class=\"desc\"><span class=\"url\">https:\/\/www.sexcam.guru\/<\/span> <br \/> Hey du, auf dieser Deutschsprachigen Sexcam Site erwarten dich hei\u00dfe Livesex Shows mit attraktiven Cam-Models! Tauche ein in die Welt der interaktiven Lust und lasse dich verf\u00fchren.<\/p>\n<h3>Sexcam Chat Community<\/h3>\n<p><a href=\"https:\/\/www.sexcam-community.com\/\"><img loading=\"lazy\" decoding=\"async\" class=\"alignleft\" src=\"\/screenshots\/sexcam-community-com.jpg\" alt=\"https:\/\/www.sexcam-community.com\/\" width=\"230\" height=\"140\" class=\"alignleft size-full\" \/><\/a><\/p>\n<p class=\"desc\"><span class=\"url\">https:\/\/www.sexcam-community.com\/<\/span> <br \/> Jetzt Sexcams kostenlos testen und 50 Euro Startguthaben geschenkt bekommen. Geile Sexcam Liveshows mit sexy Camgirls im Live Cam Chat erwarten Dich!<\/p>\n<h3>Sexcam Suchmaschine &#8211; kostenlos!<\/h3>\n<p><a href=\"https:\/\/www.nursexcam.com\/\n\"><img loading=\"lazy\" decoding=\"async\" class=\"alignleft\" src=\"\/screenshots\/nursexcam-com.jpg\" alt=\"https:\/\/www.nursexcam.com\/\" width=\"230\" height=\"140\" class=\"alignleft size-full\" \/><\/a><\/p>\n<p class=\"desc\"><span class=\"url\">https:\/\/www.nursexcam.com\/<\/span> <br \/> Probiere kostenlose Sexcam Chats aus und entdecke neue erotische Abenteuer in gratis Hardcore Sexshows! Chatte mit Frauen und genie\u00dfe hei\u00dfe Momente, ohne einen Cent zu bezahlen.<\/p>\n<h3>Sex Cam Girls warten im Livecamchat<\/h3>\n<p><a href=\"https:\/\/www.sexcam-livechat.com\/\"><img loading=\"lazy\" decoding=\"async\" class=\"alignleft\" src=\"\/screenshots\/sexcam-livechat-com.jpg\" alt=\"https:\/\/www.sexcam-livechat.com\/\" width=\"230\" height=\"140\" class=\"alignleft size-full\" \/><\/a><\/p>\n<p class=\"desc\"><span class=\"url\">https:\/\/www.sexcam-livechat.com\/<\/span> <br \/> Verruchte Sch\u00f6nheiten erwarten dich im Livechat. Erlebe hei\u00dfe Momente, w\u00e4hrend die Sexcam Frauen sich selbst erforschen. Sei dabei, wenn sie es sich zu deiner Zufriedenheit besorgen.<\/p>\n<h3>Private Sex Cam Shows<\/h3>\n<p><a href=\"https:\/\/www.sex-cams-live.com\/de\/\"><img loading=\"lazy\" decoding=\"async\" class=\"alignleft\" src=\"\/screenshots\/sex-cams-live-com.jpg\" alt=\"https:\/\/www.sex-cams-live.com\/de\/\" width=\"230\" height=\"140\" class=\"alignleft size-full\" \/><\/a><\/p>\n<p class=\"desc\"><span class=\"url\">https:\/\/www.sex-cams-live.com\/de\/<\/span> <br \/> Entdecke Sex Cams mit internationalen Frauen live und tauche Cam2Cam ein in erotische Erfahrungen. Du wirst von attraktiven Damen weltweit verzaubert werden und mehrfach abspritzen!<\/p>\n<h3>Deutschlands beliebteste Sex Webcam Seite<\/h3>\n<p><a href=\"https:\/\/www.sex-webcam.click\/\"><img loading=\"lazy\" decoding=\"async\" class=\"alignleft\" src=\"\/screenshots\/sex-webcam-click.jpg\" alt=\"https:\/\/www.sex-webcam.click\/\" width=\"230\" height=\"140\" class=\"alignleft size-full\" \/><\/a><\/p>\n<p class=\"desc\"><span class=\"url\">https:\/\/www.sex-webcam.click\/<\/span> <br \/> Finde neue Kontakte und erlebe prickelnde Momente anonym mit nackten Frauen. Im Sex Webcam Chat kannst du dich entspannen und deine Fantasien mit Livegirls ausleben.<\/p>\n<h3>Sexcam Chat<\/h3>\n<p><a href=\"https:\/\/www.sexcam666.com\/\"><img loading=\"lazy\" decoding=\"async\" class=\"alignleft\" src=\"\/screenshots\/sexcam666-com.jpg\" alt=\"https:\/\/www.sexcam666.com\/\" width=\"230\" height=\"140\" class=\"alignleft size-full\" \/><\/a><\/p>\n<p class=\"desc\"><span class=\"url\">https:\/\/www.sexcam666.com\/<\/span> <br \/> Dieses Portal mit deutschsprachigem Cam2Cam Sexcam Chat wird dich \u00fcberzeugen, wie es uns \u00fcberzeugt hat! Private Deutsche Sexcams mit sexy Frauen rund um die Uhr live. Die Mitgliedschaft ist hier kostenlos.<\/p>\n<h3>Sexcam und Telefonsex vereint<\/h3>\n<p><a href=\"https:\/\/www.sexcamtelefonsexor.com\/\"><img loading=\"lazy\" decoding=\"async\" class=\"alignleft\" src=\"\/screenshots\/sexcamtelefonsexor-com.jpg\" alt=\"https:\/\/www.sexcamtelefonsexor.com\/\" width=\"230\" height=\"140\" class=\"alignleft size-full\" \/><\/a><\/p>\n<p class=\"desc\"><span class=\"url\">https:\/\/www.sexcamtelefonsexor.com\/<\/span> <br \/> Die Erotik Webcam mit Audiofunktion bringt eine neue Dimension in das Livesex-Vergn\u00fcgen. Genie\u00dfe den Anblick von sexy Frauen vor der Cam und telefoniere gleichzeitig mit ihnen. Anonymer Zugang per Handy vereinfacht den Einstieg zum Sexcamtelefonsex.<\/p>\n<h3>Deutsche Frauen im Camsex Chat<\/h3>\n<p><a href=\"https:\/\/www.deutsche-sexcam.live\/\"><img loading=\"lazy\" decoding=\"async\" class=\"alignleft\" src=\"\/screenshots\/deutsche-sexcam-live.jpg\" alt=\"https:\/\/www.deutsche-sexcam.live\/\" width=\"230\" height=\"140\" class=\"alignleft size-full\" \/><\/a><\/p>\n<p class=\"desc\"><span class=\"url\">https:\/\/www.deutsche-sexcam.live\/<\/span> <br \/> Erlebe aufregende Chats mit deutschen Frauen live vor ihren Erotischen Webcams. Bei einem erregenden Sexchat vor der Sexcam schmeckt das Feierabendbierchen gleich viel k\u00f6stlicher. Sichere dir gratis Coins f\u00fcr deine Erstanmeldung.<\/p>\n<p><!-- Tipps Ende -->\n<\/div>\n<hr>\n<h2>Deutsche Sexcam Seiten mit HD Sexcams und Chat<\/h2>\n<p>Hier in der Rubrik &#8218;Sex Cam Live&#8216; ist der Name Programm: Wir zeigen dir hier die besten deutschsprachigen Portale mit Sexcam Chat in bester Qualit\u00e4t! HD Sexcams mit Cam2Cam Funktion sind au\u00dfergew\u00f6hnlich und man erlebt interaktiven Camsex mit Frauen, Paaren und Transen jedes Alters, die man sich selbst aussuchen kann. Nur die besten Sex Cam Seiten, die den hohen Anspr\u00fcchen unserer Redaktion und externer Fans gen\u00fcgen, werden hier im Pornoseiten Verzeichnis vorgestellt.<\/p>\n<p><img loading=\"lazy\" decoding=\"async\" src=\"https:\/\/www.pornoseiten.de.com\/images\/sexcam-girl.jpg\" width=\"769\" height=\"513\" alt=\"Sexcam Girl\" \/><\/p>\n<h2>Wie kann ich eine Sex Cam live testen?<\/h2>\n<ul>\n<li>Melde dich gratis bei einem von uns empfohlenen Portal mit privaten Sexcams an<\/li>\n<li>Achte auf Testangebote des Anbieters<\/li>\n<li>Sieh nach ob es Freiminuten bei Erstanmeldung gibt<\/li>\n<li>Halte Ausschau nach Gutscheinen zum Testen einer Sexcam<\/li>\n<li>Checke ob es einen prozentualen Bonus auf deine erste Aufladung gibt<\/li>\n<li>Schalte deine Webcam ein f\u00fcr Cam2Cam Livesex via Sex Cam live<\/li>\n<li><\/li>\n<\/ul>\n<h3>Deutschsprachige Sexcam Portale, die \u00fcberzeugen!<\/h3>\n<p>Wir empfehlen dir hier im Verzeichnis f\u00fcr deutschsprachige Pornoseiten ausschlie\u00dflich Sexcam Portale, auf denen auch \u00fcberwiegend Frauen senden, die dich verstehen. Was bringt es dir, wenn du Mitglied eines ausl\u00e4ndischen Sexcam Angebots bist, du dich aber nicht mit den Camgirls verst\u00e4ndigen kannst. Teste einfach eine Sex Cam live, es ist ja ganz einfach. W\u00e4hle aus den Top Empfehlungen oben eines aus, was dir zusagt und nutze den kostenfreien Zugang zum Testen der Sexcams in HD. Zumeist erwarten dich noch viele weitere tolle Angebote auf allen von uns und unseren Fans vorgeschlagenen Seiten zum Thema Sexcam testen.<\/p>\n","protected":false},"excerpt":{"rendered":"<p>Top Sex Cam Live Portale Deutschlands erkunden Nur die besten Seiten zum Sexcam testen wirst du hier im Pornoseiten Katalog finden. Der Zugang zu allen guten Sex Cam Seiten mit&hellip;<a href=\"https:\/\/www.pornoseiten.de.com\/sex-cam-live\/\" class=\"more-link\"><span class=\"more-button\">Continue reading<span class=\"screen-reader-text\">Sex Cam Live Angebote<\/span><\/span><\/a><\/p>\n","protected":false},"author":1,"featured_media":0,"parent":0,"menu_order":0,"comment_status":"closed","ping_status":"closed","template":"","meta":{"footnotes":""},"class_list":["post-6","page","type-page","status-publish","hentry"],"yoast_head":"<!-- This site is optimized with the Yoast SEO plugin v27.5 - https:\/\/yoast.com\/product\/yoast-seo-wordpress\/ -->\n<title>\u1405 Beste Sex Cam Live \u2261 Top Seiten zum Sexcam testen<\/title>\n<meta name=\"description\" content=\"4,5\/5 \u2b50 Du willst wissen wo die besten Sexcams &amp; Sexcam Girls sind \u272a Entdecke die besten Sex Cam Seiten mit Live Chat ll\u27a4 Jetzt sofort loslegen.\" \/>\n<meta name=\"robots\" content=\"index, follow, max-snippet:-1, max-image-preview:large, max-video-preview:-1\" \/>\n<link rel=\"canonical\" href=\"https:\/\/www.pornoseiten.de.com\/sex-cam-live\/\" \/>\n<meta property=\"og:locale\" content=\"de_DE\" \/>\n<meta property=\"og:type\" content=\"article\" \/>\n<meta property=\"og:title\" content=\"\u1405 Beste Sex Cam Live \u2261 Top Seiten zum Sexcam testen\" \/>\n<meta property=\"og:description\" content=\"4,5\/5 \u2b50 Du willst wissen wo die besten Sexcams &amp; Sexcam Girls sind \u272a Entdecke die besten Sex Cam Seiten mit Live Chat ll\u27a4 Jetzt sofort loslegen.\" \/>\n<meta property=\"og:url\" content=\"https:\/\/www.pornoseiten.de.com\/sex-cam-live\/\" \/>\n<meta property=\"og:site_name\" content=\"\u1405 Beste Sex Cam Live \u2261 Top Seiten zum Sexcam testen\" \/>\n<meta property=\"article:modified_time\" content=\"2025-09-02T12:45:14+00:00\" \/>\n<meta property=\"og:image\" content=\"https:\/\/www.pornoseiten.de.com\/images\/sexcam-girl.jpg\" \/>\n<meta name=\"twitter:card\" content=\"summary_large_image\" \/>\n<meta name=\"twitter:label1\" content=\"Gesch\u00e4tzte Lesezeit\" \/>\n\t<meta name=\"twitter:data1\" content=\"6\u00a0Minuten\" \/>\n<script type=\"application\/ld+json\" class=\"yoast-schema-graph\">{\"@context\":\"https:\\\/\\\/schema.org\",\"@graph\":[{\"@type\":\"WebPage\",\"@id\":\"https:\\\/\\\/www.pornoseiten.de.com\\\/sex-cam-live\\\/\",\"url\":\"https:\\\/\\\/www.pornoseiten.de.com\\\/sex-cam-live\\\/\",\"name\":\"\u1405 Beste Sex Cam Live \u2261 Top Seiten zum Sexcam testen\",\"isPartOf\":{\"@id\":\"https:\\\/\\\/www.pornoseiten.de.com\\\/sex-cam-live\\\/#website\"},\"primaryImageOfPage\":{\"@id\":\"https:\\\/\\\/www.pornoseiten.de.com\\\/sex-cam-live\\\/#primaryimage\"},\"image\":{\"@id\":\"https:\\\/\\\/www.pornoseiten.de.com\\\/sex-cam-live\\\/#primaryimage\"},\"thumbnailUrl\":\"https:\\\/\\\/www.pornoseiten.de.com\\\/images\\\/sexcam-girl.jpg\",\"datePublished\":\"2022-09-12T12:21:49+00:00\",\"dateModified\":\"2025-09-02T12:45:14+00:00\",\"description\":\"4,5\\\/5 \u2b50 Du willst wissen wo die besten Sexcams & Sexcam Girls sind \u272a Entdecke die besten Sex Cam Seiten mit Live Chat ll\u27a4 Jetzt sofort loslegen.\",\"breadcrumb\":{\"@id\":\"https:\\\/\\\/www.pornoseiten.de.com\\\/sex-cam-live\\\/#breadcrumb\"},\"inLanguage\":\"de\",\"potentialAction\":[{\"@type\":\"ReadAction\",\"target\":[\"https:\\\/\\\/www.pornoseiten.de.com\\\/sex-cam-live\\\/\"]}]},{\"@type\":\"ImageObject\",\"inLanguage\":\"de\",\"@id\":\"https:\\\/\\\/www.pornoseiten.de.com\\\/sex-cam-live\\\/#primaryimage\",\"url\":\"https:\\\/\\\/www.pornoseiten.de.com\\\/images\\\/sexcam-girl.jpg\",\"contentUrl\":\"https:\\\/\\\/www.pornoseiten.de.com\\\/images\\\/sexcam-girl.jpg\"},{\"@type\":\"BreadcrumbList\",\"@id\":\"https:\\\/\\\/www.pornoseiten.de.com\\\/sex-cam-live\\\/#breadcrumb\",\"itemListElement\":[{\"@type\":\"ListItem\",\"position\":1,\"name\":\"Startseite\",\"item\":\"https:\\\/\\\/www.pornoseiten.de.com\\\/sex-cam-live\\\/\"},{\"@type\":\"ListItem\",\"position\":2,\"name\":\"Sex Cam Live Angebote\"}]},{\"@type\":\"WebSite\",\"@id\":\"https:\\\/\\\/www.pornoseiten.de.com\\\/sex-cam-live\\\/#website\",\"url\":\"https:\\\/\\\/www.pornoseiten.de.com\\\/sex-cam-live\\\/\",\"name\":\"\u1405 Beste Sex Cam Live \u2261 Top Seiten zum Sexcam testen\",\"description\":\"Livesex mit Cam to Cam Feature\",\"potentialAction\":[{\"@type\":\"SearchAction\",\"target\":{\"@type\":\"EntryPoint\",\"urlTemplate\":\"https:\\\/\\\/www.pornoseiten.de.com\\\/sex-cam-live\\\/?s={search_term_string}\"},\"query-input\":{\"@type\":\"PropertyValueSpecification\",\"valueRequired\":true,\"valueName\":\"search_term_string\"}}],\"inLanguage\":\"de\"}]}<\/script>\n<!-- \/ Yoast SEO plugin. -->","yoast_head_json":{"title":"\u1405 Beste Sex Cam Live \u2261 Top Seiten zum Sexcam testen","description":"4,5\/5 \u2b50 Du willst wissen wo die besten Sexcams & Sexcam Girls sind \u272a Entdecke die besten Sex Cam Seiten mit Live Chat ll\u27a4 Jetzt sofort loslegen.","robots":{"index":"index","follow":"follow","max-snippet":"max-snippet:-1","max-image-preview":"max-image-preview:large","max-video-preview":"max-video-preview:-1"},"canonical":"https:\/\/www.pornoseiten.de.com\/sex-cam-live\/","og_locale":"de_DE","og_type":"article","og_title":"\u1405 Beste Sex Cam Live \u2261 Top Seiten zum Sexcam testen","og_description":"4,5\/5 \u2b50 Du willst wissen wo die besten Sexcams & Sexcam Girls sind \u272a Entdecke die besten Sex Cam Seiten mit Live Chat ll\u27a4 Jetzt sofort loslegen.","og_url":"https:\/\/www.pornoseiten.de.com\/sex-cam-live\/","og_site_name":"\u1405 Beste Sex Cam Live \u2261 Top Seiten zum Sexcam testen","article_modified_time":"2025-09-02T12:45:14+00:00","og_image":[{"url":"https:\/\/www.pornoseiten.de.com\/images\/sexcam-girl.jpg","type":"","width":"","height":""}],"twitter_card":"summary_large_image","twitter_misc":{"Gesch\u00e4tzte Lesezeit":"6\u00a0Minuten"},"schema":{"@context":"https:\/\/schema.org","@graph":[{"@type":"WebPage","@id":"https:\/\/www.pornoseiten.de.com\/sex-cam-live\/","url":"https:\/\/www.pornoseiten.de.com\/sex-cam-live\/","name":"\u1405 Beste Sex Cam Live \u2261 Top Seiten zum Sexcam testen","isPartOf":{"@id":"https:\/\/www.pornoseiten.de.com\/sex-cam-live\/#website"},"primaryImageOfPage":{"@id":"https:\/\/www.pornoseiten.de.com\/sex-cam-live\/#primaryimage"},"image":{"@id":"https:\/\/www.pornoseiten.de.com\/sex-cam-live\/#primaryimage"},"thumbnailUrl":"https:\/\/www.pornoseiten.de.com\/images\/sexcam-girl.jpg","datePublished":"2022-09-12T12:21:49+00:00","dateModified":"2025-09-02T12:45:14+00:00","description":"4,5\/5 \u2b50 Du willst wissen wo die besten Sexcams & Sexcam Girls sind \u272a Entdecke die besten Sex Cam Seiten mit Live Chat ll\u27a4 Jetzt sofort loslegen.","breadcrumb":{"@id":"https:\/\/www.pornoseiten.de.com\/sex-cam-live\/#breadcrumb"},"inLanguage":"de","potentialAction":[{"@type":"ReadAction","target":["https:\/\/www.pornoseiten.de.com\/sex-cam-live\/"]}]},{"@type":"ImageObject","inLanguage":"de","@id":"https:\/\/www.pornoseiten.de.com\/sex-cam-live\/#primaryimage","url":"https:\/\/www.pornoseiten.de.com\/images\/sexcam-girl.jpg","contentUrl":"https:\/\/www.pornoseiten.de.com\/images\/sexcam-girl.jpg"},{"@type":"BreadcrumbList","@id":"https:\/\/www.pornoseiten.de.com\/sex-cam-live\/#breadcrumb","itemListElement":[{"@type":"ListItem","position":1,"name":"Startseite","item":"https:\/\/www.pornoseiten.de.com\/sex-cam-live\/"},{"@type":"ListItem","position":2,"name":"Sex Cam Live Angebote"}]},{"@type":"WebSite","@id":"https:\/\/www.pornoseiten.de.com\/sex-cam-live\/#website","url":"https:\/\/www.pornoseiten.de.com\/sex-cam-live\/","name":"\u1405 Beste Sex Cam Live \u2261 Top Seiten zum Sexcam testen","description":"Livesex mit Cam to Cam Feature","potentialAction":[{"@type":"SearchAction","target":{"@type":"EntryPoint","urlTemplate":"https:\/\/www.pornoseiten.de.com\/sex-cam-live\/?s={search_term_string}"},"query-input":{"@type":"PropertyValueSpecification","valueRequired":true,"valueName":"search_term_string"}}],"inLanguage":"de"}]}},"_links":{"self":[{"href":"https:\/\/www.pornoseiten.de.com\/sex-cam-live\/wp-json\/wp\/v2\/pages\/6","targetHints":{"allow":["GET"]}}],"collection":[{"href":"https:\/\/www.pornoseiten.de.com\/sex-cam-live\/wp-json\/wp\/v2\/pages"}],"about":[{"href":"https:\/\/www.pornoseiten.de.com\/sex-cam-live\/wp-json\/wp\/v2\/types\/page"}],"author":[{"embeddable":true,"href":"https:\/\/www.pornoseiten.de.com\/sex-cam-live\/wp-json\/wp\/v2\/users\/1"}],"replies":[{"embeddable":true,"href":"https:\/\/www.pornoseiten.de.com\/sex-cam-live\/wp-json\/wp\/v2\/comments?post=6"}],"version-history":[{"count":18,"href":"https:\/\/www.pornoseiten.de.com\/sex-cam-live\/wp-json\/wp\/v2\/pages\/6\/revisions"}],"predecessor-version":[{"id":46,"href":"https:\/\/www.pornoseiten.de.com\/sex-cam-live\/wp-json\/wp\/v2\/pages\/6\/revisions\/46"}],"wp:attachment":[{"href":"https:\/\/www.pornoseiten.de.com\/sex-cam-live\/wp-json\/wp\/v2\/media?parent=6"}],"curies":[{"name":"wp","href":"https:\/\/api.w.org\/{rel}","templated":true}]}}