{"id":6,"date":"2022-09-12T14:00:26","date_gmt":"2022-09-12T12:00:26","guid":{"rendered":"https:\/\/www.pornoseiten.de.com\/sex-community\/?page_id=6"},"modified":"2024-09-12T15:37:17","modified_gmt":"2024-09-12T13:37:17","slug":"sex-community-startseite","status":"publish","type":"page","link":"https:\/\/www.pornoseiten.de.com\/sex-community\/","title":{"rendered":"Sex Community Angebote"},"content":{"rendered":"<h2>W\u00e4hle die beste Sex Community oder deine Top Amateurcommunity aus<\/h2>\n<p>Hier im Pornoseiten Verzeichnis findest du die Top Adressen der besten Amateur Community oder Sexcommunity mit hohem Frauen-Anteil. W\u00e4hle deine favorisierte Sex Community.<\/p>\n<hr>\n<p><!-- Tipps --><\/p>\n<div id=\"empfehlungen\">\n<h3>Schweizer Amateurcommunity<\/h3>\n<p><a href=\"https:\/\/www.sex-community.ch\/\"><img loading=\"lazy\" decoding=\"async\" class=\"alignleft\" src=\"\/screenshots\/sex-community-ch.jpg\" alt=\"https:\/\/www.sex-community.ch\/\" width=\"230\" height=\"140\" class=\"alignleft size-full\" \/><\/a><\/p>\n<p class=\"desc\"><span class=\"url\">https:\/\/www.sex-community.ch\/<\/span> <br \/> Die beliebte Sexcommunity aus der Schweiz l\u00e4dt dich ein. M\u00f6chtest du aufregende Dates in der Schweiz finden oder Pornovideos sowie Livecams mit Chat genie\u00dfen? Dann besuche die kostenlose Schweizer Sex Community!<\/p>\n<h3>DIE Sexcommunity!<\/h3>\n<p><a href=\"https:\/\/www.sexcommunity24.com\/\"><img loading=\"lazy\" decoding=\"async\" class=\"alignleft\" src=\"\/screenshots\/sexcommunity24-com.jpg\" alt=\"https:\/\/www.sexcommunity24.com\/\" width=\"230\" height=\"140\" class=\"alignleft size-full\" \/><\/a><\/p>\n<p class=\"desc\"><span class=\"url\">https:\/\/www.sexcommunity24.com\/<\/span> <br \/> Entdecke diese einzigartige, deutschsprachige Sexcommunity, wo du Amateurpornos genie\u00dfen und in privaten Sex-Chat Messengern spannende Interaktionen erleben kannst. Komm und werde Teil dieser erotischen Welt f\u00fcr Erwachsene mit Anspruch!<\/p>\n<h3>Amateur Sex Chat gratis<\/h3>\n<p><a href=\"https:\/\/www.amateur-chat.com\/\"><img loading=\"lazy\" decoding=\"async\" class=\"alignleft\" src=\"\/screenshots\/amateur-chat-com.jpg\" alt=\"https:\/\/www.amateur-chat.com\/\" width=\"230\" height=\"140\" class=\"alignleft size-full\" \/><\/a><\/p>\n<p class=\"desc\"><span class=\"url\">https:\/\/www.amateur-chat.com\/<\/span> <br \/> Kennst du bereits Frauen wie Tight Tini, Lena Young oder Nele Sweet? Sie und viele weitere Frauen erwarten dich hier in Deutschlands geiler Amateur Sex Chat Community. Zugang gratis &#8211; absoluter Top-Tipp!<\/p>\n<h3>Amateur Sexcommunity<\/h3>\n<p><a href=\"https:\/\/www.amateur-sexcommunity.net\/\"><img loading=\"lazy\" decoding=\"async\" class=\"alignleft\" src=\"\/screenshots\/amateur-sexcommunity-net.jpg\" alt=\"https:\/\/www.amateur-sexcommunity.net\/\" width=\"230\" height=\"140\" class=\"alignleft size-full\" \/><\/a><\/p>\n<p class=\"desc\"><span class=\"url\">https:\/\/www.amateur-sexcommunity.net\/<\/span> <br \/> Werde kostenfrei Teil der wohl gr\u00f6\u00dften deutschsprachigen Sexcommunity mit Amateuren und vielen aktiven Mitgliedern auf der Suche nach Spa\u00df f\u00fcr Erwachsene! Sexcams, Videos, Sextreffen &#8230; alles was du brauchst!<\/p>\n<p><!-- Tipps Ende -->\n<\/div>\n<hr>\n<h2>Deutsche Sex Portale und Pornoseiten mit Vollerotik<\/h2>\n<p>Wir befassen uns hier ausschlie\u00dflich mit guten deutschsprachigen Sexportalen, die sowohl einen kostenlosen Zugang bieten, als auch mit hoher Qualit\u00e4t all ihrer Features und M\u00f6glichkeiten punkten k\u00f6nnen. Auf diesen exklusiven Pornoseiten erwartet dich absolut geile Vollerotik f\u00fcr Erwachsene, die du dir unbedingt anschauen solltest. W\u00e4hle eine Top Amateurcommunity oder eine vorgestellte Sex Community aus.<\/p>\n<p><img loading=\"lazy\" decoding=\"async\" src=\"https:\/\/www.pornoseiten.de.com\/images\/tight-tini-cam-chat.jpg\" width=\"769\" height=\"549\" alt=\"Tight Tini auf Amateur-Chat.com\" \/><\/p>\n<h2>Was zeichnet eine gute Sex Community aus?<\/h2>\n<ul>\n<li>Kostenlose Mitgliedschaft ohne Wenn und Aber<\/li>\n<li>Qualitativ hochwertige sexuelle Angebote<\/li>\n<li>St\u00e4ndige Aktualisierung durch hohe Anzahl aktiver Mitlieder<\/li>\n<li>Private Sexfotos<\/li>\n<li>T\u00e4glich neue Amateur Pornos<\/li>\n<li>Private Livecams mit Cam2Cam in HD oder 4K<\/li>\n<li>Sex Chat Messenger und\/oder Handy Textchat<\/li>\n<li>Kein Abo und keine Zwangszahlungen<\/li>\n<li>Datenschutz sowie sichere und diskrete Zahlungsm\u00f6glichkeiten<\/li>\n<\/ul>\n<h3>Eine gute Sexcommunity stellt dich 100% zufrieden!<\/h3>\n<p>Wir wollen, dass du absolute Befriedigung erf\u00e4hrst und es dir an nichts mangelt! Die L\u00f6sung: Werde Teil einer wirklich guten Sexcommunity mit allem, was das geile Herz braucht! Wir haben es und hier im Pornoseiten Katalog zur Aufgabe gemacht, die regelm\u00e4\u00dfig die Top Adressen vorzustellen und k\u00f6nnen dir nur raten, die mal eine empfohlene Sex Community anzuschauen &#8211; kostet dich ja nichts!<\/p>\n","protected":false},"excerpt":{"rendered":"<p>W\u00e4hle die beste Sex Community oder deine Top Amateurcommunity aus Hier im Pornoseiten Verzeichnis findest du die Top Adressen der besten Amateur Community oder Sexcommunity mit hohem Frauen-Anteil. W\u00e4hle deine&hellip;<a href=\"https:\/\/www.pornoseiten.de.com\/sex-community\/\" class=\"more-link\"><span class=\"more-button\">Continue reading<span class=\"screen-reader-text\">Sex Community Angebote<\/span><\/span><\/a><\/p>\n","protected":false},"author":1,"featured_media":0,"parent":0,"menu_order":0,"comment_status":"closed","ping_status":"closed","template":"","meta":{"footnotes":""},"class_list":["post-6","page","type-page","status-publish","hentry"],"yoast_head":"<!-- This site is optimized with the Yoast SEO plugin v27.5 - https:\/\/yoast.com\/product\/yoast-seo-wordpress\/ -->\n<title>\u1405 Beste Sex Community \u2261 Top Amateurcommunity Seiten<\/title>\n<meta name=\"description\" content=\"4,5\/5 \u2b50 Auf der Suche nach der perfekten Sex Community oder Amateurcommunity? \u272a Deutschlands Top Porno Communities ll\u27a4 W\u00e4hle deine aus!\" \/>\n<meta name=\"robots\" content=\"index, follow, max-snippet:-1, max-image-preview:large, max-video-preview:-1\" \/>\n<link rel=\"canonical\" href=\"https:\/\/www.pornoseiten.de.com\/sex-community\/\" \/>\n<meta property=\"og:locale\" content=\"de_DE\" \/>\n<meta property=\"og:type\" content=\"article\" \/>\n<meta property=\"og:title\" content=\"\u1405 Beste Sex Community \u2261 Top Amateurcommunity Seiten\" \/>\n<meta property=\"og:description\" content=\"4,5\/5 \u2b50 Auf der Suche nach der perfekten Sex Community oder Amateurcommunity? \u272a Deutschlands Top Porno Communities ll\u27a4 W\u00e4hle deine aus!\" \/>\n<meta property=\"og:url\" content=\"https:\/\/www.pornoseiten.de.com\/sex-community\/\" \/>\n<meta property=\"og:site_name\" content=\"\u1405 Beste Sex Community \u2261 Top Amateurcommunity Seiten\" \/>\n<meta property=\"article:modified_time\" content=\"2024-09-12T13:37:17+00:00\" \/>\n<meta property=\"og:image\" content=\"https:\/\/www.pornoseiten.de.com\/images\/tight-tini-cam-chat.jpg\" \/>\n<meta name=\"twitter:card\" content=\"summary_large_image\" \/>\n<meta name=\"twitter:label1\" content=\"Gesch\u00e4tzte Lesezeit\" \/>\n\t<meta name=\"twitter:data1\" content=\"3\u00a0Minuten\" \/>\n<script type=\"application\/ld+json\" class=\"yoast-schema-graph\">{\"@context\":\"https:\\\/\\\/schema.org\",\"@graph\":[{\"@type\":\"WebPage\",\"@id\":\"https:\\\/\\\/www.pornoseiten.de.com\\\/sex-community\\\/\",\"url\":\"https:\\\/\\\/www.pornoseiten.de.com\\\/sex-community\\\/\",\"name\":\"\u1405 Beste Sex Community \u2261 Top Amateurcommunity Seiten\",\"isPartOf\":{\"@id\":\"https:\\\/\\\/www.pornoseiten.de.com\\\/sex-community\\\/#website\"},\"primaryImageOfPage\":{\"@id\":\"https:\\\/\\\/www.pornoseiten.de.com\\\/sex-community\\\/#primaryimage\"},\"image\":{\"@id\":\"https:\\\/\\\/www.pornoseiten.de.com\\\/sex-community\\\/#primaryimage\"},\"thumbnailUrl\":\"https:\\\/\\\/www.pornoseiten.de.com\\\/images\\\/tight-tini-cam-chat.jpg\",\"datePublished\":\"2022-09-12T12:00:26+00:00\",\"dateModified\":\"2024-09-12T13:37:17+00:00\",\"description\":\"4,5\\\/5 \u2b50 Auf der Suche nach der perfekten Sex Community oder Amateurcommunity? \u272a Deutschlands Top Porno Communities ll\u27a4 W\u00e4hle deine aus!\",\"breadcrumb\":{\"@id\":\"https:\\\/\\\/www.pornoseiten.de.com\\\/sex-community\\\/#breadcrumb\"},\"inLanguage\":\"de\",\"potentialAction\":[{\"@type\":\"ReadAction\",\"target\":[\"https:\\\/\\\/www.pornoseiten.de.com\\\/sex-community\\\/\"]}]},{\"@type\":\"ImageObject\",\"inLanguage\":\"de\",\"@id\":\"https:\\\/\\\/www.pornoseiten.de.com\\\/sex-community\\\/#primaryimage\",\"url\":\"https:\\\/\\\/www.pornoseiten.de.com\\\/images\\\/tight-tini-cam-chat.jpg\",\"contentUrl\":\"https:\\\/\\\/www.pornoseiten.de.com\\\/images\\\/tight-tini-cam-chat.jpg\"},{\"@type\":\"BreadcrumbList\",\"@id\":\"https:\\\/\\\/www.pornoseiten.de.com\\\/sex-community\\\/#breadcrumb\",\"itemListElement\":[{\"@type\":\"ListItem\",\"position\":1,\"name\":\"Startseite\",\"item\":\"https:\\\/\\\/www.pornoseiten.de.com\\\/sex-community\\\/\"},{\"@type\":\"ListItem\",\"position\":2,\"name\":\"Sex Community Angebote\"}]},{\"@type\":\"WebSite\",\"@id\":\"https:\\\/\\\/www.pornoseiten.de.com\\\/sex-community\\\/#website\",\"url\":\"https:\\\/\\\/www.pornoseiten.de.com\\\/sex-community\\\/\",\"name\":\"\u1405 Beste Sex Community \u2261 Top Amateurcommunity Seiten\",\"description\":\"Finde dein liebstes Sexportal\",\"potentialAction\":[{\"@type\":\"SearchAction\",\"target\":{\"@type\":\"EntryPoint\",\"urlTemplate\":\"https:\\\/\\\/www.pornoseiten.de.com\\\/sex-community\\\/?s={search_term_string}\"},\"query-input\":{\"@type\":\"PropertyValueSpecification\",\"valueRequired\":true,\"valueName\":\"search_term_string\"}}],\"inLanguage\":\"de\"}]}<\/script>\n<!-- \/ Yoast SEO plugin. -->","yoast_head_json":{"title":"\u1405 Beste Sex Community \u2261 Top Amateurcommunity Seiten","description":"4,5\/5 \u2b50 Auf der Suche nach der perfekten Sex Community oder Amateurcommunity? \u272a Deutschlands Top Porno Communities ll\u27a4 W\u00e4hle deine aus!","robots":{"index":"index","follow":"follow","max-snippet":"max-snippet:-1","max-image-preview":"max-image-preview:large","max-video-preview":"max-video-preview:-1"},"canonical":"https:\/\/www.pornoseiten.de.com\/sex-community\/","og_locale":"de_DE","og_type":"article","og_title":"\u1405 Beste Sex Community \u2261 Top Amateurcommunity Seiten","og_description":"4,5\/5 \u2b50 Auf der Suche nach der perfekten Sex Community oder Amateurcommunity? \u272a Deutschlands Top Porno Communities ll\u27a4 W\u00e4hle deine aus!","og_url":"https:\/\/www.pornoseiten.de.com\/sex-community\/","og_site_name":"\u1405 Beste Sex Community \u2261 Top Amateurcommunity Seiten","article_modified_time":"2024-09-12T13:37:17+00:00","og_image":[{"url":"https:\/\/www.pornoseiten.de.com\/images\/tight-tini-cam-chat.jpg","type":"","width":"","height":""}],"twitter_card":"summary_large_image","twitter_misc":{"Gesch\u00e4tzte Lesezeit":"3\u00a0Minuten"},"schema":{"@context":"https:\/\/schema.org","@graph":[{"@type":"WebPage","@id":"https:\/\/www.pornoseiten.de.com\/sex-community\/","url":"https:\/\/www.pornoseiten.de.com\/sex-community\/","name":"\u1405 Beste Sex Community \u2261 Top Amateurcommunity Seiten","isPartOf":{"@id":"https:\/\/www.pornoseiten.de.com\/sex-community\/#website"},"primaryImageOfPage":{"@id":"https:\/\/www.pornoseiten.de.com\/sex-community\/#primaryimage"},"image":{"@id":"https:\/\/www.pornoseiten.de.com\/sex-community\/#primaryimage"},"thumbnailUrl":"https:\/\/www.pornoseiten.de.com\/images\/tight-tini-cam-chat.jpg","datePublished":"2022-09-12T12:00:26+00:00","dateModified":"2024-09-12T13:37:17+00:00","description":"4,5\/5 \u2b50 Auf der Suche nach der perfekten Sex Community oder Amateurcommunity? \u272a Deutschlands Top Porno Communities ll\u27a4 W\u00e4hle deine aus!","breadcrumb":{"@id":"https:\/\/www.pornoseiten.de.com\/sex-community\/#breadcrumb"},"inLanguage":"de","potentialAction":[{"@type":"ReadAction","target":["https:\/\/www.pornoseiten.de.com\/sex-community\/"]}]},{"@type":"ImageObject","inLanguage":"de","@id":"https:\/\/www.pornoseiten.de.com\/sex-community\/#primaryimage","url":"https:\/\/www.pornoseiten.de.com\/images\/tight-tini-cam-chat.jpg","contentUrl":"https:\/\/www.pornoseiten.de.com\/images\/tight-tini-cam-chat.jpg"},{"@type":"BreadcrumbList","@id":"https:\/\/www.pornoseiten.de.com\/sex-community\/#breadcrumb","itemListElement":[{"@type":"ListItem","position":1,"name":"Startseite","item":"https:\/\/www.pornoseiten.de.com\/sex-community\/"},{"@type":"ListItem","position":2,"name":"Sex Community Angebote"}]},{"@type":"WebSite","@id":"https:\/\/www.pornoseiten.de.com\/sex-community\/#website","url":"https:\/\/www.pornoseiten.de.com\/sex-community\/","name":"\u1405 Beste Sex Community \u2261 Top Amateurcommunity Seiten","description":"Finde dein liebstes Sexportal","potentialAction":[{"@type":"SearchAction","target":{"@type":"EntryPoint","urlTemplate":"https:\/\/www.pornoseiten.de.com\/sex-community\/?s={search_term_string}"},"query-input":{"@type":"PropertyValueSpecification","valueRequired":true,"valueName":"search_term_string"}}],"inLanguage":"de"}]}},"_links":{"self":[{"href":"https:\/\/www.pornoseiten.de.com\/sex-community\/wp-json\/wp\/v2\/pages\/6","targetHints":{"allow":["GET"]}}],"collection":[{"href":"https:\/\/www.pornoseiten.de.com\/sex-community\/wp-json\/wp\/v2\/pages"}],"about":[{"href":"https:\/\/www.pornoseiten.de.com\/sex-community\/wp-json\/wp\/v2\/types\/page"}],"author":[{"embeddable":true,"href":"https:\/\/www.pornoseiten.de.com\/sex-community\/wp-json\/wp\/v2\/users\/1"}],"replies":[{"embeddable":true,"href":"https:\/\/www.pornoseiten.de.com\/sex-community\/wp-json\/wp\/v2\/comments?post=6"}],"version-history":[{"count":8,"href":"https:\/\/www.pornoseiten.de.com\/sex-community\/wp-json\/wp\/v2\/pages\/6\/revisions"}],"predecessor-version":[{"id":36,"href":"https:\/\/www.pornoseiten.de.com\/sex-community\/wp-json\/wp\/v2\/pages\/6\/revisions\/36"}],"wp:attachment":[{"href":"https:\/\/www.pornoseiten.de.com\/sex-community\/wp-json\/wp\/v2\/media?parent=6"}],"curies":[{"name":"wp","href":"https:\/\/api.w.org\/{rel}","templated":true}]}}