{"id":6,"date":"2022-09-12T14:04:22","date_gmt":"2022-09-12T12:04:22","guid":{"rendered":"https:\/\/www.pornoseiten.de.com\/stripchat\/?page_id=6"},"modified":"2024-09-12T16:13:53","modified_gmt":"2024-09-12T14:13:53","slug":"stripchat-startseite","status":"publish","type":"page","link":"https:\/\/www.pornoseiten.de.com\/stripchat\/","title":{"rendered":"Stripchat Empfehlungen"},"content":{"rendered":"<h2>Deutschlands beste Stripchat und Livesex Seiten<\/h2>\n<p>Genie\u00dfe den besten Camsex, den du jemals erlebt hast. Hier im Pornoseiten Katalog stellen wir nur die besten Stripchat Seiten mit sexy Livestrip Girls Cam2Cam vor. W\u00e4hle aus!<\/p>\n<hr>\n<p><!-- Tipps --><\/p>\n<div id=\"empfehlungen\">\n<h3>Camsex Gutschein<\/h3>\n<p><a href=\"https:\/\/www.camsex-gutschein.com\/\"><img loading=\"lazy\" decoding=\"async\" class=\"alignleft\" src=\"\/screenshots\/camsex-gutschein-com.jpg\" alt=\"https:\/\/www.camsex-gutschein.com\/\" width=\"230\" height=\"140\" class=\"alignleft size-full\" \/><\/a><\/p>\n<p class=\"desc\"><span class=\"url\">https:\/\/www.camsex-gutschein.com\/<\/span> <br \/> Einfach grandios! Bei diesem Camsex Portal kannst du dir 50 \u20ac kostenloses Guthaben in Form eines Gutscheins f\u00fcr Deutschlands bekanntestes Stripchat Portal abholen. Worauf wartest du?<\/p>\n<h3>Livestrip Gutschein<\/h3>\n<p><a href=\"https:\/\/www.livestripgutschein.com\/\"><img loading=\"lazy\" decoding=\"async\" class=\"alignleft\" src=\"\/screenshots\/livestripgutschein-com.jpg\" alt=\"https:\/\/www.livestripgutschein.com\/\" width=\"230\" height=\"140\" class=\"alignleft size-full\" \/><\/a><\/p>\n<p class=\"desc\"><span class=\"url\">https:\/\/www.livestripgutschein.com\/<\/span> <br \/> Du kennst sicher die Livestrip Werbung aus dem TV!? Ganz genau &#8211; und auf dieser Seite findest du einen 50 \u20ac Gutschein, den du sofort einl\u00f6sen und damit gratis den Sex Cam Chat testen kannst.<\/p>\n<h3>Beste Sexchat Community<\/h3>\n<p><a href=\"https:\/\/www.sexchat-deutsch.net\/\"><img loading=\"lazy\" decoding=\"async\" class=\"alignleft\" src=\"\/screenshots\/sexchat-deutsch-net.jpg\" alt=\"https:\/\/www.sexchat-deutsch.net\/\" width=\"230\" height=\"140\" class=\"alignleft size-full\" \/><\/a><\/p>\n<p class=\"desc\"><span class=\"url\">https:\/\/www.sexchat-deutsch.net\/<\/span> <br \/> Sch\u00f6n, dass du da bist und nach einer M\u00f6glichkeit zum Sexchatten suchst! Erlebe spannende und sinnliche Momente mit deutschsprachigen Frauen live vor der Cam im Sexchat. Tauche ein in ein aufregendes Erlebnis!<\/p>\n<h3>Wichse nackt mit Frauen<\/h3>\n<p><a href=\"https:\/\/www.nacktchatten.com\/\"><img loading=\"lazy\" decoding=\"async\" class=\"alignleft\" src=\"\/screenshots\/nacktchatten-com.jpg\" alt=\"https:\/\/www.nacktchatten.com\/\" width=\"230\" height=\"140\" class=\"alignleft size-full\" \/><\/a><\/p>\n<p class=\"desc\"><span class=\"url\">https:\/\/www.nacktchatten.com\/<\/span> <br \/> Lieber Freund geiler, anspruchsvoller Liveerotik: Hier findest du eine diskrete Plattform zum Austausch mit gleichgesinnten Frauen \u00fcber die Vorliebe Nacktwichsen. Kommuniziere live und anonym im Chat.<\/p>\n<h3>Cam Sex Portal mit Cam2Cam Chat<\/h3>\n<p><a href=\"https:\/\/www.camsex-chat.com\/\"><img loading=\"lazy\" decoding=\"async\" class=\"alignleft\" src=\"\/screenshots\/camsex-chat-com.jpg\" alt=\"https:\/\/www.camsex-chat.com\/\" width=\"230\" height=\"140\" class=\"alignleft size-full\" \/><\/a><\/p>\n<p class=\"desc\"><span class=\"url\">https:\/\/www.camsex-chat.com\/<\/span> <br \/> In einem Camsex Chat mit Girls erwarten dich hei\u00dfe Live-Chats und aufregende Erlebnisse. Du kannst dabei mit attraktiven Frauen per Stripchat schreiben und deine Fantasien Cam2Cam mit ihnen ausleben.<\/p>\n<p><!-- Tipps Ende -->\n<\/div>\n<hr>\n<h2>Top Live Sex Chat Portale vorgestellt<\/h2>\n<p>Hier hast du die Chance, die besten Livesex Communities in deutscher Sprache auszuprobieren. Wir stellen nur die besten Stripchat Portale vor, die nach unserer Meinung mit Qualit\u00e4t in allen Belangen punkten k\u00f6nnen. Livecam Sex in HD und ein ausgezeichneter Ton sowie ein Cam2Cam Modus sind Voraussetzung. Zudem gew\u00e4hrt dir jede empfohlene Seite hier den kostenlosen Zugang.<\/p>\n<p><img loading=\"lazy\" decoding=\"async\" src=\"https:\/\/www.pornoseiten.de.com\/images\/camgirl-im-stripchat.jpg\" width=\"769\" height=\"639\" alt=\"Camgirl im Stripchat\" \/><\/p>\n<h2>Was bietet mir ein gutes Stripchat Portal?<\/h2>\n<ul>\n<li>Livestrip und Chat jederzeit auch mobil<\/li>\n<li>Gestochen scharfe Darbietungen in HD<\/li>\n<li>Private Livecams nat\u00fcrlicher Frauen und bekannter Amateur Pornostars<\/li>\n<li>Foto Galerien der Camgirls<\/li>\n<li>Preview Videos der Livestrip Girls<\/li>\n<li>Fetisch Stripchat Bereich<\/li>\n<li>Ggfs. anonymer Telefonzugang ohne Anmeldung<\/li>\n<\/ul>\n<h3>Beste Strip Chat Portale mit deutschsprachigen Camgirls<\/h3>\n<p>W\u00e4hle aus den besten Strip Chat Seiten Deutschlands einfach die Beste aus! Hier bekommst du Gutscheine, Freiminuten und einen stets kostenlosen Zugang zum Bereich f\u00fcr Erwachsene. Dort warten geile Livestrip Girls im privaten Stripchat mit Cam2Cam Funktion auf dich.<\/p>\n","protected":false},"excerpt":{"rendered":"<p>Deutschlands beste Stripchat und Livesex Seiten Genie\u00dfe den besten Camsex, den du jemals erlebt hast. Hier im Pornoseiten Katalog stellen wir nur die besten Stripchat Seiten mit sexy Livestrip Girls&hellip;<a href=\"https:\/\/www.pornoseiten.de.com\/stripchat\/\" class=\"more-link\"><span class=\"more-button\">Continue reading<span class=\"screen-reader-text\">Stripchat Empfehlungen<\/span><\/span><\/a><\/p>\n","protected":false},"author":1,"featured_media":0,"parent":0,"menu_order":0,"comment_status":"closed","ping_status":"closed","template":"","meta":{"footnotes":""},"class_list":["post-6","page","type-page","status-publish","hentry"],"yoast_head":"<!-- This site is optimized with the Yoast SEO plugin v27.4 - https:\/\/yoast.com\/product\/yoast-seo-wordpress\/ -->\n<title>\u1405 Beste Stripchat Seiten \u2261 Top Deutsche Livesex Tipps<\/title>\n<meta name=\"description\" content=\"4,5\/5 \u2b50 Beobachte Livestrip Girls im privaten Cam2Cam Stripchat \u272a Geheime Top Tipps f\u00fcr besten Livesex im Netz ll\u27a4 W\u00e4hle deine Favoriten aus.\" \/>\n<meta name=\"robots\" content=\"index, follow, max-snippet:-1, max-image-preview:large, max-video-preview:-1\" \/>\n<link rel=\"canonical\" href=\"https:\/\/www.pornoseiten.de.com\/stripchat\/\" \/>\n<meta property=\"og:locale\" content=\"de_DE\" \/>\n<meta property=\"og:type\" content=\"article\" \/>\n<meta property=\"og:title\" content=\"\u1405 Beste Stripchat Seiten \u2261 Top Deutsche Livesex Tipps\" \/>\n<meta property=\"og:description\" content=\"4,5\/5 \u2b50 Beobachte Livestrip Girls im privaten Cam2Cam Stripchat \u272a Geheime Top Tipps f\u00fcr besten Livesex im Netz ll\u27a4 W\u00e4hle deine Favoriten aus.\" \/>\n<meta property=\"og:url\" content=\"https:\/\/www.pornoseiten.de.com\/stripchat\/\" \/>\n<meta property=\"og:site_name\" content=\"\u1405 Beste Stripchat Seiten \u2261 Top Deutsche Livesex Tipps\" \/>\n<meta property=\"article:modified_time\" content=\"2024-09-12T14:13:53+00:00\" \/>\n<meta property=\"og:image\" content=\"https:\/\/www.pornoseiten.de.com\/images\/camgirl-im-stripchat.jpg\" \/>\n<meta name=\"twitter:card\" content=\"summary_large_image\" \/>\n<meta name=\"twitter:label1\" content=\"Gesch\u00e4tzte Lesezeit\" \/>\n\t<meta name=\"twitter:data1\" content=\"3\u00a0Minuten\" \/>\n<script type=\"application\/ld+json\" class=\"yoast-schema-graph\">{\"@context\":\"https:\\\/\\\/schema.org\",\"@graph\":[{\"@type\":\"WebPage\",\"@id\":\"https:\\\/\\\/www.pornoseiten.de.com\\\/stripchat\\\/\",\"url\":\"https:\\\/\\\/www.pornoseiten.de.com\\\/stripchat\\\/\",\"name\":\"\u1405 Beste Stripchat Seiten \u2261 Top Deutsche Livesex Tipps\",\"isPartOf\":{\"@id\":\"https:\\\/\\\/www.pornoseiten.de.com\\\/stripchat\\\/#website\"},\"primaryImageOfPage\":{\"@id\":\"https:\\\/\\\/www.pornoseiten.de.com\\\/stripchat\\\/#primaryimage\"},\"image\":{\"@id\":\"https:\\\/\\\/www.pornoseiten.de.com\\\/stripchat\\\/#primaryimage\"},\"thumbnailUrl\":\"https:\\\/\\\/www.pornoseiten.de.com\\\/images\\\/camgirl-im-stripchat.jpg\",\"datePublished\":\"2022-09-12T12:04:22+00:00\",\"dateModified\":\"2024-09-12T14:13:53+00:00\",\"description\":\"4,5\\\/5 \u2b50 Beobachte Livestrip Girls im privaten Cam2Cam Stripchat \u272a Geheime Top Tipps f\u00fcr besten Livesex im Netz ll\u27a4 W\u00e4hle deine Favoriten aus.\",\"breadcrumb\":{\"@id\":\"https:\\\/\\\/www.pornoseiten.de.com\\\/stripchat\\\/#breadcrumb\"},\"inLanguage\":\"de\",\"potentialAction\":[{\"@type\":\"ReadAction\",\"target\":[\"https:\\\/\\\/www.pornoseiten.de.com\\\/stripchat\\\/\"]}]},{\"@type\":\"ImageObject\",\"inLanguage\":\"de\",\"@id\":\"https:\\\/\\\/www.pornoseiten.de.com\\\/stripchat\\\/#primaryimage\",\"url\":\"https:\\\/\\\/www.pornoseiten.de.com\\\/images\\\/camgirl-im-stripchat.jpg\",\"contentUrl\":\"https:\\\/\\\/www.pornoseiten.de.com\\\/images\\\/camgirl-im-stripchat.jpg\"},{\"@type\":\"BreadcrumbList\",\"@id\":\"https:\\\/\\\/www.pornoseiten.de.com\\\/stripchat\\\/#breadcrumb\",\"itemListElement\":[{\"@type\":\"ListItem\",\"position\":1,\"name\":\"Startseite\",\"item\":\"https:\\\/\\\/www.pornoseiten.de.com\\\/stripchat\\\/\"},{\"@type\":\"ListItem\",\"position\":2,\"name\":\"Stripchat Empfehlungen\"}]},{\"@type\":\"WebSite\",\"@id\":\"https:\\\/\\\/www.pornoseiten.de.com\\\/stripchat\\\/#website\",\"url\":\"https:\\\/\\\/www.pornoseiten.de.com\\\/stripchat\\\/\",\"name\":\"\u1405 Beste Stripchat Seiten \u2261 Top Deutsche Livesex Tipps\",\"description\":\"Camchat und Sexcam Angebote\",\"potentialAction\":[{\"@type\":\"SearchAction\",\"target\":{\"@type\":\"EntryPoint\",\"urlTemplate\":\"https:\\\/\\\/www.pornoseiten.de.com\\\/stripchat\\\/?s={search_term_string}\"},\"query-input\":{\"@type\":\"PropertyValueSpecification\",\"valueRequired\":true,\"valueName\":\"search_term_string\"}}],\"inLanguage\":\"de\"}]}<\/script>\n<!-- \/ Yoast SEO plugin. -->","yoast_head_json":{"title":"\u1405 Beste Stripchat Seiten \u2261 Top Deutsche Livesex Tipps","description":"4,5\/5 \u2b50 Beobachte Livestrip Girls im privaten Cam2Cam Stripchat \u272a Geheime Top Tipps f\u00fcr besten Livesex im Netz ll\u27a4 W\u00e4hle deine Favoriten aus.","robots":{"index":"index","follow":"follow","max-snippet":"max-snippet:-1","max-image-preview":"max-image-preview:large","max-video-preview":"max-video-preview:-1"},"canonical":"https:\/\/www.pornoseiten.de.com\/stripchat\/","og_locale":"de_DE","og_type":"article","og_title":"\u1405 Beste Stripchat Seiten \u2261 Top Deutsche Livesex Tipps","og_description":"4,5\/5 \u2b50 Beobachte Livestrip Girls im privaten Cam2Cam Stripchat \u272a Geheime Top Tipps f\u00fcr besten Livesex im Netz ll\u27a4 W\u00e4hle deine Favoriten aus.","og_url":"https:\/\/www.pornoseiten.de.com\/stripchat\/","og_site_name":"\u1405 Beste Stripchat Seiten \u2261 Top Deutsche Livesex Tipps","article_modified_time":"2024-09-12T14:13:53+00:00","og_image":[{"url":"https:\/\/www.pornoseiten.de.com\/images\/camgirl-im-stripchat.jpg","type":"","width":"","height":""}],"twitter_card":"summary_large_image","twitter_misc":{"Gesch\u00e4tzte Lesezeit":"3\u00a0Minuten"},"schema":{"@context":"https:\/\/schema.org","@graph":[{"@type":"WebPage","@id":"https:\/\/www.pornoseiten.de.com\/stripchat\/","url":"https:\/\/www.pornoseiten.de.com\/stripchat\/","name":"\u1405 Beste Stripchat Seiten \u2261 Top Deutsche Livesex Tipps","isPartOf":{"@id":"https:\/\/www.pornoseiten.de.com\/stripchat\/#website"},"primaryImageOfPage":{"@id":"https:\/\/www.pornoseiten.de.com\/stripchat\/#primaryimage"},"image":{"@id":"https:\/\/www.pornoseiten.de.com\/stripchat\/#primaryimage"},"thumbnailUrl":"https:\/\/www.pornoseiten.de.com\/images\/camgirl-im-stripchat.jpg","datePublished":"2022-09-12T12:04:22+00:00","dateModified":"2024-09-12T14:13:53+00:00","description":"4,5\/5 \u2b50 Beobachte Livestrip Girls im privaten Cam2Cam Stripchat \u272a Geheime Top Tipps f\u00fcr besten Livesex im Netz ll\u27a4 W\u00e4hle deine Favoriten aus.","breadcrumb":{"@id":"https:\/\/www.pornoseiten.de.com\/stripchat\/#breadcrumb"},"inLanguage":"de","potentialAction":[{"@type":"ReadAction","target":["https:\/\/www.pornoseiten.de.com\/stripchat\/"]}]},{"@type":"ImageObject","inLanguage":"de","@id":"https:\/\/www.pornoseiten.de.com\/stripchat\/#primaryimage","url":"https:\/\/www.pornoseiten.de.com\/images\/camgirl-im-stripchat.jpg","contentUrl":"https:\/\/www.pornoseiten.de.com\/images\/camgirl-im-stripchat.jpg"},{"@type":"BreadcrumbList","@id":"https:\/\/www.pornoseiten.de.com\/stripchat\/#breadcrumb","itemListElement":[{"@type":"ListItem","position":1,"name":"Startseite","item":"https:\/\/www.pornoseiten.de.com\/stripchat\/"},{"@type":"ListItem","position":2,"name":"Stripchat Empfehlungen"}]},{"@type":"WebSite","@id":"https:\/\/www.pornoseiten.de.com\/stripchat\/#website","url":"https:\/\/www.pornoseiten.de.com\/stripchat\/","name":"\u1405 Beste Stripchat Seiten \u2261 Top Deutsche Livesex Tipps","description":"Camchat und Sexcam Angebote","potentialAction":[{"@type":"SearchAction","target":{"@type":"EntryPoint","urlTemplate":"https:\/\/www.pornoseiten.de.com\/stripchat\/?s={search_term_string}"},"query-input":{"@type":"PropertyValueSpecification","valueRequired":true,"valueName":"search_term_string"}}],"inLanguage":"de"}]}},"_links":{"self":[{"href":"https:\/\/www.pornoseiten.de.com\/stripchat\/wp-json\/wp\/v2\/pages\/6","targetHints":{"allow":["GET"]}}],"collection":[{"href":"https:\/\/www.pornoseiten.de.com\/stripchat\/wp-json\/wp\/v2\/pages"}],"about":[{"href":"https:\/\/www.pornoseiten.de.com\/stripchat\/wp-json\/wp\/v2\/types\/page"}],"author":[{"embeddable":true,"href":"https:\/\/www.pornoseiten.de.com\/stripchat\/wp-json\/wp\/v2\/users\/1"}],"replies":[{"embeddable":true,"href":"https:\/\/www.pornoseiten.de.com\/stripchat\/wp-json\/wp\/v2\/comments?post=6"}],"version-history":[{"count":7,"href":"https:\/\/www.pornoseiten.de.com\/stripchat\/wp-json\/wp\/v2\/pages\/6\/revisions"}],"predecessor-version":[{"id":35,"href":"https:\/\/www.pornoseiten.de.com\/stripchat\/wp-json\/wp\/v2\/pages\/6\/revisions\/35"}],"wp:attachment":[{"href":"https:\/\/www.pornoseiten.de.com\/stripchat\/wp-json\/wp\/v2\/media?parent=6"}],"curies":[{"name":"wp","href":"https:\/\/api.w.org\/{rel}","templated":true}]}}