{"id":6,"date":"2022-09-12T14:32:39","date_gmt":"2022-09-12T12:32:39","guid":{"rendered":"https:\/\/www.pornoseiten.de.com\/telefonsex-cams\/?page_id=6"},"modified":"2024-09-12T17:10:55","modified_gmt":"2024-09-12T15:10:55","slug":"telefonsex-cams-startseite","status":"publish","type":"page","link":"https:\/\/www.pornoseiten.de.com\/telefonsex-cams\/","title":{"rendered":"Telefonsex mit Cams"},"content":{"rendered":"<h2>Beste Telefonsex Cams Adressen wo bei Anruf die Sexcam gratis ist<\/h2>\n<p>Hier findest du die besten Telefonsex mit Cams Seiten. Genie\u00dfe Telefon Sex mit gratis Livecam Zugang sofort anonym und ohne Anmeldung. W\u00e4hle dein Top Telesex Angebot aus.<\/p>\n<hr>\n<p><!-- Tipps --><\/p>\n<div id=\"empfehlungen\">\n<h3>Telefonsex Cams anonym<\/h3>\n<p><a href=\"https:\/\/www.telefonsex-cams.rocks\/\"><img loading=\"lazy\" decoding=\"async\" class=\"alignleft\" src=\"\/screenshots\/telefonsex-cams-rocks.jpg\" alt=\"https:\/\/www.telefonsex-cams.rocks\/\" width=\"230\" height=\"140\" class=\"alignleft size-full\" \/><\/a><\/p>\n<p class=\"desc\"><span class=\"url\">https:\/\/www.telefonsex-cams.rocks\/<\/span> <br \/> Ohne Anmeldung sofort anonym Telefonsex mit Cam erleben! Deutschlands hei\u00dfeste Adresse, auf der bei Anruf der Zugang zur Sexcam gratis dabei ist! Probiere es aus und erlebe beste Telefonerotik!<\/p>\n<h3>Telefonsex mit Cam<\/h3>\n<p><a href=\"https:\/\/www.beianrufsex.one\/\"><img loading=\"lazy\" decoding=\"async\" class=\"alignleft\" src=\"\/screenshots\/beianrufsex-one.jpg\" alt=\"https:\/\/www.beianrufsex.one\/\" width=\"230\" height=\"140\" class=\"alignleft size-full\" \/><\/a><\/p>\n<p class=\"desc\"><span class=\"url\">https:\/\/www.beianrufsex.one\/<\/span> <br \/> Bei Anruf Sex &#8211; der Name ist Programm! Hier kannst du direkt anonym Frauen anrufen und dich mit ihnen per Telefon und per Livecam verbinden lassen. Und zwar ganz ohne Anmeldung!<\/p>\n<h3>0900 Telefonsex Hotline<\/h3>\n<p><a href=\"https:\/\/www.0900-telefonsex.fun\/\"><img loading=\"lazy\" decoding=\"async\" class=\"alignleft\" src=\"\/screenshots\/0900-telefonsex-fun.jpg\" alt=\"https:\/\/www.0900-telefonsex.fun\/\" width=\"230\" height=\"140\" class=\"alignleft size-full\" \/><\/a><\/p>\n<p class=\"desc\"><span class=\"url\">https:\/\/www.0900-telefonsex.fun\/<\/span> <br \/> Die klassischen 0900 Nummern, die fr\u00fcher jeden Abend im Fernsehen angeboten wurden, geh\u00f6ren noch lange nicht zum alten Eisen. Kenner der adulten Telefonunterhaltung sch\u00e4tzen diese exklusiven Festnetz Nummern f\u00fcr ihren g\u00fcnstigen Minutenpreis mit dem Billiger Telefonsex f\u00fcr 1,99, der immer noch mit dem Haustelefon zu haben ist. Wem das noch nicht geil genug ist, der kann das Live Cams Bild gratis dazuschalten!<\/p>\n<h3>Schweizer rufen hier an!<\/h3>\n<p><a href=\"https:\/\/www.handy-telefonsex.ch\/\"><img loading=\"lazy\" decoding=\"async\" class=\"alignleft\" src=\"\/screenshots\/handy-telefonsex-ch.jpg\" alt=\"https:\/\/www.handy-telefonsex.ch\/\" width=\"230\" height=\"140\" class=\"alignleft size-full\" \/><\/a><\/p>\n<p class=\"desc\"><span class=\"url\">https:\/\/www.handy-telefonsex.ch\/<\/span> <br \/> Genie\u00dfe den Nervenkitzel von Handy Telefonsex in der Schweiz. Tauche ein in verf\u00fchrerische Gespr\u00e4che, bei denen du die Sexcam kostenlos nutzen kannst. Trau dich, ruf an!<\/p>\n<h3>Telefonsex Cam Chat<\/h3>\n<p><a href=\"https:\/\/www.telefonsex-cam.click\/\"><img loading=\"lazy\" decoding=\"async\" class=\"alignleft\" src=\"\/screenshots\/telefonsex-cam-click.jpg\" alt=\"https:\/\/www.telefonsex-cam.click\/\" width=\"230\" height=\"140\" class=\"alignleft size-full\" \/><\/a><\/p>\n<p class=\"desc\"><span class=\"url\">https:\/\/www.telefonsex-cam.click\/<\/span> <br \/> Telefoniere sofort anonym ohne Anmeldung mit geilen Telesex Girls und chatte gleichzeitig mit ihnen. Wie das geht? Rufe an und du bekomst kostenlos den Zugangscode f\u00fcr die Telefonsex Cam mit Chat von deinem Telsex Girl!<\/p>\n<h3>Live Telefonsex mit Cams<\/h3>\n<p><a href=\"https:\/\/www.telefonsexcams.net\/\"><img loading=\"lazy\" decoding=\"async\" class=\"alignleft\" src=\"\/screenshots\/telefonsexcams-net.jpg\" alt=\"https:\/\/www.telefonsexcams.net\/\" width=\"230\" height=\"140\" class=\"alignleft size-full\" \/><\/a><\/p>\n<p class=\"desc\"><span class=\"url\">https:\/\/www.telefonsexcams.net\/<\/span> <br \/> Geiler Telefonsex mit sexy Cams live aus Deutschland. Beobachte sexy Frauen zudem beim Telefonsex live durch die WebCam und sieh ihnen dabei zu, wie sie vor der Sexcam strippen.<\/p>\n<h3>Telefonsex mit Cam &#038; VisitX Livecams<\/h3>\n<p><a href=\"https:\/\/www.telefonsex-cam.link\/\"><img loading=\"lazy\" decoding=\"async\" src=\"\/screenshots\/telefonsex-cam-link.jpg\" alt=\"https:\/\/www.telefonsex-cam.link\/\" width=\"230\" height=\"140\" class=\"alignleft size-full\" \/><\/a><\/p>\n<p class=\"desc\"><span class=\"url\">https:\/\/www.telefonsex-cam.link\/<\/span> <br \/> Nutze direkt anonym und ohne dich registrieren zu m\u00fcssen geile Telefonsex Hotlines mit gratis Cam Zugang. Au\u00dferdem warten noch geile Camgirls bei den VisitX Livecams auf dich!<\/p>\n<h3>Anonymer Telesex mit Webcam<\/h3>\n<p><a href=\"https:\/\/www.telesex.cam\/\"><img loading=\"lazy\" decoding=\"async\" class=\"alignleft\" src=\"\/screenshots\/telesex-cam.jpg\" alt=\"https:\/\/www.telesex.cam\/\" width=\"230\" height=\"140\" class=\"alignleft size-full\" \/><\/a><\/p>\n<p class=\"desc\"><span class=\"url\">https:\/\/www.telesex.cam\/<\/span> <br \/> Probiere anonym Telesex mit gratis Livesex Cam aus! Lass deiner Fantasie freien Lauf, w\u00e4hrend du live mit geilen Telefonsex Girls telefonierst und chattest.<\/p>\n<h3>Ohne Registrierung sofort Telefonsex mit gratis Livecams!<\/h3>\n<p><a href=\"https:\/\/www.livecam-telefonsex.cam\/\"><img loading=\"lazy\" decoding=\"async\" class=\"alignleft\" src=\"\/screenshots\/livecam-telefonsex-cam.jpg\" alt=\"https:\/\/www.livecam-telefonsex.cam\/\" width=\"230\" height=\"140\" class=\"alignleft size-full\" \/><\/a><\/p>\n<p class=\"desc\"><span class=\"url\">https:\/\/www.livecam-telefonsex.cam\/<\/span> <br \/> Privater, direkter Livecam Telefonsex ohne Anmeldung! Schau hei\u00dfen Girls kostenlos live bei der Masturbation zu und genie\u00dfe private Chats &#8211; alles spontan und unverbindlich. Dich kostet nur der Anruf!<\/p>\n<p><!-- Tipps Ende -->\n<\/div>\n<hr>\n<h2>Telefon Sex Seiten mit gratis Cam anonym ohne Registrierung<\/h2>\n<p>Klassischer Telefonsex hat nahezu ausgedient. Jetzt bekommt man n\u00e4mlich f\u00fcr gleiches Geld gleich zwei Leistungen: Telefonsex und Camsex! Wir zeigen hier im Pornoseiten VZ die besten deutschsprachigen Seiten, auf denen du Telefonsex Cams nutzen kannst. Dabei bleibst du absolut anonym und kannst per Anruf sofort ohne Registrierung loslegen. Der Clou dabei: Ruft du ein Telefon Sex Girl an, so kannst du kostenlos auf ihre Livecam zugreifen und siehst so auch gleich, dass du wirklich mit deinem ausgew\u00e4hlten Telegirl verbunden bist.<\/p>\n<p><img loading=\"lazy\" decoding=\"async\" src=\"https:\/\/www.pornoseiten.de.com\/images\/sexyanny88-telefonsex-cam.jpg\" width=\"769\" height=\"575\" alt=\"sexyanny88 Telefonsex Cam\" \/><\/p>\n<h2>Wie kann ich Telefonsex mit Cam nutzen<\/h2>\n<ul>\n<li>Empfehlung besuchen und sehen, wer gerade erreichbar ist<\/li>\n<li>Die online Telefonsex Cams aktualisieren sich meist von selbst<\/li>\n<li>Telesexgirl w\u00e4hlen und ihre Rufnummer anrufen<\/li>\n<li>Durchgesagten Live-Code eingeben, um die Cam einzuschalten<\/li>\n<li>Eigene Webcam einschalten, um Cam2Cam Telefon Sex zu erleben<\/li>\n<li>Eine Anmeldung\/Registrierung ist bei Telefonsex mit Cam nicht notwendig<\/li>\n<li>Anonym anrufen, Telefon Cam Sex genie\u00dfen und diskret via Telefonrechnung abrechnen<\/li>\n<\/ul>\n<h3>Bei Anruf Sex &#8211; mit dem Telefonsex Cam Verzeichnis<\/h3>\n<p>Als Fan der Telefonerotik kennst du ja sicher das geile Gef\u00fchl, privat mit einem Telegirl plaudern zu k\u00f6nnen. Aber kennst du denn auch bereits die M\u00f6glichkeit der Telefonsex Cam? Dabei zahlst du ganz normal anonym per Telefonrechnung einen Betrag pro Minute &#8211; mit dem geilen Unterschied &#8211; dass du die Sexcam des Telesex Girls kostenlos mit nutzen kannst. Das Ganze funktioniert direkt und ganz ohne jegliche Registrierung! Probiere eines unserer empfohlenen Angebote mit Telefonsex Cams aus und erlebe bei Anruf Sex mit Cam kostenlos! Mit dem Pornoseiten Verzeichnis wird Telsex jetzt einfach noch geiler!<\/p>\n","protected":false},"excerpt":{"rendered":"<p>Beste Telefonsex Cams Adressen wo bei Anruf die Sexcam gratis ist Hier findest du die besten Telefonsex mit Cams Seiten. Genie\u00dfe Telefon Sex mit gratis Livecam Zugang sofort anonym und&hellip;<a href=\"https:\/\/www.pornoseiten.de.com\/telefonsex-cams\/\" class=\"more-link\"><span class=\"more-button\">Continue reading<span class=\"screen-reader-text\">Telefonsex mit Cams<\/span><\/span><\/a><\/p>\n","protected":false},"author":1,"featured_media":0,"parent":0,"menu_order":0,"comment_status":"closed","ping_status":"closed","template":"","meta":{"footnotes":""},"class_list":["post-6","page","type-page","status-publish","hentry"],"yoast_head":"<!-- This site is optimized with the Yoast SEO plugin v27.5 - https:\/\/yoast.com\/product\/yoast-seo-wordpress\/ -->\n<title>\u1405 Beste Telefonsex Cams \u2261 Top Telefon Cam Sex Seiten<\/title>\n<meta name=\"description\" content=\"4,5\/5 \u2b50 Top Telefonsex Adressen mit gratis Livecam Zugang \u272a Exklusive Seiten mit Telesex Cams hier im VZ ll\u27a4 Rufe anonym ohne Anmeldung an.\" \/>\n<meta name=\"robots\" content=\"index, follow, max-snippet:-1, max-image-preview:large, max-video-preview:-1\" \/>\n<link rel=\"canonical\" href=\"https:\/\/www.pornoseiten.de.com\/telefonsex-cams\/\" \/>\n<meta property=\"og:locale\" content=\"de_DE\" \/>\n<meta property=\"og:type\" content=\"article\" \/>\n<meta property=\"og:title\" content=\"\u1405 Beste Telefonsex Cams \u2261 Top Telefon Cam Sex Seiten\" \/>\n<meta property=\"og:description\" content=\"4,5\/5 \u2b50 Top Telefonsex Adressen mit gratis Livecam Zugang \u272a Exklusive Seiten mit Telesex Cams hier im VZ ll\u27a4 Rufe anonym ohne Anmeldung an.\" \/>\n<meta property=\"og:url\" content=\"https:\/\/www.pornoseiten.de.com\/telefonsex-cams\/\" \/>\n<meta property=\"og:site_name\" content=\"\u1405 Beste Telefonsex Cams \u2261 Top Telefon Cam Sex Seiten\" \/>\n<meta property=\"article:modified_time\" content=\"2024-09-12T15:10:55+00:00\" \/>\n<meta property=\"og:image\" content=\"https:\/\/www.pornoseiten.de.com\/images\/sexyanny88-telefonsex-cam.jpg\" \/>\n<meta name=\"twitter:card\" content=\"summary_large_image\" \/>\n<meta name=\"twitter:label1\" content=\"Gesch\u00e4tzte Lesezeit\" \/>\n\t<meta name=\"twitter:data1\" content=\"6\u00a0Minuten\" \/>\n<script type=\"application\/ld+json\" class=\"yoast-schema-graph\">{\"@context\":\"https:\\\/\\\/schema.org\",\"@graph\":[{\"@type\":\"WebPage\",\"@id\":\"https:\\\/\\\/www.pornoseiten.de.com\\\/telefonsex-cams\\\/\",\"url\":\"https:\\\/\\\/www.pornoseiten.de.com\\\/telefonsex-cams\\\/\",\"name\":\"\u1405 Beste Telefonsex Cams \u2261 Top Telefon Cam Sex Seiten\",\"isPartOf\":{\"@id\":\"https:\\\/\\\/www.pornoseiten.de.com\\\/telefonsex-cams\\\/#website\"},\"primaryImageOfPage\":{\"@id\":\"https:\\\/\\\/www.pornoseiten.de.com\\\/telefonsex-cams\\\/#primaryimage\"},\"image\":{\"@id\":\"https:\\\/\\\/www.pornoseiten.de.com\\\/telefonsex-cams\\\/#primaryimage\"},\"thumbnailUrl\":\"https:\\\/\\\/www.pornoseiten.de.com\\\/images\\\/sexyanny88-telefonsex-cam.jpg\",\"datePublished\":\"2022-09-12T12:32:39+00:00\",\"dateModified\":\"2024-09-12T15:10:55+00:00\",\"description\":\"4,5\\\/5 \u2b50 Top Telefonsex Adressen mit gratis Livecam Zugang \u272a Exklusive Seiten mit Telesex Cams hier im VZ ll\u27a4 Rufe anonym ohne Anmeldung an.\",\"breadcrumb\":{\"@id\":\"https:\\\/\\\/www.pornoseiten.de.com\\\/telefonsex-cams\\\/#breadcrumb\"},\"inLanguage\":\"de\",\"potentialAction\":[{\"@type\":\"ReadAction\",\"target\":[\"https:\\\/\\\/www.pornoseiten.de.com\\\/telefonsex-cams\\\/\"]}]},{\"@type\":\"ImageObject\",\"inLanguage\":\"de\",\"@id\":\"https:\\\/\\\/www.pornoseiten.de.com\\\/telefonsex-cams\\\/#primaryimage\",\"url\":\"https:\\\/\\\/www.pornoseiten.de.com\\\/images\\\/sexyanny88-telefonsex-cam.jpg\",\"contentUrl\":\"https:\\\/\\\/www.pornoseiten.de.com\\\/images\\\/sexyanny88-telefonsex-cam.jpg\"},{\"@type\":\"BreadcrumbList\",\"@id\":\"https:\\\/\\\/www.pornoseiten.de.com\\\/telefonsex-cams\\\/#breadcrumb\",\"itemListElement\":[{\"@type\":\"ListItem\",\"position\":1,\"name\":\"Startseite\",\"item\":\"https:\\\/\\\/www.pornoseiten.de.com\\\/telefonsex-cams\\\/\"},{\"@type\":\"ListItem\",\"position\":2,\"name\":\"Telefonsex mit Cams\"}]},{\"@type\":\"WebSite\",\"@id\":\"https:\\\/\\\/www.pornoseiten.de.com\\\/telefonsex-cams\\\/#website\",\"url\":\"https:\\\/\\\/www.pornoseiten.de.com\\\/telefonsex-cams\\\/\",\"name\":\"\u1405 Beste Telefonsex Cams \u2261 Top Telefon Cam Sex Seiten\",\"description\":\"Bei Anruf Sex Cam kostenlos\",\"potentialAction\":[{\"@type\":\"SearchAction\",\"target\":{\"@type\":\"EntryPoint\",\"urlTemplate\":\"https:\\\/\\\/www.pornoseiten.de.com\\\/telefonsex-cams\\\/?s={search_term_string}\"},\"query-input\":{\"@type\":\"PropertyValueSpecification\",\"valueRequired\":true,\"valueName\":\"search_term_string\"}}],\"inLanguage\":\"de\"}]}<\/script>\n<!-- \/ Yoast SEO plugin. -->","yoast_head_json":{"title":"\u1405 Beste Telefonsex Cams \u2261 Top Telefon Cam Sex Seiten","description":"4,5\/5 \u2b50 Top Telefonsex Adressen mit gratis Livecam Zugang \u272a Exklusive Seiten mit Telesex Cams hier im VZ ll\u27a4 Rufe anonym ohne Anmeldung an.","robots":{"index":"index","follow":"follow","max-snippet":"max-snippet:-1","max-image-preview":"max-image-preview:large","max-video-preview":"max-video-preview:-1"},"canonical":"https:\/\/www.pornoseiten.de.com\/telefonsex-cams\/","og_locale":"de_DE","og_type":"article","og_title":"\u1405 Beste Telefonsex Cams \u2261 Top Telefon Cam Sex Seiten","og_description":"4,5\/5 \u2b50 Top Telefonsex Adressen mit gratis Livecam Zugang \u272a Exklusive Seiten mit Telesex Cams hier im VZ ll\u27a4 Rufe anonym ohne Anmeldung an.","og_url":"https:\/\/www.pornoseiten.de.com\/telefonsex-cams\/","og_site_name":"\u1405 Beste Telefonsex Cams \u2261 Top Telefon Cam Sex Seiten","article_modified_time":"2024-09-12T15:10:55+00:00","og_image":[{"url":"https:\/\/www.pornoseiten.de.com\/images\/sexyanny88-telefonsex-cam.jpg","type":"","width":"","height":""}],"twitter_card":"summary_large_image","twitter_misc":{"Gesch\u00e4tzte Lesezeit":"6\u00a0Minuten"},"schema":{"@context":"https:\/\/schema.org","@graph":[{"@type":"WebPage","@id":"https:\/\/www.pornoseiten.de.com\/telefonsex-cams\/","url":"https:\/\/www.pornoseiten.de.com\/telefonsex-cams\/","name":"\u1405 Beste Telefonsex Cams \u2261 Top Telefon Cam Sex Seiten","isPartOf":{"@id":"https:\/\/www.pornoseiten.de.com\/telefonsex-cams\/#website"},"primaryImageOfPage":{"@id":"https:\/\/www.pornoseiten.de.com\/telefonsex-cams\/#primaryimage"},"image":{"@id":"https:\/\/www.pornoseiten.de.com\/telefonsex-cams\/#primaryimage"},"thumbnailUrl":"https:\/\/www.pornoseiten.de.com\/images\/sexyanny88-telefonsex-cam.jpg","datePublished":"2022-09-12T12:32:39+00:00","dateModified":"2024-09-12T15:10:55+00:00","description":"4,5\/5 \u2b50 Top Telefonsex Adressen mit gratis Livecam Zugang \u272a Exklusive Seiten mit Telesex Cams hier im VZ ll\u27a4 Rufe anonym ohne Anmeldung an.","breadcrumb":{"@id":"https:\/\/www.pornoseiten.de.com\/telefonsex-cams\/#breadcrumb"},"inLanguage":"de","potentialAction":[{"@type":"ReadAction","target":["https:\/\/www.pornoseiten.de.com\/telefonsex-cams\/"]}]},{"@type":"ImageObject","inLanguage":"de","@id":"https:\/\/www.pornoseiten.de.com\/telefonsex-cams\/#primaryimage","url":"https:\/\/www.pornoseiten.de.com\/images\/sexyanny88-telefonsex-cam.jpg","contentUrl":"https:\/\/www.pornoseiten.de.com\/images\/sexyanny88-telefonsex-cam.jpg"},{"@type":"BreadcrumbList","@id":"https:\/\/www.pornoseiten.de.com\/telefonsex-cams\/#breadcrumb","itemListElement":[{"@type":"ListItem","position":1,"name":"Startseite","item":"https:\/\/www.pornoseiten.de.com\/telefonsex-cams\/"},{"@type":"ListItem","position":2,"name":"Telefonsex mit Cams"}]},{"@type":"WebSite","@id":"https:\/\/www.pornoseiten.de.com\/telefonsex-cams\/#website","url":"https:\/\/www.pornoseiten.de.com\/telefonsex-cams\/","name":"\u1405 Beste Telefonsex Cams \u2261 Top Telefon Cam Sex Seiten","description":"Bei Anruf Sex Cam kostenlos","potentialAction":[{"@type":"SearchAction","target":{"@type":"EntryPoint","urlTemplate":"https:\/\/www.pornoseiten.de.com\/telefonsex-cams\/?s={search_term_string}"},"query-input":{"@type":"PropertyValueSpecification","valueRequired":true,"valueName":"search_term_string"}}],"inLanguage":"de"}]}},"_links":{"self":[{"href":"https:\/\/www.pornoseiten.de.com\/telefonsex-cams\/wp-json\/wp\/v2\/pages\/6","targetHints":{"allow":["GET"]}}],"collection":[{"href":"https:\/\/www.pornoseiten.de.com\/telefonsex-cams\/wp-json\/wp\/v2\/pages"}],"about":[{"href":"https:\/\/www.pornoseiten.de.com\/telefonsex-cams\/wp-json\/wp\/v2\/types\/page"}],"author":[{"embeddable":true,"href":"https:\/\/www.pornoseiten.de.com\/telefonsex-cams\/wp-json\/wp\/v2\/users\/1"}],"replies":[{"embeddable":true,"href":"https:\/\/www.pornoseiten.de.com\/telefonsex-cams\/wp-json\/wp\/v2\/comments?post=6"}],"version-history":[{"count":13,"href":"https:\/\/www.pornoseiten.de.com\/telefonsex-cams\/wp-json\/wp\/v2\/pages\/6\/revisions"}],"predecessor-version":[{"id":43,"href":"https:\/\/www.pornoseiten.de.com\/telefonsex-cams\/wp-json\/wp\/v2\/pages\/6\/revisions\/43"}],"wp:attachment":[{"href":"https:\/\/www.pornoseiten.de.com\/telefonsex-cams\/wp-json\/wp\/v2\/media?parent=6"}],"curies":[{"name":"wp","href":"https:\/\/api.w.org\/{rel}","templated":true}]}}