{"id":6,"date":"2022-09-12T14:37:03","date_gmt":"2022-09-12T12:37:03","guid":{"rendered":"https:\/\/www.pornoseiten.de.com\/transen-deutschland\/?page_id=6"},"modified":"2024-09-12T16:46:28","modified_gmt":"2024-09-12T14:46:28","slug":"transen-deutschland-startseite","status":"publish","type":"page","link":"https:\/\/www.pornoseiten.de.com\/transen-deutschland\/","title":{"rendered":"Deutsche Transen Angebote"},"content":{"rendered":"<h2>Transen aus Deutschland bei den besten Transensex Seiten kennenlernen<\/h2>\n<p>Du willst Transsexuelle aus Deutschland kennenlernen? Ob live vor der Sexcam oder Sextreffen mit Transen aus Deutschland verabreden &#8211; finde hier die besten Transensex Portale.<\/p>\n<hr>\n<p><!-- Tipps --><\/p>\n<div id=\"empfehlungen\">\n<h3>Transgender Sex Dating Seite<\/h3>\n<p><a href=\"https:\/\/www.transsexuelle-kontakte.com\/\"><img loading=\"lazy\" decoding=\"async\" class=\"alignleft\" src=\"\/screenshots\/transsexuelle-kontakte-com.jpg\" alt=\"https:\/\/www.transsexuelle-kontakte.com\/\" width=\"230\" height=\"140\" class=\"alignleft size-full\" \/><\/a><\/p>\n<p class=\"desc\"><span class=\"url\">https:\/\/www.transsexuelle-kontakte.com\/<\/span> <br \/> Du suchst erotische Abenteuer mit transsexuellen Sex Partnern? Hier suchen Transsexuelle spannende Sexkontakte, um lustvolle Abenteuer mit dir zu erleben. Verabrede dich mit einer Transe. in Deutschland, \u00d6sterreich und der Schweiz!<\/p>\n<h3>Transen Cam Chat<\/h3>\n<p><a href=\"https:\/\/www.transen-cam.net\/\"><img loading=\"lazy\" decoding=\"async\" class=\"alignleft\" src=\"\/screenshots\/transen-cam-net.jpg\" alt=\"https:\/\/www.transen-cam.net\/\" width=\"230\" height=\"140\" class=\"alignleft size-full\" \/><\/a><\/p>\n<p class=\"desc\"><span class=\"url\">https:\/\/www.transen-cam.net\/<\/span> <br \/> Du m\u00f6chtest Transen aus Deutschland privat kennenlernen, mit ihnen chatten, mit ihnen Cam 2 Cam wichsen oder Sextreffen mit einer Transe verabreden? Unser Top Tipp &#8211; das Transen Cam Portal mit Gratis-Mitgliedschaft.<\/p>\n<h3>Transen Sexkontakte<\/h3>\n<p><a href=\"https:\/\/www.transen-sexkontakte.com\/\"><img loading=\"lazy\" decoding=\"async\" class=\"alignleft\" src=\"\/screenshots\/transen-sexkontakte-com.jpg\" alt=\"https:\/\/www.transen-sexkontakte.com\/\" width=\"230\" height=\"140\" class=\"alignleft size-full\" \/><\/a><\/p>\n<p class=\"desc\"><span class=\"url\">https:\/\/www.transen-sexkontakte.com\/<\/span> <br \/> Sexkontakte mit Ladyboys verabredest du am besten in dieser Community &#8211; denn der Name ist dort Programm! Chatte mit Transsexuellen, die auf der Suche nach Sexpartnern sind. Gleich ausprobieren!<\/p>\n<p><!-- Tipps Ende -->\n<\/div>\n<hr>\n<h2>Deutschlands beste TS und TV Porno- und Sexseiten<\/h2>\n<p>Deine Neugier bez\u00fcglich des Dritten Geschlechts wirst du hier voll und ganz stillen k\u00f6nnen. Transen privat nackt vor der Livecam &#8211; wir stellen die besten Adressen f\u00fcr interaktiven Livesex mit einer Transe vor. Au\u00dferdem haben wir Dating Portale mit Transen aus Deutschland, \u00d6sterreich und der Schweiz ausfindig gemacht und sie unter die Lupe genommen. Die besten Sexseiten f\u00fcr TS\/TV Sextreffen stellen wir ebenfalls hier im Pornoseiten Katalog vor.<\/p>\n<p><img loading=\"lazy\" decoding=\"async\" src=\"https:\/\/www.pornoseiten.de.com\/images\/dirty-trans-cam.jpg\" width=\"769\" height=\"566\" alt=\"Dirty Trans Cam\" \/><\/p>\n<h2>Wie kann ich deutsche Transsexuelle kennenlernen?<\/h2>\n<ul>\n<li>W\u00e4hle eine unserer Empfehlungen aus und werde dort kostenlos Mitglied<\/li>\n<li>Du kannst per Textchat oder Camchat Kontakt zu Transen aufnehmen<\/li>\n<li>Chatte live mit einer Transe deiner Wahl<\/li>\n<li>Verabrede reale Treffen mit Transsexuellen aus Deutschland<\/li>\n<li>Erlebe Transensex ganz so wie du ihn m\u00f6chtest<\/li>\n<\/ul>\n<h3>Erlebe Transgender Sex, wie du ihn brauchst<\/h3>\n<p>Ob live oder real &#8211; hier kannst du wirklich mit dem dritten Geschlecht in Kontakt treten. Wir stellen dir hier die besten deutschsprachigen Webseiten f\u00fcr Transensex vor. Chatte intim mit Trannies, verabrede Sextreffen mit Transen aus Deutschland oder sieh dir private Pornos zum Thema Transgender Sex an.<\/p>\n","protected":false},"excerpt":{"rendered":"<p>Transen aus Deutschland bei den besten Transensex Seiten kennenlernen Du willst Transsexuelle aus Deutschland kennenlernen? Ob live vor der Sexcam oder Sextreffen mit Transen aus Deutschland verabreden &#8211; finde hier&hellip;<a href=\"https:\/\/www.pornoseiten.de.com\/transen-deutschland\/\" class=\"more-link\"><span class=\"more-button\">Continue reading<span class=\"screen-reader-text\">Deutsche Transen Angebote<\/span><\/span><\/a><\/p>\n","protected":false},"author":1,"featured_media":0,"parent":0,"menu_order":0,"comment_status":"closed","ping_status":"closed","template":"","meta":{"footnotes":""},"class_list":["post-6","page","type-page","status-publish","hentry"],"yoast_head":"<!-- This site is optimized with the Yoast SEO plugin v27.5 - https:\/\/yoast.com\/product\/yoast-seo-wordpress\/ -->\n<title>\u1405 Transen aus Deutschland \u2261 Beste Transensex Seiten<\/title>\n<meta name=\"description\" content=\"4,5\/5 \u2b50 Lerne Transsexuelle, Shemales, DWT &amp; TV privat live &amp; real kennen \u272a Deutschlands Top Transen Sex Adressen ll\u27a4 Jetzt hier ausw\u00e4hlen.\" \/>\n<meta name=\"robots\" content=\"index, follow, max-snippet:-1, max-image-preview:large, max-video-preview:-1\" \/>\n<link rel=\"canonical\" href=\"https:\/\/www.pornoseiten.de.com\/transen-deutschland\/\" \/>\n<meta property=\"og:locale\" content=\"de_DE\" \/>\n<meta property=\"og:type\" content=\"article\" \/>\n<meta property=\"og:title\" content=\"\u1405 Transen aus Deutschland \u2261 Beste Transensex Seiten\" \/>\n<meta property=\"og:description\" content=\"4,5\/5 \u2b50 Lerne Transsexuelle, Shemales, DWT &amp; TV privat live &amp; real kennen \u272a Deutschlands Top Transen Sex Adressen ll\u27a4 Jetzt hier ausw\u00e4hlen.\" \/>\n<meta property=\"og:url\" content=\"https:\/\/www.pornoseiten.de.com\/transen-deutschland\/\" \/>\n<meta property=\"og:site_name\" content=\"\u1405 Transen aus Deutschland \u2261 Beste Transensex Seiten\" \/>\n<meta property=\"article:modified_time\" content=\"2024-09-12T14:46:28+00:00\" \/>\n<meta property=\"og:image\" content=\"https:\/\/www.pornoseiten.de.com\/images\/dirty-trans-cam.jpg\" \/>\n<meta name=\"twitter:card\" content=\"summary_large_image\" \/>\n<meta name=\"twitter:label1\" content=\"Gesch\u00e4tzte Lesezeit\" \/>\n\t<meta name=\"twitter:data1\" content=\"3\u00a0Minuten\" \/>\n<script type=\"application\/ld+json\" class=\"yoast-schema-graph\">{\"@context\":\"https:\\\/\\\/schema.org\",\"@graph\":[{\"@type\":\"WebPage\",\"@id\":\"https:\\\/\\\/www.pornoseiten.de.com\\\/transen-deutschland\\\/\",\"url\":\"https:\\\/\\\/www.pornoseiten.de.com\\\/transen-deutschland\\\/\",\"name\":\"\u1405 Transen aus Deutschland \u2261 Beste Transensex Seiten\",\"isPartOf\":{\"@id\":\"https:\\\/\\\/www.pornoseiten.de.com\\\/transen-deutschland\\\/#website\"},\"primaryImageOfPage\":{\"@id\":\"https:\\\/\\\/www.pornoseiten.de.com\\\/transen-deutschland\\\/#primaryimage\"},\"image\":{\"@id\":\"https:\\\/\\\/www.pornoseiten.de.com\\\/transen-deutschland\\\/#primaryimage\"},\"thumbnailUrl\":\"https:\\\/\\\/www.pornoseiten.de.com\\\/images\\\/dirty-trans-cam.jpg\",\"datePublished\":\"2022-09-12T12:37:03+00:00\",\"dateModified\":\"2024-09-12T14:46:28+00:00\",\"description\":\"4,5\\\/5 \u2b50 Lerne Transsexuelle, Shemales, DWT & TV privat live & real kennen \u272a Deutschlands Top Transen Sex Adressen ll\u27a4 Jetzt hier ausw\u00e4hlen.\",\"breadcrumb\":{\"@id\":\"https:\\\/\\\/www.pornoseiten.de.com\\\/transen-deutschland\\\/#breadcrumb\"},\"inLanguage\":\"de\",\"potentialAction\":[{\"@type\":\"ReadAction\",\"target\":[\"https:\\\/\\\/www.pornoseiten.de.com\\\/transen-deutschland\\\/\"]}]},{\"@type\":\"ImageObject\",\"inLanguage\":\"de\",\"@id\":\"https:\\\/\\\/www.pornoseiten.de.com\\\/transen-deutschland\\\/#primaryimage\",\"url\":\"https:\\\/\\\/www.pornoseiten.de.com\\\/images\\\/dirty-trans-cam.jpg\",\"contentUrl\":\"https:\\\/\\\/www.pornoseiten.de.com\\\/images\\\/dirty-trans-cam.jpg\"},{\"@type\":\"BreadcrumbList\",\"@id\":\"https:\\\/\\\/www.pornoseiten.de.com\\\/transen-deutschland\\\/#breadcrumb\",\"itemListElement\":[{\"@type\":\"ListItem\",\"position\":1,\"name\":\"Startseite\",\"item\":\"https:\\\/\\\/www.pornoseiten.de.com\\\/transen-deutschland\\\/\"},{\"@type\":\"ListItem\",\"position\":2,\"name\":\"Deutsche Transen Angebote\"}]},{\"@type\":\"WebSite\",\"@id\":\"https:\\\/\\\/www.pornoseiten.de.com\\\/transen-deutschland\\\/#website\",\"url\":\"https:\\\/\\\/www.pornoseiten.de.com\\\/transen-deutschland\\\/\",\"name\":\"\u1405 Transen aus Deutschland \u2261 Beste Transensex Seiten\",\"description\":\"Deutsche Shemales \\\/ Ladyboys \\\/ Transfrauen\",\"potentialAction\":[{\"@type\":\"SearchAction\",\"target\":{\"@type\":\"EntryPoint\",\"urlTemplate\":\"https:\\\/\\\/www.pornoseiten.de.com\\\/transen-deutschland\\\/?s={search_term_string}\"},\"query-input\":{\"@type\":\"PropertyValueSpecification\",\"valueRequired\":true,\"valueName\":\"search_term_string\"}}],\"inLanguage\":\"de\"}]}<\/script>\n<!-- \/ Yoast SEO plugin. -->","yoast_head_json":{"title":"\u1405 Transen aus Deutschland \u2261 Beste Transensex Seiten","description":"4,5\/5 \u2b50 Lerne Transsexuelle, Shemales, DWT & TV privat live & real kennen \u272a Deutschlands Top Transen Sex Adressen ll\u27a4 Jetzt hier ausw\u00e4hlen.","robots":{"index":"index","follow":"follow","max-snippet":"max-snippet:-1","max-image-preview":"max-image-preview:large","max-video-preview":"max-video-preview:-1"},"canonical":"https:\/\/www.pornoseiten.de.com\/transen-deutschland\/","og_locale":"de_DE","og_type":"article","og_title":"\u1405 Transen aus Deutschland \u2261 Beste Transensex Seiten","og_description":"4,5\/5 \u2b50 Lerne Transsexuelle, Shemales, DWT & TV privat live & real kennen \u272a Deutschlands Top Transen Sex Adressen ll\u27a4 Jetzt hier ausw\u00e4hlen.","og_url":"https:\/\/www.pornoseiten.de.com\/transen-deutschland\/","og_site_name":"\u1405 Transen aus Deutschland \u2261 Beste Transensex Seiten","article_modified_time":"2024-09-12T14:46:28+00:00","og_image":[{"url":"https:\/\/www.pornoseiten.de.com\/images\/dirty-trans-cam.jpg","type":"","width":"","height":""}],"twitter_card":"summary_large_image","twitter_misc":{"Gesch\u00e4tzte Lesezeit":"3\u00a0Minuten"},"schema":{"@context":"https:\/\/schema.org","@graph":[{"@type":"WebPage","@id":"https:\/\/www.pornoseiten.de.com\/transen-deutschland\/","url":"https:\/\/www.pornoseiten.de.com\/transen-deutschland\/","name":"\u1405 Transen aus Deutschland \u2261 Beste Transensex Seiten","isPartOf":{"@id":"https:\/\/www.pornoseiten.de.com\/transen-deutschland\/#website"},"primaryImageOfPage":{"@id":"https:\/\/www.pornoseiten.de.com\/transen-deutschland\/#primaryimage"},"image":{"@id":"https:\/\/www.pornoseiten.de.com\/transen-deutschland\/#primaryimage"},"thumbnailUrl":"https:\/\/www.pornoseiten.de.com\/images\/dirty-trans-cam.jpg","datePublished":"2022-09-12T12:37:03+00:00","dateModified":"2024-09-12T14:46:28+00:00","description":"4,5\/5 \u2b50 Lerne Transsexuelle, Shemales, DWT & TV privat live & real kennen \u272a Deutschlands Top Transen Sex Adressen ll\u27a4 Jetzt hier ausw\u00e4hlen.","breadcrumb":{"@id":"https:\/\/www.pornoseiten.de.com\/transen-deutschland\/#breadcrumb"},"inLanguage":"de","potentialAction":[{"@type":"ReadAction","target":["https:\/\/www.pornoseiten.de.com\/transen-deutschland\/"]}]},{"@type":"ImageObject","inLanguage":"de","@id":"https:\/\/www.pornoseiten.de.com\/transen-deutschland\/#primaryimage","url":"https:\/\/www.pornoseiten.de.com\/images\/dirty-trans-cam.jpg","contentUrl":"https:\/\/www.pornoseiten.de.com\/images\/dirty-trans-cam.jpg"},{"@type":"BreadcrumbList","@id":"https:\/\/www.pornoseiten.de.com\/transen-deutschland\/#breadcrumb","itemListElement":[{"@type":"ListItem","position":1,"name":"Startseite","item":"https:\/\/www.pornoseiten.de.com\/transen-deutschland\/"},{"@type":"ListItem","position":2,"name":"Deutsche Transen Angebote"}]},{"@type":"WebSite","@id":"https:\/\/www.pornoseiten.de.com\/transen-deutschland\/#website","url":"https:\/\/www.pornoseiten.de.com\/transen-deutschland\/","name":"\u1405 Transen aus Deutschland \u2261 Beste Transensex Seiten","description":"Deutsche Shemales \/ Ladyboys \/ Transfrauen","potentialAction":[{"@type":"SearchAction","target":{"@type":"EntryPoint","urlTemplate":"https:\/\/www.pornoseiten.de.com\/transen-deutschland\/?s={search_term_string}"},"query-input":{"@type":"PropertyValueSpecification","valueRequired":true,"valueName":"search_term_string"}}],"inLanguage":"de"}]}},"_links":{"self":[{"href":"https:\/\/www.pornoseiten.de.com\/transen-deutschland\/wp-json\/wp\/v2\/pages\/6","targetHints":{"allow":["GET"]}}],"collection":[{"href":"https:\/\/www.pornoseiten.de.com\/transen-deutschland\/wp-json\/wp\/v2\/pages"}],"about":[{"href":"https:\/\/www.pornoseiten.de.com\/transen-deutschland\/wp-json\/wp\/v2\/types\/page"}],"author":[{"embeddable":true,"href":"https:\/\/www.pornoseiten.de.com\/transen-deutschland\/wp-json\/wp\/v2\/users\/1"}],"replies":[{"embeddable":true,"href":"https:\/\/www.pornoseiten.de.com\/transen-deutschland\/wp-json\/wp\/v2\/comments?post=6"}],"version-history":[{"count":7,"href":"https:\/\/www.pornoseiten.de.com\/transen-deutschland\/wp-json\/wp\/v2\/pages\/6\/revisions"}],"predecessor-version":[{"id":34,"href":"https:\/\/www.pornoseiten.de.com\/transen-deutschland\/wp-json\/wp\/v2\/pages\/6\/revisions\/34"}],"wp:attachment":[{"href":"https:\/\/www.pornoseiten.de.com\/transen-deutschland\/wp-json\/wp\/v2\/media?parent=6"}],"curies":[{"name":"wp","href":"https:\/\/api.w.org\/{rel}","templated":true}]}}