{"id":6,"date":"2022-09-12T14:40:21","date_gmt":"2022-09-12T12:40:21","guid":{"rendered":"https:\/\/www.pornoseiten.de.com\/wichsanleitung\/?page_id=6"},"modified":"2024-09-12T16:48:50","modified_gmt":"2024-09-12T14:48:50","slug":"wichsanleitung-startseite","status":"publish","type":"page","link":"https:\/\/www.pornoseiten.de.com\/wichsanleitung\/","title":{"rendered":"Angebote zu Wichsanleitung"},"content":{"rendered":"<h2>Beste Wichsanleitung Tipps f\u00fcr deine private Wichsanweisung<\/h2>\n<p>Du brauchst eine Wichsanleitung von einer dominanten Frau und willst auf sexy Nylon Strumpfhosen wichsen oder eine Wichsanweisung nach deinen Vorstellungen? W\u00e4hle aus diesen Top Seiten.<\/p>\n<hr>\n<p><!-- Tipps --><\/p>\n<div id=\"empfehlungen\">\n<h3>Du brauchst eine Wichanleitung!<\/h3>\n<p><a href=\"https:\/\/www.wichsanleitung.click\/\"><img loading=\"lazy\" decoding=\"async\" class=\"alignleft\" src=\"\/screenshots\/wichsanleitung-click.jpg\" alt=\"https:\/\/www.wichsanleitung.click\/\" width=\"230\" height=\"140\" class=\"alignleft size-full\" \/><\/a><\/p>\n<p class=\"desc\"><span class=\"url\">https:\/\/www.wichsanleitung.click\/<\/span> <br \/> Du bekommst eine aufregende Cam2Cam Wichsanleitung von einer dominanten Frau im Camchat! Lass dich von ihr fesseln, befehlen und genie\u00dfe eine unvergessliche Erfahrung! Wage es, dich ihr hinzugeben.<\/p>\n<h3>Dominas im Cam Chat<\/h3>\n<p><a href=\"https:\/\/www.domina-cam.net\/\"><img loading=\"lazy\" decoding=\"async\" class=\"alignleft\" src=\"\/screenshots\/domina-cam-net.jpg\" alt=\"https:\/\/www.domina-cam.net\/\" width=\"230\" height=\"140\" class=\"alignleft size-full\" \/><\/a><\/p>\n<p class=\"desc\"><span class=\"url\">https:\/\/www.domina-cam.net\/<\/span> <br \/> Richtig wichsen via private Wichsanweisung! \u00dcberlasse es einer erfahrenen Herrin wie Annika Rose oder sexy Venush\u00fcgel, dich beim Wichsen anzuleiten. Hier chattest du 1:1 per Messenger oder Cam to Cam!<\/p>\n<h3>Cam2Cam Wichsanleitung<\/h3>\n<p><a href=\"https:\/\/www.bdsm-cams.net\/\"><img loading=\"lazy\" decoding=\"async\" class=\"alignleft\" src=\"\/screenshots\/bdsm-cams-net.jpg\" alt=\"https:\/\/www.bdsm-cams.net\/\" width=\"230\" height=\"140\" class=\"alignleft size-full\" \/><\/a><\/p>\n<p class=\"desc\"><span class=\"url\">https:\/\/www.bdsm-cams.net\/<\/span> <br \/> Lass dir von dominanten Frauen privat im Cam2Cam Livecam Chat eine Wichsanleitung geben, die du nie vergessen wirst! Deutschsprachige BDSM Cams mit Gratis-Mitgliedschaft und anonymem Telefonzugang!<\/p>\n<h3>Nylon Sex Chat<\/h3>\n<p><a href=\"https:\/\/www.nylonsex-chat.com\/\"><img loading=\"lazy\" decoding=\"async\" class=\"alignleft\" src=\"\/screenshots\/nylonsex-chat-com.jpg\" alt=\"https:\/\/www.nylonsex-chat.com\/\" width=\"230\" height=\"140\" class=\"alignleft size-full\" \/><\/a><\/p>\n<p class=\"desc\"><span class=\"url\">https:\/\/www.nylonsex-chat.com\/<\/span> <br \/> Als Fu\u00dfsklave oder auch Nylon Fetischist kannst du hier mit dominanten Frauen wie Cruel Alice, Strumpfhosenfee oder Lady Midnight chatten und Rollenspiele sowie Wichsanleitungen live erleben.<\/p>\n<p><!-- Tipps Ende -->\n<\/div>\n<hr>\n<h2>Von Wichsanleitungen zu Wichsverbot und ruiniertem Orgasmus<\/h2>\n<p>Hier stellen wir dir die besten deutschsprachigen Pornoseiten und Sexseiten vor, die dir bei der Befriedigung deiner sexuellen W\u00fcnsche von Nutzen sein werden. Dich erwarten echte deutschsprachige Dominas, die dir live im Camchat eine Wichsanleitung verpassen, die dich live erziehen und zum Sklaven ausbilden. Vom Wichsverbot bis hin zum ruinierten Orgasmus ist alles m\u00f6glich. Dich erwarten aber auch Frauen in sexy Nylon Dessous und Unterw\u00e4sche, auf die du geil abspritzen kannst. Du wirst dich auch mit Frauen zu Treffen verabreden k\u00f6nnen, deren Wichsanweisung du bisher lediglich online befolgt hast.<\/p>\n<p><img loading=\"lazy\" decoding=\"async\" src=\"https:\/\/www.pornoseiten.de.com\/images\/annika-rose-wichsanweisung.jpg\" width=\"769\" height=\"577\" alt=\"Wichsanleitung von Annika Rose\" \/><\/p>\n<h2>Was bedeutet Wichsanweisung, Wichskontrolle oder gar Wichsverbot?<\/h2>\n<ul>\n<li>Lass deine sexuelle Selbstbestimmung von einer Domina steuern<\/li>\n<li>Genaue Vorgaben zum Wichsen von einer dominanten Frau entgegennehmen<\/li>\n<li>Sexuelle Handlungen und Unterlassungen durch Femdom kontrollieren lassen<\/li>\n<li>H\u00e4ufigkeit und Art und Weise der Onanie bestimmst nicht mehr du selbst<\/li>\n<li>Anleitung zum Onanieren akzeptieren und befolgen<\/li>\n<li>Verzichte auf deine Lust um deiner Herrin gerecht zu werden<\/li>\n<li>Rollenspiele bis hin zu Wichsverbot und Keuschheit<\/li>\n<\/ul>\n<h3>Sexuelle Disziplinierung von Sklaven live und real<\/h3>\n<p>Wir stellen dir hier im redaktionellen Pornoseiten Verzeichnis die besten Webseiten zum Thema sexuelle Disziplinierung vor. Dabei kommst du in den Genuss einer pers\u00f6nlichen Wichsanleitung durch eine erfahrene Gespielin, einer dominanten Frau oder Femdom. Als Sklave bekommst du von deiner Domina genaue Anweisungen, wie du es dir besorgen darfst. Lass dich sexuell f\u00fchren, dominieren und erziehen, Sklave!<\/p>\n","protected":false},"excerpt":{"rendered":"<p>Beste Wichsanleitung Tipps f\u00fcr deine private Wichsanweisung Du brauchst eine Wichsanleitung von einer dominanten Frau und willst auf sexy Nylon Strumpfhosen wichsen oder eine Wichsanweisung nach deinen Vorstellungen? W\u00e4hle aus&hellip;<a href=\"https:\/\/www.pornoseiten.de.com\/wichsanleitung\/\" class=\"more-link\"><span class=\"more-button\">Continue reading<span class=\"screen-reader-text\">Angebote zu Wichsanleitung<\/span><\/span><\/a><\/p>\n","protected":false},"author":1,"featured_media":0,"parent":0,"menu_order":0,"comment_status":"closed","ping_status":"closed","template":"","meta":{"footnotes":""},"class_list":["post-6","page","type-page","status-publish","hentry"],"yoast_head":"<!-- This site is optimized with the Yoast SEO plugin v27.5 - https:\/\/yoast.com\/product\/yoast-seo-wordpress\/ -->\n<title>\u1405 Beste Wichsanleitung \u2261 Wichsanweisung live in Camchat<\/title>\n<meta name=\"description\" content=\"5\/5 \u2b50 Hey Sklave, Cuckold, Sissy - Devotling \u272a Hier bekommst du deine pers\u00f6nliche Wichsanleitung ll\u27a4 Sieh dir exklusive Top Seiten an.\" \/>\n<meta name=\"robots\" content=\"index, follow, max-snippet:-1, max-image-preview:large, max-video-preview:-1\" \/>\n<link rel=\"canonical\" href=\"https:\/\/www.pornoseiten.de.com\/wichsanleitung\/\" \/>\n<meta property=\"og:locale\" content=\"de_DE\" \/>\n<meta property=\"og:type\" content=\"article\" \/>\n<meta property=\"og:title\" content=\"\u1405 Beste Wichsanleitung \u2261 Wichsanweisung live in Camchat\" \/>\n<meta property=\"og:description\" content=\"5\/5 \u2b50 Hey Sklave, Cuckold, Sissy - Devotling \u272a Hier bekommst du deine pers\u00f6nliche Wichsanleitung ll\u27a4 Sieh dir exklusive Top Seiten an.\" \/>\n<meta property=\"og:url\" content=\"https:\/\/www.pornoseiten.de.com\/wichsanleitung\/\" \/>\n<meta property=\"og:site_name\" content=\"\u1405 Beste Wichsanleitung \u2261 Wichsanweisung live in Camchat\" \/>\n<meta property=\"article:modified_time\" content=\"2024-09-12T14:48:50+00:00\" \/>\n<meta property=\"og:image\" content=\"https:\/\/www.pornoseiten.de.com\/images\/annika-rose-wichsanweisung.jpg\" \/>\n<meta name=\"twitter:card\" content=\"summary_large_image\" \/>\n<meta name=\"twitter:label1\" content=\"Gesch\u00e4tzte Lesezeit\" \/>\n\t<meta name=\"twitter:data1\" content=\"3\u00a0Minuten\" \/>\n<script type=\"application\/ld+json\" class=\"yoast-schema-graph\">{\"@context\":\"https:\\\/\\\/schema.org\",\"@graph\":[{\"@type\":\"WebPage\",\"@id\":\"https:\\\/\\\/www.pornoseiten.de.com\\\/wichsanleitung\\\/\",\"url\":\"https:\\\/\\\/www.pornoseiten.de.com\\\/wichsanleitung\\\/\",\"name\":\"\u1405 Beste Wichsanleitung \u2261 Wichsanweisung live in Camchat\",\"isPartOf\":{\"@id\":\"https:\\\/\\\/www.pornoseiten.de.com\\\/wichsanleitung\\\/#website\"},\"primaryImageOfPage\":{\"@id\":\"https:\\\/\\\/www.pornoseiten.de.com\\\/wichsanleitung\\\/#primaryimage\"},\"image\":{\"@id\":\"https:\\\/\\\/www.pornoseiten.de.com\\\/wichsanleitung\\\/#primaryimage\"},\"thumbnailUrl\":\"https:\\\/\\\/www.pornoseiten.de.com\\\/images\\\/annika-rose-wichsanweisung.jpg\",\"datePublished\":\"2022-09-12T12:40:21+00:00\",\"dateModified\":\"2024-09-12T14:48:50+00:00\",\"description\":\"5\\\/5 \u2b50 Hey Sklave, Cuckold, Sissy - Devotling \u272a Hier bekommst du deine pers\u00f6nliche Wichsanleitung ll\u27a4 Sieh dir exklusive Top Seiten an.\",\"breadcrumb\":{\"@id\":\"https:\\\/\\\/www.pornoseiten.de.com\\\/wichsanleitung\\\/#breadcrumb\"},\"inLanguage\":\"de\",\"potentialAction\":[{\"@type\":\"ReadAction\",\"target\":[\"https:\\\/\\\/www.pornoseiten.de.com\\\/wichsanleitung\\\/\"]}]},{\"@type\":\"ImageObject\",\"inLanguage\":\"de\",\"@id\":\"https:\\\/\\\/www.pornoseiten.de.com\\\/wichsanleitung\\\/#primaryimage\",\"url\":\"https:\\\/\\\/www.pornoseiten.de.com\\\/images\\\/annika-rose-wichsanweisung.jpg\",\"contentUrl\":\"https:\\\/\\\/www.pornoseiten.de.com\\\/images\\\/annika-rose-wichsanweisung.jpg\"},{\"@type\":\"BreadcrumbList\",\"@id\":\"https:\\\/\\\/www.pornoseiten.de.com\\\/wichsanleitung\\\/#breadcrumb\",\"itemListElement\":[{\"@type\":\"ListItem\",\"position\":1,\"name\":\"Startseite\",\"item\":\"https:\\\/\\\/www.pornoseiten.de.com\\\/wichsanleitung\\\/\"},{\"@type\":\"ListItem\",\"position\":2,\"name\":\"Angebote zu Wichsanleitung\"}]},{\"@type\":\"WebSite\",\"@id\":\"https:\\\/\\\/www.pornoseiten.de.com\\\/wichsanleitung\\\/#website\",\"url\":\"https:\\\/\\\/www.pornoseiten.de.com\\\/wichsanleitung\\\/\",\"name\":\"\u1405 Beste Wichsanleitung \u2261 Wichsanweisung live in Camchat\",\"description\":\"Dominante Hilfe beim Wichsen n\u00f6tig?\",\"potentialAction\":[{\"@type\":\"SearchAction\",\"target\":{\"@type\":\"EntryPoint\",\"urlTemplate\":\"https:\\\/\\\/www.pornoseiten.de.com\\\/wichsanleitung\\\/?s={search_term_string}\"},\"query-input\":{\"@type\":\"PropertyValueSpecification\",\"valueRequired\":true,\"valueName\":\"search_term_string\"}}],\"inLanguage\":\"de\"}]}<\/script>\n<!-- \/ Yoast SEO plugin. -->","yoast_head_json":{"title":"\u1405 Beste Wichsanleitung \u2261 Wichsanweisung live in Camchat","description":"5\/5 \u2b50 Hey Sklave, Cuckold, Sissy - Devotling \u272a Hier bekommst du deine pers\u00f6nliche Wichsanleitung ll\u27a4 Sieh dir exklusive Top Seiten an.","robots":{"index":"index","follow":"follow","max-snippet":"max-snippet:-1","max-image-preview":"max-image-preview:large","max-video-preview":"max-video-preview:-1"},"canonical":"https:\/\/www.pornoseiten.de.com\/wichsanleitung\/","og_locale":"de_DE","og_type":"article","og_title":"\u1405 Beste Wichsanleitung \u2261 Wichsanweisung live in Camchat","og_description":"5\/5 \u2b50 Hey Sklave, Cuckold, Sissy - Devotling \u272a Hier bekommst du deine pers\u00f6nliche Wichsanleitung ll\u27a4 Sieh dir exklusive Top Seiten an.","og_url":"https:\/\/www.pornoseiten.de.com\/wichsanleitung\/","og_site_name":"\u1405 Beste Wichsanleitung \u2261 Wichsanweisung live in Camchat","article_modified_time":"2024-09-12T14:48:50+00:00","og_image":[{"url":"https:\/\/www.pornoseiten.de.com\/images\/annika-rose-wichsanweisung.jpg","type":"","width":"","height":""}],"twitter_card":"summary_large_image","twitter_misc":{"Gesch\u00e4tzte Lesezeit":"3\u00a0Minuten"},"schema":{"@context":"https:\/\/schema.org","@graph":[{"@type":"WebPage","@id":"https:\/\/www.pornoseiten.de.com\/wichsanleitung\/","url":"https:\/\/www.pornoseiten.de.com\/wichsanleitung\/","name":"\u1405 Beste Wichsanleitung \u2261 Wichsanweisung live in Camchat","isPartOf":{"@id":"https:\/\/www.pornoseiten.de.com\/wichsanleitung\/#website"},"primaryImageOfPage":{"@id":"https:\/\/www.pornoseiten.de.com\/wichsanleitung\/#primaryimage"},"image":{"@id":"https:\/\/www.pornoseiten.de.com\/wichsanleitung\/#primaryimage"},"thumbnailUrl":"https:\/\/www.pornoseiten.de.com\/images\/annika-rose-wichsanweisung.jpg","datePublished":"2022-09-12T12:40:21+00:00","dateModified":"2024-09-12T14:48:50+00:00","description":"5\/5 \u2b50 Hey Sklave, Cuckold, Sissy - Devotling \u272a Hier bekommst du deine pers\u00f6nliche Wichsanleitung ll\u27a4 Sieh dir exklusive Top Seiten an.","breadcrumb":{"@id":"https:\/\/www.pornoseiten.de.com\/wichsanleitung\/#breadcrumb"},"inLanguage":"de","potentialAction":[{"@type":"ReadAction","target":["https:\/\/www.pornoseiten.de.com\/wichsanleitung\/"]}]},{"@type":"ImageObject","inLanguage":"de","@id":"https:\/\/www.pornoseiten.de.com\/wichsanleitung\/#primaryimage","url":"https:\/\/www.pornoseiten.de.com\/images\/annika-rose-wichsanweisung.jpg","contentUrl":"https:\/\/www.pornoseiten.de.com\/images\/annika-rose-wichsanweisung.jpg"},{"@type":"BreadcrumbList","@id":"https:\/\/www.pornoseiten.de.com\/wichsanleitung\/#breadcrumb","itemListElement":[{"@type":"ListItem","position":1,"name":"Startseite","item":"https:\/\/www.pornoseiten.de.com\/wichsanleitung\/"},{"@type":"ListItem","position":2,"name":"Angebote zu Wichsanleitung"}]},{"@type":"WebSite","@id":"https:\/\/www.pornoseiten.de.com\/wichsanleitung\/#website","url":"https:\/\/www.pornoseiten.de.com\/wichsanleitung\/","name":"\u1405 Beste Wichsanleitung \u2261 Wichsanweisung live in Camchat","description":"Dominante Hilfe beim Wichsen n\u00f6tig?","potentialAction":[{"@type":"SearchAction","target":{"@type":"EntryPoint","urlTemplate":"https:\/\/www.pornoseiten.de.com\/wichsanleitung\/?s={search_term_string}"},"query-input":{"@type":"PropertyValueSpecification","valueRequired":true,"valueName":"search_term_string"}}],"inLanguage":"de"}]}},"_links":{"self":[{"href":"https:\/\/www.pornoseiten.de.com\/wichsanleitung\/wp-json\/wp\/v2\/pages\/6","targetHints":{"allow":["GET"]}}],"collection":[{"href":"https:\/\/www.pornoseiten.de.com\/wichsanleitung\/wp-json\/wp\/v2\/pages"}],"about":[{"href":"https:\/\/www.pornoseiten.de.com\/wichsanleitung\/wp-json\/wp\/v2\/types\/page"}],"author":[{"embeddable":true,"href":"https:\/\/www.pornoseiten.de.com\/wichsanleitung\/wp-json\/wp\/v2\/users\/1"}],"replies":[{"embeddable":true,"href":"https:\/\/www.pornoseiten.de.com\/wichsanleitung\/wp-json\/wp\/v2\/comments?post=6"}],"version-history":[{"count":6,"href":"https:\/\/www.pornoseiten.de.com\/wichsanleitung\/wp-json\/wp\/v2\/pages\/6\/revisions"}],"predecessor-version":[{"id":34,"href":"https:\/\/www.pornoseiten.de.com\/wichsanleitung\/wp-json\/wp\/v2\/pages\/6\/revisions\/34"}],"wp:attachment":[{"href":"https:\/\/www.pornoseiten.de.com\/wichsanleitung\/wp-json\/wp\/v2\/media?parent=6"}],"curies":[{"name":"wp","href":"https:\/\/api.w.org\/{rel}","templated":true}]}}